{"id":1302,"date":"2024-04-25T08:16:36","date_gmt":"2024-04-25T08:16:36","guid":{"rendered":"https:\/\/nanomicronspheres.com\/?post_type=product&#038;p=1302"},"modified":"2025-04-22T02:30:12","modified_gmt":"2025-04-22T02:30:12","slug":"polystyrene-microspheres","status":"publish","type":"product","link":"https:\/\/nanomicronspheres.com\/es\/products\/polystyrene-microspheres\/","title":{"rendered":"Microesferas de poliestireno"},"content":{"rendered":"<p>I. Descripci\u00f3n<br \/>\nLa medici\u00f3n de escala de microesferas de poliestireno no solo es precisa y exacta, sino que todo el proceso de medici\u00f3n se adhiere estrictamente a los m\u00e9todos de medici\u00f3n proporcionados por el Instituto Nacional de Est\u00e1ndares y Tecnolog\u00eda (NIST). Los resultados finales de la medici\u00f3n del tama\u00f1o de part\u00edculas se pueden rastrear hasta la regla est\u00e1ndar NIST. Estos productos se utilizan ampliamente en el desarrollo de instrumentos y equipos de precisi\u00f3n, como materiales de referencia para la medici\u00f3n del tama\u00f1o de part\u00edculas y el control de calidad de la producci\u00f3n.<\/p>\n<p>II. Datos f\u00edsicos<br \/>\n1. Material: bola de poliestireno<br \/>\n2. Grupo funcional: Ninguno<br \/>\n3. Densidad: 1,05 g\/cm3<br \/>\n4. \u00cdndice de refracci\u00f3n: 1,59 a 589 nm, 25 \u2103<br \/>\n5. Aspecto: blanco lechoso<\/p>\n<p>III. Par\u00e1metros de microesferas<br \/>\n1. Contenido de s\u00f3lidos: 10% (la soluci\u00f3n de 1 ml contiene part\u00edculas de microesferas de 100 mg)<br \/>\n2. Tama\u00f1o medio de part\u00edcula: 500 nm<br \/>\n3. Uniformidad: CV&lt; 3%<br \/>\n4. Medio de dispersi\u00f3n: agua desionizada y trazas de tensioactivo<\/p>\n<p>IV. Almacenamiento de microesferas<br \/>\nCondiciones de almacenamiento: 2 ~ 8 \u2103, mantenga la tapa de la botella bien cerrada para evitar la congelaci\u00f3n.<\/p>\n<table style=\"border-collapse: collapse; width: 535.52pt;\" border=\"0\" width=\"1428\" cellspacing=\"0\" cellpadding=\"0\">\n<tbody>\n<tr style=\"height: 15.75pt;\">\n<td class=\"et3\" style=\"height: 15.75pt; width: 181.80pt;\" width=\"484\" height=\"42\">N\u00famero de producto<\/td>\n<td class=\"et5\" style=\"width: 230.30pt;\" width=\"614\">nombre del producto<\/td>\n<td class=\"et5\" style=\"width: 123.55pt;\" width=\"329\">Tama\u00f1o de part\u00edcula<\/td>\n<\/tr>\n<tr style=\"height: 14.40pt;\">\n<td class=\"et4\" style=\"height: 14.40pt;\" height=\"38\">PS20-10<\/td>\n<td class=\"et6\">Microesferas de poliestireno<\/td>\n<td class=\"et4\">20nm<\/td>\n<\/tr>\n<tr style=\"height: 13.50pt;\">\n<td class=\"et4\" style=\"height: 13.50pt;\" height=\"36\">PS30-10<\/td>\n<td class=\"et6\">Microesferas de poliestireno<\/td>\n<td class=\"et4\">30nm<\/td>\n<\/tr>\n<tr style=\"height: 13.50pt;\">\n<td class=\"et4\" style=\"height: 13.50pt;\" height=\"36\">PS40-10<\/td>\n<td class=\"et6\">Microesferas de poliestireno<\/td>\n<td class=\"et4\">40nm<\/td>\n<\/tr>\n<tr style=\"height: 14.40pt;\">\n<td class=\"et4\" style=\"height: 14.40pt;\" height=\"38\">PS50-10<\/td>\n<td class=\"et6\">Microesferas de poliestireno<\/td>\n<td class=\"et4\">50nm<\/td>\n<\/tr>\n<tr style=\"height: 13.50pt;\">\n<td class=\"et4\" style=\"height: 13.50pt;\" height=\"36\">PS60-50<\/td>\n<td class=\"et6\">Microesferas de poliestireno<\/td>\n<td class=\"et4\">60nm<\/td>\n<\/tr>\n<tr style=\"height: 13.50pt;\">\n<td class=\"et4\" style=\"height: 13.50pt;\" height=\"36\">PS70-10<\/td>\n<td class=\"et6\">Microesferas de poliestireno<\/td>\n<td class=\"et4\">70nm<\/td>\n<\/tr>\n<tr style=\"height: 14.40pt;\">\n<td class=\"et4\" style=\"height: 14.40pt;\" height=\"38\">PS85-10<\/td>\n<td class=\"et6\">Microesferas de poliestireno<\/td>\n<td class=\"et4\">85nm<\/td>\n<\/tr>\n<tr style=\"height: 13.50pt;\">\n<td class=\"et4\" style=\"height: 13.50pt;\" height=\"36\">PS95-10<\/td>\n<td class=\"et6\">Microesferas de poliestireno<\/td>\n<td class=\"et4\">95nm<\/td>\n<\/tr>\n<tr style=\"height: 13.50pt;\">\n<td class=\"et4\" style=\"height: 13.50pt;\" height=\"36\">PS100-10<\/td>\n<td class=\"et6\">Microesferas de poliestireno<\/td>\n<td class=\"et4\">100nm<\/td>\n<\/tr>\n<tr style=\"height: 14.40pt;\">\n<td class=\"et4\" style=\"height: 14.40pt;\" height=\"38\">PS110-10<\/td>\n<td class=\"et6\">Microesferas de poliestireno<\/td>\n<td class=\"et4\">110nm<\/td>\n<\/tr>\n<tr style=\"height: 13.50pt;\">\n<td class=\"et4\" style=\"height: 13.50pt;\" height=\"36\">PS120-10<\/td>\n<td class=\"et6\">Microesferas de poliestireno<\/td>\n<td class=\"et4\">120nm<\/td>\n<\/tr>\n<tr style=\"height: 13.50pt;\">\n<td class=\"et4\" style=\"height: 13.50pt;\" height=\"36\">PS160-10<\/td>\n<td class=\"et6\">Microesferas de poliestireno<\/td>\n<td class=\"et4\">160nm<\/td>\n<\/tr>\n<tr style=\"height: 14.40pt;\">\n<td class=\"et4\" style=\"height: 14.40pt;\" height=\"38\">PS120-10<\/td>\n<td class=\"et6\">Microesferas de poliestireno<\/td>\n<td class=\"et4\">190nm<\/td>\n<\/tr>\n<tr style=\"height: 13.50pt;\">\n<td class=\"et4\" style=\"height: 13.50pt;\" height=\"36\">PS200-10<\/td>\n<td class=\"et6\">Microesferas de poliestireno<\/td>\n<td class=\"et4\">200nm<\/td>\n<\/tr>\n<tr style=\"height: 13.50pt;\">\n<td class=\"et4\" style=\"height: 13.50pt;\" height=\"36\">PS220-10<\/td>\n<td class=\"et6\">Microesferas de poliestireno<\/td>\n<td class=\"et4\">220nm<\/td>\n<\/tr>\n<tr style=\"height: 14.40pt;\">\n<td class=\"et4\" style=\"height: 14.40pt;\" height=\"38\">PS250-10<\/td>\n<td class=\"et6\">Microesferas de poliestireno<\/td>\n<td class=\"et4\">250nm<\/td>\n<\/tr>\n<tr style=\"height: 13.50pt;\">\n<td class=\"et4\" style=\"height: 13.50pt;\" height=\"36\">PS300-10<\/td>\n<td class=\"et6\">Microesferas de poliestireno<\/td>\n<td class=\"et4\">300nm<\/td>\n<\/tr>\n<tr style=\"height: 13.50pt;\">\n<td class=\"et4\" style=\"height: 13.50pt;\" height=\"36\">PS320-10<\/td>\n<td class=\"et6\">Microesferas de poliestireno<\/td>\n<td class=\"et4\">320nm<\/td>\n<\/tr>\n<tr style=\"height: 14.40pt;\">\n<td class=\"et4\" style=\"height: 14.40pt;\" height=\"38\">PS400-10<\/td>\n<td class=\"et6\">Microesferas de poliestireno<\/td>\n<td class=\"et4\">400nm<\/td>\n<\/tr>\n<tr style=\"height: 13.50pt;\">\n<td class=\"et4\" style=\"height: 13.50pt;\" height=\"36\">PS500-10<\/td>\n<td class=\"et6\">Microesferas de poliestireno<\/td>\n<td class=\"et4\">500nm<\/td>\n<\/tr>\n<tr style=\"height: 13.50pt;\">\n<td class=\"et4\" style=\"height: 13.50pt;\" height=\"36\">PS600-10<\/td>\n<td class=\"et6\">Microesferas de poliestireno<\/td>\n<td class=\"et4\">600nm<\/td>\n<\/tr>\n<tr style=\"height: 14.40pt;\">\n<td class=\"et4\" style=\"height: 14.40pt;\" height=\"38\"><\/td>\n<td class=\"et6\"><\/td>\n<td class=\"et4\"><\/td>\n<\/tr>\n<tr style=\"height: 13.50pt;\">\n<td class=\"et4\" style=\"height: 13.50pt;\" height=\"36\">PS1UM-10<\/td>\n<td class=\"et6\">Microesferas de poliestireno<\/td>\n<td class=\"et4\">1 \u03bcm<\/td>\n<\/tr>\n<tr style=\"height: 13.50pt;\">\n<td class=\"et4\" style=\"height: 13.50pt;\" height=\"36\">PS2UM-10<\/td>\n<td class=\"et6\">Microesferas de poliestireno<\/td>\n<td class=\"et4\">2 \u03bcm<\/td>\n<\/tr>\n<tr style=\"height: 14.40pt;\">\n<td class=\"et4\" style=\"height: 14.40pt;\" height=\"38\">PS3UM-10<\/td>\n<td class=\"et6\">Microesferas de poliestireno<\/td>\n<td class=\"et4\">3 \u03bcm<\/td>\n<\/tr>\n<tr style=\"height: 13.50pt;\">\n<td class=\"et4\" style=\"height: 13.50pt;\" height=\"36\">PS5UM-10<\/td>\n<td class=\"et6\">Microesferas de poliestireno<\/td>\n<td class=\"et4\">5 \u03bcm<\/td>\n<\/tr>\n<tr style=\"height: 13.50pt;\">\n<td class=\"et4\" style=\"height: 13.50pt;\" height=\"36\">PS7UM-10<\/td>\n<td class=\"et6\">Microesferas de poliestireno<\/td>\n<td class=\"et4\">7 \u03bcm<\/td>\n<\/tr>\n<tr style=\"height: 14.40pt;\">\n<td class=\"et4\" style=\"height: 14.40pt;\" height=\"38\">PS8UM-10<\/td>\n<td class=\"et6\">Microesferas de poliestireno<\/td>\n<td class=\"et4\">8\u03bcm<\/td>\n<\/tr>\n<tr style=\"height: 13.50pt;\">\n<td class=\"et4\" style=\"height: 13.50pt;\" height=\"36\">PS10UM-10<\/td>\n<td class=\"et6\">Microesferas de poliestireno<\/td>\n<td class=\"et4\">10 \u03bcm<\/td>\n<\/tr>\n<tr style=\"height: 13.50pt;\">\n<td class=\"et4\" style=\"height: 13.50pt;\" height=\"36\">PS15UM-10<\/td>\n<td class=\"et6\">Microesferas de poliestireno<\/td>\n<td class=\"et4\">15\u03bcm<\/td>\n<\/tr>\n<tr style=\"height: 13.50pt;\">\n<td class=\"et4\" style=\"height: 13.50pt;\" height=\"36\">PS20UM-10<\/td>\n<td class=\"et6\">Microesferas de poliestireno<\/td>\n<td class=\"et4\">20\u03bcm<\/td>\n<\/tr>\n<tr style=\"height: 13.50pt;\">\n<td class=\"et4\" style=\"height: 13.50pt;\" height=\"36\">PS25UM-10<\/td>\n<td class=\"et6\">Microesferas de poliestireno<\/td>\n<td class=\"et4\">25 \u03bcm<\/td>\n<\/tr>\n<tr style=\"height: 13.50pt;\">\n<td class=\"et4\" style=\"height: 13.50pt;\" height=\"36\">PS30UM-10<\/td>\n<td class=\"et6\">Microesferas de poliestireno<\/td>\n<td class=\"et4\">30\u03bcm<\/td>\n<\/tr>\n<tr style=\"height: 13.50pt;\">\n<td class=\"et4\" style=\"height: 13.50pt;\" height=\"36\">PS35UM-10<\/td>\n<td class=\"et6\">Microesferas de poliestireno<\/td>\n<td class=\"et4\">35 \u03bcm<\/td>\n<\/tr>\n<tr style=\"height: 13.50pt;\">\n<td class=\"et4\" style=\"height: 13.50pt;\" height=\"36\">PS40UM-10<\/td>\n<td class=\"et6\">Microesferas de poliestireno<\/td>\n<td class=\"et4\">40 \u03bcm<\/td>\n<\/tr>\n<tr style=\"height: 13.50pt;\">\n<td class=\"et4\" style=\"height: 13.50pt;\" height=\"36\">PS45UM-10<\/td>\n<td class=\"et6\">Microesferas de poliestireno<\/td>\n<td class=\"et4\">45 \u03bcm<\/td>\n<\/tr>\n<tr style=\"height: 13.50pt;\">\n<td class=\"et4\" style=\"height: 13.50pt;\" height=\"36\">PS50UM-10<\/td>\n<td class=\"et6\">Microesferas de poliestireno<\/td>\n<td class=\"et4\">50 \u03bcm<\/td>\n<\/tr>\n<tr style=\"height: 13.50pt;\">\n<td class=\"et4\" style=\"height: 13.50pt;\" height=\"36\">PS60UM-10<\/td>\n<td class=\"et6\">Microesferas de poliestireno<\/td>\n<td class=\"et4\">60\u03bcm<\/td>\n<\/tr>\n<tr style=\"height: 13.50pt;\">\n<td class=\"et4\" style=\"height: 13.50pt;\" height=\"36\">PS70UM-10<\/td>\n<td class=\"et6\">Microesferas de poliestireno<\/td>\n<td class=\"et4\">70 \u03bcm<\/td>\n<\/tr>\n<tr style=\"height: 13.50pt;\">\n<td class=\"et4\" style=\"height: 13.50pt;\" height=\"36\">PS80UM-10<\/td>\n<td class=\"et6\">Microesferas de poliestireno<\/td>\n<td class=\"et4\">80 \u03bcm<\/td>\n<\/tr>\n<tr style=\"height: 13.50pt;\">\n<td class=\"et4\" style=\"height: 13.50pt;\" height=\"36\">PS90UM-10<\/td>\n<td class=\"et6\">Microesferas de poliestireno<\/td>\n<td class=\"et4\">90\u03bcm<\/td>\n<\/tr>\n<tr style=\"height: 13.50pt;\">\n<td class=\"et4\" style=\"height: 13.50pt;\" height=\"36\">PS100UM-10<\/td>\n<td class=\"et6\">Microesferas de poliestireno<\/td>\n<td class=\"et4\">100 \u03bcm<\/td>\n<\/tr>\n<tr style=\"height: 13.50pt;\">\n<td class=\"et4\" style=\"height: 13.50pt;\" height=\"36\">PS150UM-10<\/td>\n<td class=\"et6\">Microesferas de poliestireno<\/td>\n<td class=\"et4\">150 \u03bcm<\/td>\n<\/tr>\n<tr style=\"height: 13.50pt;\">\n<td class=\"et4\" style=\"height: 13.50pt;\" height=\"36\">PS200UM-10<\/td>\n<td class=\"et6\">Microesferas de poliestireno<\/td>\n<td class=\"et4\">200 \u03bcm<\/td>\n<\/tr>\n<\/tbody>\n<\/table>","protected":false},"excerpt":{"rendered":"<p>La medici\u00f3n de escala de microesferas de poliestireno no solo es precisa y exacta, sino que todo el proceso de medici\u00f3n se adhiere estrictamente a los m\u00e9todos de medici\u00f3n proporcionados por el Instituto Nacional de Est\u00e1ndares y Tecnolog\u00eda (NIST). Los resultados finales de la medici\u00f3n del tama\u00f1o de part\u00edculas se pueden rastrear hasta la regla est\u00e1ndar NIST. Estos productos se utilizan ampliamente en el desarrollo de instrumentos y equipos de precisi\u00f3n, como materiales de referencia para la medici\u00f3n del tama\u00f1o de part\u00edculas y el control de calidad de la producci\u00f3n.<\/p>","protected":false},"featured_media":1707,"template":"","meta":{"nf_dc_page":"","site-sidebar-layout":"default","site-content-layout":"","ast-site-content-layout":"default","site-content-style":"default","site-sidebar-style":"default","ast-global-header-display":"","ast-banner-title-visibility":"","ast-main-header-display":"","ast-hfb-above-header-display":"","ast-hfb-below-header-display":"","ast-hfb-mobile-header-display":"","site-post-title":"","ast-breadcrumbs-content":"","ast-featured-img":"","footer-sml-layout":"","ast-disable-related-posts":"","theme-transparent-header-meta":"default","adv-header-id-meta":"","stick-header-meta":"","header-above-stick-meta":"","header-main-stick-meta":"","header-below-stick-meta":"","astra-migrate-meta-layouts":"set","ast-page-background-enabled":"default","ast-page-background-meta":{"desktop":{"background-color":"","background-image":"","background-repeat":"repeat","background-position":"center center","background-size":"auto","background-attachment":"scroll","background-type":"","background-media":"","overlay-type":"","overlay-color":"","overlay-opacity":"","overlay-gradient":""},"tablet":{"background-color":"","background-image":"","background-repeat":"repeat","background-position":"center center","background-size":"auto","background-attachment":"scroll","background-type":"","background-media":"","overlay-type":"","overlay-color":"","overlay-opacity":"","overlay-gradient":""},"mobile":{"background-color":"","background-image":"","background-repeat":"repeat","background-position":"center center","background-size":"auto","background-attachment":"scroll","background-type":"","background-media":"","overlay-type":"","overlay-color":"","overlay-opacity":"","overlay-gradient":""}},"ast-content-background-meta":{"desktop":{"background-color":"var(--ast-global-color-5)","background-image":"","background-repeat":"repeat","background-position":"center center","background-size":"auto","background-attachment":"scroll","background-type":"","background-media":"","overlay-type":"","overlay-color":"","overlay-opacity":"","overlay-gradient":""},"tablet":{"background-color":"var(--ast-global-color-5)","background-image":"","background-repeat":"repeat","background-position":"center center","background-size":"auto","background-attachment":"scroll","background-type":"","background-media":"","overlay-type":"","overlay-color":"","overlay-opacity":"","overlay-gradient":""},"mobile":{"background-color":"var(--ast-global-color-5)","background-image":"","background-repeat":"repeat","background-position":"center center","background-size":"auto","background-attachment":"scroll","background-type":"","background-media":"","overlay-type":"","overlay-color":"","overlay-opacity":"","overlay-gradient":""}}},"product_brand":[],"product_cat":[35,38],"product_tag":[],"class_list":{"0":"post-1302","1":"product","2":"type-product","3":"status-publish","4":"has-post-thumbnail","6":"product_cat-hot-sale-products","7":"product_cat-polystyrene-microspheres","8":"desktop-align-left","9":"tablet-align-left","10":"mobile-align-left","12":"first","13":"instock","14":"shipping-taxable","15":"product-type-simple"},"_links":{"self":[{"href":"https:\/\/nanomicronspheres.com\/es\/wp-json\/wp\/v2\/product\/1302","targetHints":{"allow":["GET"]}}],"collection":[{"href":"https:\/\/nanomicronspheres.com\/es\/wp-json\/wp\/v2\/product"}],"about":[{"href":"https:\/\/nanomicronspheres.com\/es\/wp-json\/wp\/v2\/types\/product"}],"wp:featuredmedia":[{"embeddable":true,"href":"https:\/\/nanomicronspheres.com\/es\/wp-json\/wp\/v2\/media\/1707"}],"wp:attachment":[{"href":"https:\/\/nanomicronspheres.com\/es\/wp-json\/wp\/v2\/media?parent=1302"}],"wp:term":[{"taxonomy":"product_brand","embeddable":true,"href":"https:\/\/nanomicronspheres.com\/es\/wp-json\/wp\/v2\/product_brand?post=1302"},{"taxonomy":"product_cat","embeddable":true,"href":"https:\/\/nanomicronspheres.com\/es\/wp-json\/wp\/v2\/product_cat?post=1302"},{"taxonomy":"product_tag","embeddable":true,"href":"https:\/\/nanomicronspheres.com\/es\/wp-json\/wp\/v2\/product_tag?post=1302"}],"curies":[{"name":"wp","href":"https:\/\/api.w.org\/{rel}","templated":true}]}}