{"id":1309,"date":"2024-04-25T08:42:28","date_gmt":"2024-04-25T08:42:28","guid":{"rendered":"https:\/\/nanomicronspheres.com\/?post_type=product&#038;p=1309"},"modified":"2025-03-19T09:41:36","modified_gmt":"2025-03-19T09:41:36","slug":"nickel-magnetic-beads","status":"publish","type":"product","link":"https:\/\/nanomicronspheres.com\/es\/products\/nickel-magnetic-beads\/","title":{"rendered":"Cuentas magn\u00e9ticas de n\u00edquel"},"content":{"rendered":"<h2>1.Nickel Magnetic Beads Overview<\/h2>\n<p>Las perlas magn\u00e9ticas de n\u00edquel SHBC combinan microesferas magn\u00e9ticas tradicionales y medios de cromatograf\u00eda de n\u00edquel. Las perlas magn\u00e9ticas de n\u00edquel son una nueva generaci\u00f3n de perlas magn\u00e9ticas funcionales dise\u00f1adas y desarrolladas para la separaci\u00f3n r\u00e1pida de prote\u00ednas con etiquetas de histidina. Las perlas magn\u00e9ticas est\u00e1n basadas en agarosa, que es el\u00e9ctricamente neutra, hidr\u00f3fila y tiene buena biocompatibilidad, evitando la adsorci\u00f3n no espec\u00edfica de prote\u00ednas por carga o hidrofobicidad.<\/p>\n<p>En comparaci\u00f3n con los medios de cromatograf\u00eda de n\u00edquel tradicionales, las perlas magn\u00e9ticas de n\u00edquel se utilizan para separar y purificar prote\u00ednas con etiquetas de histidina. No es necesario realizar ninguna operaci\u00f3n con la prote\u00edna cruda (los cuerpos de inclusi\u00f3n deben desnaturalizarse) y no se requiere equipo de cromatograf\u00eda en columna. Es f\u00e1cil de operar y tiene un mejor rendimiento de costos.<\/p>\n<h2>2. Caracter\u00edsticas del producto<\/h2>\n<p>\uf06cBaja adsorci\u00f3n no espec\u00edfica<br \/>\n\uf06cBuen efecto de purificaci\u00f3n para muestras de peque\u00f1o volumen.<br \/>\n\uf06cF\u00e1cil de realizar experimentos de detecci\u00f3n y altamente reproducible.<br \/>\n\uf06cF\u00e1cil de aumentar o reducir la escala de purificaci\u00f3n de prote\u00ednas<br \/>\n\uf06cAlta capacidad de carga de prote\u00ednas y alta pureza de prote\u00ednas despu\u00e9s de la purificaci\u00f3n<\/p>\n<h2>3. \u00c1mbito de aplicaci\u00f3n<\/h2>\n<p>\uf06cAislar o purificar prote\u00ednas con etiquetas de histidina<\/p>\n<h2>4.product parameters<\/h2>\n<table>\n<tbody>\n<tr>\n<td width=\"180\">Tama\u00f1o de part\u00edcula<\/td>\n<td width=\"697\">1 um, 3 um, 5 um, 10 um, 20 um, 30 um, 40 um, 50 um<\/td>\n<\/tr>\n<tr>\n<td width=\"180\">Matriz<\/td>\n<td width=\"697\">Perlas magn\u00e9ticas de pol\u00edmero de matriz<\/td>\n<\/tr>\n<tr>\n<td width=\"180\">ligando<\/td>\n<td width=\"697\">IDA-Ni<\/td>\n<\/tr>\n<tr>\n<td width=\"180\">Capacidad de carga<\/td>\n<td width=\"697\">\u226540 mg de prote\u00edna marcada con His\/ml (volumen de sedimentaci\u00f3n de perlas magn\u00e9ticas)<\/td>\n<\/tr>\n<tr>\n<td width=\"180\">Usar temperatura<\/td>\n<td width=\"697\">Temperatura de uso temperatura ambiente<\/td>\n<\/tr>\n<tr>\n<td width=\"180\">Condiciones de almacenaje<\/td>\n<td width=\"697\">2-8\u00b0C, almacenado en etanol 20%<\/td>\n<\/tr>\n<tr>\n<td width=\"180\">Duraci\u00f3n<\/td>\n<td width=\"697\">5 a\u00f1os<\/td>\n<\/tr>\n<\/tbody>\n<\/table>\n<h2>5.How to use (can be adjusted according to actual situation)<\/h2>\n<p>\uf06cLas perlas magn\u00e9ticas se unen a las prote\u00ednas.<\/p>\n<p>Coloque una cantidad adecuada de perlas magn\u00e9ticas en un tubo de centr\u00edfuga, l\u00e1velas tres veces con Binding Buffer y vuelva a dispersarlas con Binding Buffer. Mezclar el l\u00edquido bacteriano roto y lisado con las perlas magn\u00e9ticas y mezclar en una batidora durante 30 minutos.<\/p>\n<p>\uf06cLavar cuentas magn\u00e9ticas<br \/>\nDespu\u00e9s de 30 minutos, coloque el tubo de centr\u00edfuga en un separador magn\u00e9tico para separar las perlas magn\u00e9ticas y retire el sobrenadante para su detecci\u00f3n. Agregue el tamp\u00f3n de lavado a las perlas magn\u00e9ticas, d\u00e9les la vuelta varias veces para resuspender las perlas magn\u00e9ticas, sep\u00e1relos magn\u00e9ticamente y saque el tamp\u00f3n de lavado para su detecci\u00f3n.<br \/>\nAgregue tamp\u00f3n de lavado para resuspender las perlas magn\u00e9ticas y transfiera las perlas magn\u00e9ticas a un nuevo tubo de centr\u00edfuga (para evitar la contaminaci\u00f3n de prote\u00ednas). Separaci\u00f3n magn\u00e9tica, sacar y fusionar el Tamp\u00f3n de Lavado.<\/p>\n<p>\uf06cEluci\u00f3n de prote\u00ednas objetivo<\/p>\n<p>Los usuarios pueden cambiar el volumen de eluci\u00f3n para ajustar la concentraci\u00f3n de la prote\u00edna objetivo seg\u00fan sea necesario. Agregue el tamp\u00f3n de eluci\u00f3n, voltee suavemente el tubo de centr\u00edfuga para suspender las perlas magn\u00e9ticas y recoja el eluido en un nuevo tubo de centr\u00edfuga, que es la prote\u00edna objetivo purificada. Repita varias veces para asegurar la eluci\u00f3n completa de la prote\u00edna objetivo.<\/p>\n<p>\uf06cRegeneraci\u00f3n de perlas magn\u00e9ticas<\/p>\n<p>Despu\u00e9s de usar perlas magn\u00e9ticas tres veces, la capacidad puede reducirse significativamente y se recomienda regenerarlas. Si necesitas regenerar cuentas magn\u00e9ticas, puedes hacer lo siguiente:<\/p>\n<p>a) Dispersar las perlas magn\u00e9ticas en tamp\u00f3n fosfato (20 mM, pH 7,4) que contenga EDTA 0,1 M, agitar a temperatura ambiente durante 10 minutos, desechar el sobrenadante mediante succi\u00f3n magn\u00e9tica y repetir una vez.<\/p>\n<p>b) Lave las perlas magn\u00e9ticas con agua de alta pureza varias veces para asegurarse de que no haya EDTA en la soluci\u00f3n.<\/p>\n<p>c) Lavar las perlas magn\u00e9ticas con soluci\u00f3n de NaOH 0,5 M y NaCl 2 M, agitar a temperatura ambiente durante 5 minutos, absorber magn\u00e9ticamente, desechar el sobrenadante y lavar las perlas magn\u00e9ticas con agua de alta pureza hasta que la soluci\u00f3n de lavado se vuelva neutra.<\/p>\n<p>d) Utilice una soluci\u00f3n de NiSO4 0,1 M para dispersar las perlas magn\u00e9ticas y agite a temperatura ambiente durante 10 minutos. Deseche el sobrenadante mediante succi\u00f3n magn\u00e9tica y lave las perlas magn\u00e9ticas varias veces con agua de alta pureza hasta que no queden iones de Ni en la soluci\u00f3n. Guarde las perlas magn\u00e9ticas en etanol 20%.<\/p>\n<h2>6.Cosas a tener en cuenta<\/h2>\n<p>\uf06cLas cuentas magn\u00e9ticas tienen una alta densidad y se hundir\u00e1n f\u00e1cilmente si se dejan en reposo durante mucho tiempo. Por lo tanto, agite bien antes de usar para obtener una suspensi\u00f3n uniforme de perlas magn\u00e9ticas.<br \/>\nAp\u00e9ndice (Tabla de tolerancia de solventes)<\/p>\n<table>\n<tbody>\n<tr>\n<td width=\"241\">Nombre del solvente<\/td>\n<td width=\"171\">Concentraci\u00f3n tolerable<\/td>\n<td width=\"206\">\u00a0Nombre del solvente<\/td>\n<td width=\"206\">\u00a0Concentraci\u00f3n tolerable<\/td>\n<td width=\"206\">Nombre del solvente<\/td>\n<td width=\"206\">Concentraci\u00f3n tolerable<\/td>\n<\/tr>\n<tr>\n<td width=\"241\">ETD<\/td>\n<td width=\"171\">5mm<\/td>\n<td width=\"206\">Trit\u00f3n X<\/td>\n<td width=\"206\">2%<\/td>\n<td width=\"206\">Tris-HCl pH7,4<\/td>\n<td width=\"206\">100 mm<\/td>\n<\/tr>\n<tr>\n<td width=\"241\">TDT<\/td>\n<td width=\"171\">5mm<\/td>\n<td width=\"206\">entre 20<\/td>\n<td width=\"206\">2 %<\/td>\n<td width=\"206\">imidazol<\/td>\n<td width=\"206\">1 mill\u00f3n<\/td>\n<\/tr>\n<tr>\n<td width=\"241\">TCEP<\/td>\n<td width=\"171\">5mm<\/td>\n<td width=\"206\">NP-40<\/td>\n<td width=\"206\">2 %<\/td>\n<td width=\"206\">Etanol<\/td>\n<td width=\"206\">20 %<\/td>\n<\/tr>\n<tr>\n<td width=\"241\">Urea<\/td>\n<td width=\"171\">8M<\/td>\n<td width=\"206\">CHAPS<\/td>\n<td width=\"206\">1 %<\/td>\n<td width=\"206\">EDTA<\/td>\n<td width=\"206\">1mm<\/td>\n<\/tr>\n<tr>\n<td width=\"241\">Guanidina\u00b7HCl<\/td>\n<td width=\"171\">6M<\/td>\n<td width=\"206\">PB pH 7,4<\/td>\n<td width=\"206\">50mm<\/td>\n<td width=\"206\">Citrato<\/td>\n<td width=\"206\">60mm<\/td>\n<\/tr>\n<\/tbody>\n<\/table>\n<table style=\"border-collapse: collapse; width: 535.52pt;\" border=\"0\" width=\"1428\" cellspacing=\"0\" cellpadding=\"0\">\n<tbody>\n<tr style=\"height: 15.75pt;\">\n<td class=\"et2\" style=\"height: 15.75pt; width: 181.80pt;\" width=\"484\" height=\"42\">N\u00famero de producto<\/td>\n<td class=\"et4\" style=\"width: 230.30pt;\" width=\"614\">nombre del producto<\/td>\n<td class=\"et4\" style=\"width: 123.55pt;\" width=\"329\">Tama\u00f1o de part\u00edcula<\/td>\n<\/tr>\n<tr style=\"height: 13.50pt;\">\n<td class=\"et3\" style=\"height: 13.50pt;\" height=\"36\">MagNi1UM-10<\/td>\n<td class=\"et3\">Cuentas magn\u00e9ticas de n\u00edquel<\/td>\n<td class=\"et3\">1 \u03bcm<\/td>\n<\/tr>\n<tr style=\"height: 13.50pt;\">\n<td class=\"et3\" style=\"height: 13.50pt;\" height=\"36\">MagNi3UM-10<\/td>\n<td class=\"et3\">Cuentas magn\u00e9ticas de n\u00edquel<\/td>\n<td class=\"et3\">3 \u03bcm<\/td>\n<\/tr>\n<tr style=\"height: 13.50pt;\">\n<td class=\"et3\" style=\"height: 13.50pt;\" height=\"36\">MagNi5UM-10<\/td>\n<td class=\"et3\">Cuentas magn\u00e9ticas de n\u00edquel<\/td>\n<td class=\"et3\">5 \u03bcm<\/td>\n<\/tr>\n<tr style=\"height: 13.50pt;\">\n<td class=\"et3\" style=\"height: 13.50pt;\" height=\"36\">MagNi10UM-10<\/td>\n<td class=\"et3\">Cuentas magn\u00e9ticas de n\u00edquel<\/td>\n<td class=\"et3\">10 \u03bcm<\/td>\n<\/tr>\n<tr style=\"height: 13.50pt;\">\n<td class=\"et3\" style=\"height: 13.50pt;\" height=\"36\">MagNi20UM-10<\/td>\n<td class=\"et3\">Cuentas magn\u00e9ticas de n\u00edquel<\/td>\n<td class=\"et3\">20\u03bcm<\/td>\n<\/tr>\n<tr style=\"height: 13.50pt;\">\n<td class=\"et3\" style=\"height: 13.50pt;\" height=\"36\">MagNi30UM-10<\/td>\n<td class=\"et3\">Cuentas magn\u00e9ticas de n\u00edquel<\/td>\n<td class=\"et3\">30\u03bcm<\/td>\n<\/tr>\n<tr style=\"height: 13.50pt;\">\n<td class=\"et3\" style=\"height: 13.50pt;\" height=\"36\">MagNi40UM-10<\/td>\n<td class=\"et3\">Cuentas magn\u00e9ticas de n\u00edquel<\/td>\n<td class=\"et3\">40 \u03bcm<\/td>\n<\/tr>\n<tr style=\"height: 13.50pt;\">\n<td class=\"et3\" style=\"height: 13.50pt;\" height=\"36\">MagNi50UM-10<\/td>\n<td class=\"et3\">Cuentas magn\u00e9ticas de n\u00edquel<\/td>\n<td class=\"et3\">50 \u03bcm<\/td>\n<\/tr>\n<\/tbody>\n<\/table>\n<p>&nbsp;<\/p>","protected":false},"excerpt":{"rendered":"<p>Las perlas magn\u00e9ticas de n\u00edquel SHBC combinan microesferas magn\u00e9ticas tradicionales y medios de cromatograf\u00eda de n\u00edquel. Las perlas magn\u00e9ticas de n\u00edquel son una nueva generaci\u00f3n de perlas magn\u00e9ticas funcionales dise\u00f1adas y desarrolladas para la separaci\u00f3n r\u00e1pida de prote\u00ednas con etiquetas de histidina. Las perlas magn\u00e9ticas est\u00e1n basadas en agarosa, que es el\u00e9ctricamente neutra, hidr\u00f3fila y tiene buena biocompatibilidad, evitando la adsorci\u00f3n no espec\u00edfica de prote\u00ednas por carga o hidrofobicidad.<\/p>","protected":false},"featured_media":1703,"template":"","meta":{"nf_dc_page":"","site-sidebar-layout":"default","site-content-layout":"","ast-site-content-layout":"default","site-content-style":"default","site-sidebar-style":"default","ast-global-header-display":"","ast-banner-title-visibility":"","ast-main-header-display":"","ast-hfb-above-header-display":"","ast-hfb-below-header-display":"","ast-hfb-mobile-header-display":"","site-post-title":"","ast-breadcrumbs-content":"","ast-featured-img":"","footer-sml-layout":"","ast-disable-related-posts":"","theme-transparent-header-meta":"default","adv-header-id-meta":"","stick-header-meta":"","header-above-stick-meta":"","header-main-stick-meta":"","header-below-stick-meta":"","astra-migrate-meta-layouts":"set","ast-page-background-enabled":"default","ast-page-background-meta":{"desktop":{"background-color":"","background-image":"","background-repeat":"repeat","background-position":"center center","background-size":"auto","background-attachment":"scroll","background-type":"","background-media":"","overlay-type":"","overlay-color":"","overlay-opacity":"","overlay-gradient":""},"tablet":{"background-color":"","background-image":"","background-repeat":"repeat","background-position":"center center","background-size":"auto","background-attachment":"scroll","background-type":"","background-media":"","overlay-type":"","overlay-color":"","overlay-opacity":"","overlay-gradient":""},"mobile":{"background-color":"","background-image":"","background-repeat":"repeat","background-position":"center center","background-size":"auto","background-attachment":"scroll","background-type":"","background-media":"","overlay-type":"","overlay-color":"","overlay-opacity":"","overlay-gradient":""}},"ast-content-background-meta":{"desktop":{"background-color":"var(--ast-global-color-5)","background-image":"","background-repeat":"repeat","background-position":"center center","background-size":"auto","background-attachment":"scroll","background-type":"","background-media":"","overlay-type":"","overlay-color":"","overlay-opacity":"","overlay-gradient":""},"tablet":{"background-color":"var(--ast-global-color-5)","background-image":"","background-repeat":"repeat","background-position":"center center","background-size":"auto","background-attachment":"scroll","background-type":"","background-media":"","overlay-type":"","overlay-color":"","overlay-opacity":"","overlay-gradient":""},"mobile":{"background-color":"var(--ast-global-color-5)","background-image":"","background-repeat":"repeat","background-position":"center center","background-size":"auto","background-attachment":"scroll","background-type":"","background-media":"","overlay-type":"","overlay-color":"","overlay-opacity":"","overlay-gradient":""}}},"product_brand":[],"product_cat":[35,23],"product_tag":[],"class_list":{"0":"post-1309","1":"product","2":"type-product","3":"status-publish","4":"has-post-thumbnail","6":"product_cat-hot-sale-products","7":"product_cat-magnetic-microspheres","8":"desktop-align-left","9":"tablet-align-left","10":"mobile-align-left","12":"first","13":"instock","14":"shipping-taxable","15":"product-type-simple"},"_links":{"self":[{"href":"https:\/\/nanomicronspheres.com\/es\/wp-json\/wp\/v2\/product\/1309","targetHints":{"allow":["GET"]}}],"collection":[{"href":"https:\/\/nanomicronspheres.com\/es\/wp-json\/wp\/v2\/product"}],"about":[{"href":"https:\/\/nanomicronspheres.com\/es\/wp-json\/wp\/v2\/types\/product"}],"wp:featuredmedia":[{"embeddable":true,"href":"https:\/\/nanomicronspheres.com\/es\/wp-json\/wp\/v2\/media\/1703"}],"wp:attachment":[{"href":"https:\/\/nanomicronspheres.com\/es\/wp-json\/wp\/v2\/media?parent=1309"}],"wp:term":[{"taxonomy":"product_brand","embeddable":true,"href":"https:\/\/nanomicronspheres.com\/es\/wp-json\/wp\/v2\/product_brand?post=1309"},{"taxonomy":"product_cat","embeddable":true,"href":"https:\/\/nanomicronspheres.com\/es\/wp-json\/wp\/v2\/product_cat?post=1309"},{"taxonomy":"product_tag","embeddable":true,"href":"https:\/\/nanomicronspheres.com\/es\/wp-json\/wp\/v2\/product_tag?post=1309"}],"curies":[{"name":"wp","href":"https:\/\/api.w.org\/{rel}","templated":true}]}}