{"id":1313,"date":"2024-04-25T08:51:07","date_gmt":"2024-04-25T08:51:07","guid":{"rendered":"https:\/\/nanomicronspheres.com\/?post_type=product&#038;p=1313"},"modified":"2025-03-20T09:06:52","modified_gmt":"2025-03-20T09:06:52","slug":"amino-red-fluo-microspheres","status":"publish","type":"product","link":"https:\/\/nanomicronspheres.com\/es\/products\/amino-red-fluo-microspheres\/","title":{"rendered":"Microesferas de amino rojo fluorescente"},"content":{"rendered":"<h2>1.Description of Amino Red Fluo Microspheres<\/h2>\n<p>PRODUCT: Amino Red Fluo Microspheres<br \/>\nN\u00famero de cat\u00e1logo: AFR050-10<br \/>\nLOTE No.:210821<br \/>\nSIZE: 1ml<br \/>\nCONCENTRACI\u00d3N: 0,5% p\/v<br \/>\nAMINO :~130\u03bceq\/g<br \/>\nDI\u00c1METRO MEDIO: 0,05\u03bcm<br \/>\nFLUORESCENCE: Excitation 535nm\/Emission 610nm<br \/>\nTEMPERATURA DE ALMACENAMIENTO: Almacenar a 4 \u2103<br \/>\nPRECAUCI\u00d3N: No congelar.<br \/>\nNOTA: Para lograr una suspensi\u00f3n \u00f3ptima de part\u00edculas, resuspender mediante agitaci\u00f3n vorticial antes de usar.<\/p>\n<figure id=\"attachment_2345\" aria-describedby=\"caption-attachment-2345\" style=\"width: 240px\" class=\"wp-caption aligncenter\"><img fetchpriority=\"high\" decoding=\"async\" class=\"size-full wp-image-2345\" src=\"https:\/\/nanomicronspheres.com\/wp-content\/uploads\/2024\/04\/\u5f69\u8272\u5fae\u7403-1.jpg\" alt=\"Amino Red Fluo Microspheres\" width=\"240\" height=\"240\" srcset=\"https:\/\/nanomicronspheres.com\/wp-content\/uploads\/2024\/04\/\u5f69\u8272\u5fae\u7403-1.jpg 240w, https:\/\/nanomicronspheres.com\/wp-content\/uploads\/2024\/04\/\u5f69\u8272\u5fae\u7403-1-150x150.jpg 150w, https:\/\/nanomicronspheres.com\/wp-content\/uploads\/2024\/04\/\u5f69\u8272\u5fae\u7403-1-12x12.jpg 12w, https:\/\/nanomicronspheres.com\/wp-content\/uploads\/2024\/04\/\u5f69\u8272\u5fae\u7403-1-100x100.jpg 100w\" sizes=\"(max-width: 240px) 100vw, 240px\" \/><figcaption id=\"caption-attachment-2345\" class=\"wp-caption-text\">Microesferas de amino rojo fluorescente<\/figcaption><\/figure>\n<table style=\"border-collapse: collapse; width: 535.52pt;\" border=\"0\" width=\"1428\" cellspacing=\"0\" cellpadding=\"0\">\n<tbody>\n<tr style=\"height: 15.75pt;\">\n<td class=\"et2\" style=\"height: 15.75pt; width: 181.80pt;\" width=\"484\" height=\"42\">N\u00famero de producto<\/td>\n<td class=\"et4\" style=\"width: 230.30pt;\" width=\"614\">nombre del producto<\/td>\n<td class=\"et4\" style=\"width: 123.55pt;\" width=\"329\">Tama\u00f1o de part\u00edcula<\/td>\n<\/tr>\n<tr style=\"height: 15.75pt;\">\n<td class=\"et3\" style=\"height: 15.75pt;\" height=\"42\">AFR050-10<\/td>\n<td class=\"et5\">Microesferas de amino rojo fluorescente<\/td>\n<td class=\"et5\">0,05 \u00b5m<\/td>\n<\/tr>\n<tr style=\"height: 15.75pt;\">\n<td class=\"et3\" style=\"height: 15.75pt;\" height=\"42\">AFR100-10<\/td>\n<td class=\"et5\">Microesferas de amino rojo fluorescente<\/td>\n<td class=\"et5\">0,1 \u00b5m<\/td>\n<\/tr>\n<tr style=\"height: 15.75pt;\">\n<td class=\"et3\" style=\"height: 15.75pt;\" height=\"42\">AFR200-10<\/td>\n<td class=\"et5\">Microesferas de amino rojo fluorescente<\/td>\n<td class=\"et5\">0,2 \u00b5m<\/td>\n<\/tr>\n<tr style=\"height: 15.75pt;\">\n<td class=\"et3\" style=\"height: 15.75pt;\" height=\"42\">AFR300-10<\/td>\n<td class=\"et5\">Microesferas de amino rojo fluorescente<\/td>\n<td class=\"et5\">0,3 \u00b5m<\/td>\n<\/tr>\n<tr style=\"height: 15.75pt;\">\n<td class=\"et3\" style=\"height: 15.75pt;\" height=\"42\">AFR400-10<\/td>\n<td class=\"et5\">Microesferas de amino rojo fluorescente<\/td>\n<td class=\"et5\">0,4 \u00b5m<\/td>\n<\/tr>\n<tr style=\"height: 15.75pt;\">\n<td class=\"et3\" style=\"height: 15.75pt;\" height=\"42\">AFR1UM-10<\/td>\n<td class=\"et5\">Microesferas de amino rojo fluorescente<\/td>\n<td class=\"et5\">1 \u03bcm<\/td>\n<\/tr>\n<tr style=\"height: 15.75pt;\">\n<td class=\"et3\" style=\"height: 15.75pt;\" height=\"42\">AFR3UM-10<\/td>\n<td class=\"et5\">Microesferas de amino rojo fluorescente<\/td>\n<td class=\"et5\">3 \u03bcm<\/td>\n<\/tr>\n<tr style=\"height: 15.75pt;\">\n<td class=\"et3\" style=\"height: 15.75pt;\" height=\"42\">AFR7UM-10<\/td>\n<td class=\"et5\">Microesferas de amino rojo fluorescente<\/td>\n<td class=\"et5\">7 \u03bcm<\/td>\n<\/tr>\n<\/tbody>\n<\/table>","protected":false},"excerpt":{"rendered":"<p>PRODUCT: Amine Red Fluo Microspheres<br \/>\nN\u00famero de cat\u00e1logo: AFR050-10<br \/>\nLOTE No.:210821<br \/>\nTAMA\u00d1O: 1ml<br \/>\nCONCENTRACI\u00d3N: 0,5% p\/v<br \/>\nAMINO :~130\u03bceq\/g<br \/>\nDI\u00c1METRO MEDIO: 0,05\u03bcm<br \/>\nFLUORESCENCIA: Excitaci\u00f3n 535 nm\/Emisi\u00f3n 610 nm<br \/>\nTEMPERATURA DE ALMACENAMIENTO: Almacenar a 4 \u2103<br \/>\nPRECAUCI\u00d3N: No congelar.<br \/>\nNOTA: Para lograr una suspensi\u00f3n \u00f3ptima de part\u00edculas, resuspender mediante agitaci\u00f3n vorticial antes de usar.<\/p>","protected":false},"featured_media":1685,"template":"","meta":{"nf_dc_page":"","site-sidebar-layout":"default","site-content-layout":"","ast-site-content-layout":"default","site-content-style":"default","site-sidebar-style":"default","ast-global-header-display":"","ast-banner-title-visibility":"","ast-main-header-display":"","ast-hfb-above-header-display":"","ast-hfb-below-header-display":"","ast-hfb-mobile-header-display":"","site-post-title":"","ast-breadcrumbs-content":"","ast-featured-img":"","footer-sml-layout":"","ast-disable-related-posts":"","theme-transparent-header-meta":"default","adv-header-id-meta":"","stick-header-meta":"","header-above-stick-meta":"","header-main-stick-meta":"","header-below-stick-meta":"","astra-migrate-meta-layouts":"set","ast-page-background-enabled":"default","ast-page-background-meta":{"desktop":{"background-color":"","background-image":"","background-repeat":"repeat","background-position":"center center","background-size":"auto","background-attachment":"scroll","background-type":"","background-media":"","overlay-type":"","overlay-color":"","overlay-opacity":"","overlay-gradient":""},"tablet":{"background-color":"","background-image":"","background-repeat":"repeat","background-position":"center center","background-size":"auto","background-attachment":"scroll","background-type":"","background-media":"","overlay-type":"","overlay-color":"","overlay-opacity":"","overlay-gradient":""},"mobile":{"background-color":"","background-image":"","background-repeat":"repeat","background-position":"center center","background-size":"auto","background-attachment":"scroll","background-type":"","background-media":"","overlay-type":"","overlay-color":"","overlay-opacity":"","overlay-gradient":""}},"ast-content-background-meta":{"desktop":{"background-color":"var(--ast-global-color-5)","background-image":"","background-repeat":"repeat","background-position":"center center","background-size":"auto","background-attachment":"scroll","background-type":"","background-media":"","overlay-type":"","overlay-color":"","overlay-opacity":"","overlay-gradient":""},"tablet":{"background-color":"var(--ast-global-color-5)","background-image":"","background-repeat":"repeat","background-position":"center center","background-size":"auto","background-attachment":"scroll","background-type":"","background-media":"","overlay-type":"","overlay-color":"","overlay-opacity":"","overlay-gradient":""},"mobile":{"background-color":"var(--ast-global-color-5)","background-image":"","background-repeat":"repeat","background-position":"center center","background-size":"auto","background-attachment":"scroll","background-type":"","background-media":"","overlay-type":"","overlay-color":"","overlay-opacity":"","overlay-gradient":""}}},"product_brand":[],"product_cat":[21,35],"product_tag":[],"class_list":{"0":"post-1313","1":"product","2":"type-product","3":"status-publish","4":"has-post-thumbnail","6":"product_cat-fluorescent-microspheres","7":"product_cat-hot-sale-products","8":"desktop-align-left","9":"tablet-align-left","10":"mobile-align-left","12":"first","13":"instock","14":"shipping-taxable","15":"product-type-simple"},"_links":{"self":[{"href":"https:\/\/nanomicronspheres.com\/es\/wp-json\/wp\/v2\/product\/1313","targetHints":{"allow":["GET"]}}],"collection":[{"href":"https:\/\/nanomicronspheres.com\/es\/wp-json\/wp\/v2\/product"}],"about":[{"href":"https:\/\/nanomicronspheres.com\/es\/wp-json\/wp\/v2\/types\/product"}],"wp:featuredmedia":[{"embeddable":true,"href":"https:\/\/nanomicronspheres.com\/es\/wp-json\/wp\/v2\/media\/1685"}],"wp:attachment":[{"href":"https:\/\/nanomicronspheres.com\/es\/wp-json\/wp\/v2\/media?parent=1313"}],"wp:term":[{"taxonomy":"product_brand","embeddable":true,"href":"https:\/\/nanomicronspheres.com\/es\/wp-json\/wp\/v2\/product_brand?post=1313"},{"taxonomy":"product_cat","embeddable":true,"href":"https:\/\/nanomicronspheres.com\/es\/wp-json\/wp\/v2\/product_cat?post=1313"},{"taxonomy":"product_tag","embeddable":true,"href":"https:\/\/nanomicronspheres.com\/es\/wp-json\/wp\/v2\/product_tag?post=1313"}],"curies":[{"name":"wp","href":"https:\/\/api.w.org\/{rel}","templated":true}]}}