{"id":1318,"date":"2024-04-25T08:56:57","date_gmt":"2024-04-25T08:56:57","guid":{"rendered":"https:\/\/nanomicronspheres.com\/?post_type=product&#038;p=1318"},"modified":"2025-03-20T08:14:14","modified_gmt":"2025-03-20T08:14:14","slug":"streptavidin-microspheres","status":"publish","type":"product","link":"https:\/\/nanomicronspheres.com\/es\/products\/streptavidin-microspheres\/","title":{"rendered":"Microesferas de estreptavidina"},"content":{"rendered":"<h2>1. Description of\u00a0 Streptavidin Microspheres<\/h2>\n<p>SHBC&#8217;s streptavidin microspheres series products rely on original microsphere preparation technology and surface modification technology to wrap streptavidin on the surface of microspheres in a directional and high-density manner, thus making the products have higher biological properties. protein affinity efficiency and lower non-specific adsorption of proteins.<\/p>\n<figure id=\"attachment_2344\" aria-describedby=\"caption-attachment-2344\" style=\"width: 300px\" class=\"wp-caption aligncenter\"><img fetchpriority=\"high\" decoding=\"async\" class=\"size-medium wp-image-2344\" src=\"https:\/\/nanomicronspheres.com\/wp-content\/uploads\/2024\/04\/20197214154136-1-300x300.png\" alt=\"Streptavidin  Microspheres\" width=\"300\" height=\"300\" srcset=\"https:\/\/nanomicronspheres.com\/wp-content\/uploads\/2024\/04\/20197214154136-1-300x300.png 300w, https:\/\/nanomicronspheres.com\/wp-content\/uploads\/2024\/04\/20197214154136-1-150x150.png 150w, https:\/\/nanomicronspheres.com\/wp-content\/uploads\/2024\/04\/20197214154136-1-12x12.png 12w, https:\/\/nanomicronspheres.com\/wp-content\/uploads\/2024\/04\/20197214154136-1-100x100.png 100w, https:\/\/nanomicronspheres.com\/wp-content\/uploads\/2024\/04\/20197214154136-1.png 539w\" sizes=\"(max-width: 300px) 100vw, 300px\" \/><figcaption id=\"caption-attachment-2344\" class=\"wp-caption-text\">Microesferas de estreptavidina SHBC<\/figcaption><\/figure>\n<h2>2. Caracter\u00edsticas del producto<\/h2>\n<p>\uf06cLas microesferas tienen buena monodispersidad.<\/p>\n<p>\uf06cPeque\u00f1a variaci\u00f3n entre lotes y alta repetibilidad<\/p>\n<p>\uf06cBuena biocompatibilidad y baja citotoxicidad.<\/p>\n<p>\uf06cBaja adsorci\u00f3n no espec\u00edfica de prote\u00ednas en la superficie de las microesferas.<\/p>\n<h2>3.Scope of Application<\/h2>\n<p>Este producto puede ser ampliamente utilizado en diversas detecci\u00f3n y separaci\u00f3n inmunol\u00f3gicas.<\/p>\n<h2>4.Product Parameters and Specifications<\/h2>\n<p>\uf06cTama\u00f1o de part\u00edcula: 1\u03bcm, 3\u03bcm, 5\u03bcm, 8\u03bcm, 10\u03bcm, 15\u03bcm, 20\u03bcm, 30\u03bcm, 40\u03bcm<\/p>\n<p>\uf06cConcentraci\u00f3n: 10 mg\/mL<\/p>\n<p>\uf06cCapacidad de uni\u00f3n (por mg de microesferas): \u22651500 pmol de biotina libre<\/p>\n<p>\u2265500 pmol Oligonucle\u00f3tido monocatenario marcado con biotina<\/p>\n<p>\u226520 \u03bcg de ep\u00edtopo y anticuerpo de biotina<\/p>\n<h2>5.Things to Note<\/h2>\n<p>Las microesferas tienen una alta densidad y tienden a hundirse si se dejan durante mucho tiempo. Por lo tanto, agite bien antes de usar para obtener una suspensi\u00f3n de microesferas uniforme.<\/p>\n<h2>6.Storage Conditions and Expiry Date<\/h2>\n<p>\uf06cSoluci\u00f3n de almacenamiento: Tamp\u00f3n PBS 10 mM pH=7,4 0,01% NaN3<\/p>\n<p>\uf06cCondiciones de almacenamiento: 2-8 \u2103<\/p>\n<p>\uf06cVida \u00fatil: 1 a\u00f1o<\/p>\n<table width=\"1428\">\n<tbody>\n<tr>\n<td width=\"484\">N\u00famero de producto<\/td>\n<td width=\"614\">nombre del producto<\/td>\n<td width=\"329\">Tama\u00f1o de part\u00edcula<\/td>\n<\/tr>\n<tr>\n<td>SAPS1UM-10<\/td>\n<td>Microesferas de estreptavidina<\/td>\n<td>1 \u03bcm<\/td>\n<\/tr>\n<tr>\n<td>SAPS3UM-10<\/td>\n<td>Microesferas de estreptavidina<\/td>\n<td>3 \u03bcm<\/td>\n<\/tr>\n<tr>\n<td>SAPS5UM-10<\/td>\n<td>Microesferas de estreptavidina<\/td>\n<td>1 \u03bcm<\/td>\n<\/tr>\n<tr>\n<td>SAPS8UM-10<\/td>\n<td>Microesferas de estreptavidina<\/td>\n<td>8\u03bcm<\/td>\n<\/tr>\n<tr>\n<td>SAPS10UM-10<\/td>\n<td>Microesferas de estreptavidina<\/td>\n<td>10 \u03bcm<\/td>\n<\/tr>\n<tr>\n<td>SAPS15UM-10<\/td>\n<td>Microesferas de estreptavidina<\/td>\n<td>15\u03bcm<\/td>\n<\/tr>\n<tr>\n<td>SAPS20UM-10<\/td>\n<td>Microesferas de estreptavidina<\/td>\n<td>20\u03bcm<\/td>\n<\/tr>\n<tr>\n<td>SAPS30UM-10<\/td>\n<td>Microesferas de estreptavidina<\/td>\n<td>30\u03bcm<\/td>\n<\/tr>\n<tr>\n<td>SAPS50UM-10<\/td>\n<td>Microesferas de estreptavidina<\/td>\n<td>50 \u03bcm<\/td>\n<\/tr>\n<\/tbody>\n<\/table>","protected":false},"excerpt":{"rendered":"<p>Los productos de la serie de microesferas de estreptavidina de SHBC se basan en la tecnolog\u00eda original de preparaci\u00f3n de microesferas y la tecnolog\u00eda de modificaci\u00f3n de superficies para envolver la estreptavidina en la superficie de las microesferas de una manera direccional y de alta densidad, lo que hace que los productos tengan propiedades biol\u00f3gicas m\u00e1s altas. eficiencia de afinidad proteica y menor adsorci\u00f3n no espec\u00edfica de prote\u00ednas.<\/p>","protected":false},"featured_media":1706,"template":"","meta":{"nf_dc_page":"","site-sidebar-layout":"default","site-content-layout":"","ast-site-content-layout":"default","site-content-style":"default","site-sidebar-style":"default","ast-global-header-display":"","ast-banner-title-visibility":"","ast-main-header-display":"","ast-hfb-above-header-display":"","ast-hfb-below-header-display":"","ast-hfb-mobile-header-display":"","site-post-title":"","ast-breadcrumbs-content":"","ast-featured-img":"","footer-sml-layout":"","ast-disable-related-posts":"","theme-transparent-header-meta":"default","adv-header-id-meta":"","stick-header-meta":"","header-above-stick-meta":"","header-main-stick-meta":"","header-below-stick-meta":"","astra-migrate-meta-layouts":"set","ast-page-background-enabled":"default","ast-page-background-meta":{"desktop":{"background-color":"","background-image":"","background-repeat":"repeat","background-position":"center center","background-size":"auto","background-attachment":"scroll","background-type":"","background-media":"","overlay-type":"","overlay-color":"","overlay-opacity":"","overlay-gradient":""},"tablet":{"background-color":"","background-image":"","background-repeat":"repeat","background-position":"center center","background-size":"auto","background-attachment":"scroll","background-type":"","background-media":"","overlay-type":"","overlay-color":"","overlay-opacity":"","overlay-gradient":""},"mobile":{"background-color":"","background-image":"","background-repeat":"repeat","background-position":"center center","background-size":"auto","background-attachment":"scroll","background-type":"","background-media":"","overlay-type":"","overlay-color":"","overlay-opacity":"","overlay-gradient":""}},"ast-content-background-meta":{"desktop":{"background-color":"var(--ast-global-color-5)","background-image":"","background-repeat":"repeat","background-position":"center center","background-size":"auto","background-attachment":"scroll","background-type":"","background-media":"","overlay-type":"","overlay-color":"","overlay-opacity":"","overlay-gradient":""},"tablet":{"background-color":"var(--ast-global-color-5)","background-image":"","background-repeat":"repeat","background-position":"center center","background-size":"auto","background-attachment":"scroll","background-type":"","background-media":"","overlay-type":"","overlay-color":"","overlay-opacity":"","overlay-gradient":""},"mobile":{"background-color":"var(--ast-global-color-5)","background-image":"","background-repeat":"repeat","background-position":"center center","background-size":"auto","background-attachment":"scroll","background-type":"","background-media":"","overlay-type":"","overlay-color":"","overlay-opacity":"","overlay-gradient":""}}},"product_brand":[],"product_cat":[35,31],"product_tag":[],"class_list":{"0":"post-1318","1":"product","2":"type-product","3":"status-publish","4":"has-post-thumbnail","6":"product_cat-hot-sale-products","7":"product_cat-latex-microspheres","8":"desktop-align-left","9":"tablet-align-left","10":"mobile-align-left","12":"first","13":"instock","14":"shipping-taxable","15":"product-type-simple"},"_links":{"self":[{"href":"https:\/\/nanomicronspheres.com\/es\/wp-json\/wp\/v2\/product\/1318","targetHints":{"allow":["GET"]}}],"collection":[{"href":"https:\/\/nanomicronspheres.com\/es\/wp-json\/wp\/v2\/product"}],"about":[{"href":"https:\/\/nanomicronspheres.com\/es\/wp-json\/wp\/v2\/types\/product"}],"wp:featuredmedia":[{"embeddable":true,"href":"https:\/\/nanomicronspheres.com\/es\/wp-json\/wp\/v2\/media\/1706"}],"wp:attachment":[{"href":"https:\/\/nanomicronspheres.com\/es\/wp-json\/wp\/v2\/media?parent=1318"}],"wp:term":[{"taxonomy":"product_brand","embeddable":true,"href":"https:\/\/nanomicronspheres.com\/es\/wp-json\/wp\/v2\/product_brand?post=1318"},{"taxonomy":"product_cat","embeddable":true,"href":"https:\/\/nanomicronspheres.com\/es\/wp-json\/wp\/v2\/product_cat?post=1318"},{"taxonomy":"product_tag","embeddable":true,"href":"https:\/\/nanomicronspheres.com\/es\/wp-json\/wp\/v2\/product_tag?post=1318"}],"curies":[{"name":"wp","href":"https:\/\/api.w.org\/{rel}","templated":true}]}}