{"id":1320,"date":"2024-04-25T08:59:31","date_gmt":"2024-04-25T08:59:31","guid":{"rendered":"https:\/\/nanomicronspheres.com\/?post_type=product&#038;p=1320"},"modified":"2025-03-18T09:39:15","modified_gmt":"2025-03-18T09:39:15","slug":"fluo-red-fluo-microspheres","status":"publish","type":"product","link":"https:\/\/nanomicronspheres.com\/es\/products\/fluo-red-fluo-microspheres\/","title":{"rendered":"Microesferas Fluo Red-Fluo"},"content":{"rendered":"<h2>I. Descripci\u00f3n de las microesferas Fluo Red-Fluo<\/h2>\n<p>Las microesferas Fluo Red-Fluo son m\u00faltiples micropart\u00edculas de poliestireno te\u00f1idas de forma fluorescente, que se utilizan para el recuento absoluto de c\u00e9lulas en cit\u00f3metros de flujo. El contenido preciso de mol\u00e9culas fluorescentes garantiza la exactitud de los recuentos de verificaci\u00f3n durante el an\u00e1lisis y la fiabilidad de los recuentos absolutos mediante citometr\u00eda de flujo.<\/p>\n<figure id=\"attachment_1688\" aria-describedby=\"caption-attachment-1688\" style=\"width: 321px\" class=\"wp-caption aligncenter\"><img fetchpriority=\"high\" decoding=\"async\" class=\"wp-image-1688\" src=\"https:\/\/nanomicronspheres.com\/wp-content\/uploads\/2024\/04\/010\u6d41\u5f0f\u8ba1\u6570\u5fae\u7403-300x294.png\" alt=\"Flow counting microspheresFluo Red-Fluo Microspheres\" width=\"321\" height=\"315\" srcset=\"https:\/\/nanomicronspheres.com\/wp-content\/uploads\/2024\/04\/010\u6d41\u5f0f\u8ba1\u6570\u5fae\u7403-300x294.png 300w, https:\/\/nanomicronspheres.com\/wp-content\/uploads\/2024\/04\/010\u6d41\u5f0f\u8ba1\u6570\u5fae\u7403.png 514w\" sizes=\"(max-width: 321px) 100vw, 321px\" \/><figcaption id=\"caption-attachment-1688\" class=\"wp-caption-text\">Microesferas Fluo Red-Fluo<\/figcaption><\/figure>\n<h2>II. Datos f\u00edsicos<\/h2>\n<p>1. Material: bola de poliestireno que contiene fluorescencia verde.<br \/>\n2. Grupo funcional: Ninguno<br \/>\n3. Densidad: 1,05 g\/cm3<br \/>\n4. \u00cdndice de refracci\u00f3n: 1,59 a 589 nm, 25 \u2103<br \/>\n5. Apariencia: verde<\/p>\n<h3>III. Par\u00e1metros de microesferas<\/h3>\n<p>1. Concentraci\u00f3n de microesferas: 1%<br \/>\n2. Tama\u00f1o medio de part\u00edculas: 7um<br \/>\n3. Uniformidad: CV&lt; 3%<br \/>\n4. Medio de dispersi\u00f3n: agua desionizada y trazas de tensioactivo<\/p>\n<h2>IV. Almacenamiento de microesferas<\/h2>\n<p>Condiciones de almacenamiento: 2 ~ 8 \u2103, mantenga la tapa de la botella bien cerrada para evitar la congelaci\u00f3n.<\/p>\n<table width=\"1428\">\n<tbody>\n<tr>\n<td width=\"484\">N\u00famero de producto<\/td>\n<td width=\"614\">nombre del producto<\/td>\n<td width=\"329\">Tama\u00f1o de part\u00edcula<\/td>\n<\/tr>\n<tr>\n<td>Cyto5UM-10<\/td>\n<td>Microesferas Fluo Dobles<\/td>\n<td>5 \u03bcm<\/td>\n<\/tr>\n<tr>\n<td>Cy1UM-10<\/td>\n<td>Microesferas Fluo Red-Fluo<\/td>\n<td>1 \u03bcm<\/td>\n<\/tr>\n<tr>\n<td>Cy3UM-10<\/td>\n<td>Microesferas Fluo Red-Fluo<\/td>\n<td>3 \u03bcm<\/td>\n<\/tr>\n<tr>\n<td>Cy7UM-10<\/td>\n<td>Microesferas Fluo Red-Fluo<\/td>\n<td>7 \u03bcm<\/td>\n<\/tr>\n<\/tbody>\n<\/table>","protected":false},"excerpt":{"rendered":"<p>Las microesferas Fluo Red-Fluo son m\u00faltiples micropart\u00edculas de poliestireno te\u00f1idas de forma fluorescente, que se utilizan para el recuento absoluto de c\u00e9lulas en cit\u00f3metros de flujo. El contenido preciso de mol\u00e9culas fluorescentes garantiza la exactitud de los recuentos de verificaci\u00f3n durante el an\u00e1lisis y la fiabilidad de los recuentos absolutos mediante citometr\u00eda de flujo.<\/p>","protected":false},"featured_media":1688,"template":"","meta":{"nf_dc_page":"","site-sidebar-layout":"default","site-content-layout":"","ast-site-content-layout":"default","site-content-style":"default","site-sidebar-style":"default","ast-global-header-display":"","ast-banner-title-visibility":"","ast-main-header-display":"","ast-hfb-above-header-display":"","ast-hfb-below-header-display":"","ast-hfb-mobile-header-display":"","site-post-title":"","ast-breadcrumbs-content":"","ast-featured-img":"","footer-sml-layout":"","ast-disable-related-posts":"","theme-transparent-header-meta":"default","adv-header-id-meta":"","stick-header-meta":"","header-above-stick-meta":"","header-main-stick-meta":"","header-below-stick-meta":"","astra-migrate-meta-layouts":"set","ast-page-background-enabled":"default","ast-page-background-meta":{"desktop":{"background-color":"","background-image":"","background-repeat":"repeat","background-position":"center center","background-size":"auto","background-attachment":"scroll","background-type":"","background-media":"","overlay-type":"","overlay-color":"","overlay-opacity":"","overlay-gradient":""},"tablet":{"background-color":"","background-image":"","background-repeat":"repeat","background-position":"center center","background-size":"auto","background-attachment":"scroll","background-type":"","background-media":"","overlay-type":"","overlay-color":"","overlay-opacity":"","overlay-gradient":""},"mobile":{"background-color":"","background-image":"","background-repeat":"repeat","background-position":"center center","background-size":"auto","background-attachment":"scroll","background-type":"","background-media":"","overlay-type":"","overlay-color":"","overlay-opacity":"","overlay-gradient":""}},"ast-content-background-meta":{"desktop":{"background-color":"var(--ast-global-color-5)","background-image":"","background-repeat":"repeat","background-position":"center center","background-size":"auto","background-attachment":"scroll","background-type":"","background-media":"","overlay-type":"","overlay-color":"","overlay-opacity":"","overlay-gradient":""},"tablet":{"background-color":"var(--ast-global-color-5)","background-image":"","background-repeat":"repeat","background-position":"center center","background-size":"auto","background-attachment":"scroll","background-type":"","background-media":"","overlay-type":"","overlay-color":"","overlay-opacity":"","overlay-gradient":""},"mobile":{"background-color":"var(--ast-global-color-5)","background-image":"","background-repeat":"repeat","background-position":"center center","background-size":"auto","background-attachment":"scroll","background-type":"","background-media":"","overlay-type":"","overlay-color":"","overlay-opacity":"","overlay-gradient":""}}},"product_brand":[],"product_cat":[21,35],"product_tag":[],"class_list":{"0":"post-1320","1":"product","2":"type-product","3":"status-publish","4":"has-post-thumbnail","6":"product_cat-fluorescent-microspheres","7":"product_cat-hot-sale-products","8":"desktop-align-left","9":"tablet-align-left","10":"mobile-align-left","12":"first","13":"instock","14":"shipping-taxable","15":"product-type-simple"},"_links":{"self":[{"href":"https:\/\/nanomicronspheres.com\/es\/wp-json\/wp\/v2\/product\/1320","targetHints":{"allow":["GET"]}}],"collection":[{"href":"https:\/\/nanomicronspheres.com\/es\/wp-json\/wp\/v2\/product"}],"about":[{"href":"https:\/\/nanomicronspheres.com\/es\/wp-json\/wp\/v2\/types\/product"}],"wp:featuredmedia":[{"embeddable":true,"href":"https:\/\/nanomicronspheres.com\/es\/wp-json\/wp\/v2\/media\/1688"}],"wp:attachment":[{"href":"https:\/\/nanomicronspheres.com\/es\/wp-json\/wp\/v2\/media?parent=1320"}],"wp:term":[{"taxonomy":"product_brand","embeddable":true,"href":"https:\/\/nanomicronspheres.com\/es\/wp-json\/wp\/v2\/product_brand?post=1320"},{"taxonomy":"product_cat","embeddable":true,"href":"https:\/\/nanomicronspheres.com\/es\/wp-json\/wp\/v2\/product_cat?post=1320"},{"taxonomy":"product_tag","embeddable":true,"href":"https:\/\/nanomicronspheres.com\/es\/wp-json\/wp\/v2\/product_tag?post=1320"}],"curies":[{"name":"wp","href":"https:\/\/api.w.org\/{rel}","templated":true}]}}