{"id":1324,"date":"2024-04-25T09:05:38","date_gmt":"2024-04-25T09:05:38","guid":{"rendered":"https:\/\/nanomicronspheres.com\/?post_type=product&#038;p=1324"},"modified":"2025-11-10T08:19:02","modified_gmt":"2025-11-10T08:19:02","slug":"silica-magnetic-beads","status":"publish","type":"product","link":"https:\/\/nanomicronspheres.com\/es\/products\/silica-magnetic-beads\/","title":{"rendered":"Perlas magn\u00e9ticas de s\u00edlice"},"content":{"rendered":"<h2>1. Descripci\u00f3n general de las perlas magn\u00e9ticas de s\u00edlice<\/h2>\n<p>Las perlas magn\u00e9ticas de s\u00edlice est\u00e1n dise\u00f1adas para la extracci\u00f3n y purificaci\u00f3n de \u00e1cidos nucleicos. El producto est\u00e1 hecho de Fe3O4 superparamagn\u00e9tico como n\u00facleo, con una gran cantidad de grupos hidroxilo de s\u00edlice en la superficie.<br \/>\nEl producto contiene una gran cantidad de grupos funcionales hidroxilo de s\u00edlice, con alto contenido magn\u00e9tico y monodispersidad. En condiciones espec\u00edficas, los \u00e1cidos nucleicos pueden unirse espec\u00edficamente a los grupos hidroxilo de s\u00edlice en la superficie de las perlas magn\u00e9ticas, de modo que los \u00e1cidos nucleicos se puedan extraer de forma r\u00e1pida y precisa a partir de muestras complejas.<\/p>\n<figure id=\"attachment_1704\" aria-describedby=\"caption-attachment-1704\" style=\"width: 375px\" class=\"wp-caption aligncenter\"><img fetchpriority=\"high\" decoding=\"async\" class=\"wp-image-1704\" src=\"https:\/\/nanomicronspheres.com\/wp-content\/uploads\/2024\/04\/08\u4e8c\u6c27\u5316\u7845\u78c1\u73e0-300x215.jpg\" alt=\"Silica Magnetic Beads\" width=\"375\" height=\"269\" srcset=\"https:\/\/nanomicronspheres.com\/wp-content\/uploads\/2024\/04\/08\u4e8c\u6c27\u5316\u7845\u78c1\u73e0-300x215.jpg 300w, https:\/\/nanomicronspheres.com\/wp-content\/uploads\/2024\/04\/08\u4e8c\u6c27\u5316\u7845\u78c1\u73e0-1024x735.jpg 1024w, https:\/\/nanomicronspheres.com\/wp-content\/uploads\/2024\/04\/08\u4e8c\u6c27\u5316\u7845\u78c1\u73e0-768x552.jpg 768w, https:\/\/nanomicronspheres.com\/wp-content\/uploads\/2024\/04\/08\u4e8c\u6c27\u5316\u7845\u78c1\u73e0-600x431.jpg 600w, https:\/\/nanomicronspheres.com\/wp-content\/uploads\/2024\/04\/08\u4e8c\u6c27\u5316\u7845\u78c1\u73e0.jpg 1536w\" sizes=\"(max-width: 375px) 100vw, 375px\" \/><figcaption id=\"caption-attachment-1704\" class=\"wp-caption-text\">Perlas magn\u00e9ticas de s\u00edlice<\/figcaption><\/figure>\n<h2>2. Caracter\u00edsticas del producto<\/h2>\n<p>\uf06c Respuesta magn\u00e9tica r\u00e1pida, buena monodispersidad<br \/>\n\uf06c Baja variaci\u00f3n entre lotes, alta reproducibilidad<br \/>\n\uf06c Buena biocompatibilidad, baja citotoxicidad.<\/p>\n<h2>3. \u00c1mbito de aplicaci\u00f3n<\/h2>\n<p>\uf06c Extracci\u00f3n de ADN gen\u00f3mico de sangre total, tejidos, plantas y microorganismos.<br \/>\n\uf06c Extracci\u00f3n de ADN\/ARN viral, ARN total<br \/>\n\uf06c Purificaci\u00f3n de productos de PCR.<br \/>\n\uf06c Extracci\u00f3n de ADN pl\u00e1smido<\/p>\n<h2>4. Par\u00e1metros y especificaciones del producto<\/h2>\n<p>\uf06c Tama\u00f1o de part\u00edcula: 100 nm, 200 nm, 1 \u03bcm y 1,5 \u03bcm.<br \/>\n\uf06c Concentraci\u00f3n: 50 mg\/mL<br \/>\n\uf06c Disolvente: agua desionizada<br \/>\n\uf06c Grupo funcional superficial: grupo hidroxilo (-OH)<br \/>\n\uf06c Soluciones aplicables: PBS, Tris-HCl, H2O<br \/>\n\uf06c Contenido de hierro (Fe): 30%<\/p>\n<h2>5.Precauci\u00f3n<\/h2>\n<p>\uf06c La densidad de las perlas magn\u00e9ticas es grande y es f\u00e1cil hundirse despu\u00e9s de un largo tiempo de reposo, por lo tanto, agite bien antes de usar para obtener una suspensi\u00f3n homog\u00e9nea de perlas magn\u00e9ticas.<\/p>\n<h2>6. Condiciones de almacenamiento y fecha de caducidad<\/h2>\n<p>Condiciones de almacenamiento: Almacenar a 2 ~ 8 \u2103, no congelar ni secar.<\/p>\n<table width=\"1428\">\n<tbody>\n<tr>\n<td width=\"484\">N\u00famero de producto<\/td>\n<td width=\"614\">nombre del producto<\/td>\n<td width=\"329\">Tama\u00f1o de part\u00edcula<\/td>\n<\/tr>\n<tr>\n<td>AMS200-10<\/td>\n<td>Silica Magnetic\u00a0Beads<\/td>\n<td>200nm<\/td>\n<\/tr>\n<tr>\n<td>AMS300-10<\/td>\n<td>Silica Magnetic\u00a0Beads<\/td>\n<td>300nm<\/td>\n<\/tr>\n<tr>\n<td>AMS500-10<\/td>\n<td>Silica Magnetic\u00a0Beads<\/td>\n<td>500nm<\/td>\n<\/tr>\n<tr>\n<td>AMS800-10<\/td>\n<td>Silica Magnetic\u00a0Beads<\/td>\n<td>800nm<\/td>\n<\/tr>\n<tr>\n<td>AMS1UM-10<\/td>\n<td>Silica Magnetic\u00a0Beads<\/td>\n<td>1 \u03bcm<\/td>\n<\/tr>\n<tr>\n<td>AMS2UM-10<\/td>\n<td>Silica Magnetic\u00a0Beads<\/td>\n<td>2 \u03bcm<\/td>\n<\/tr>\n<tr>\n<td>AMS6UM-10<\/td>\n<td>Silica Magnetic\u00a0Beads<\/td>\n<td>6 \u03bcm<\/td>\n<\/tr>\n<tr>\n<td>AMS10UM-10<\/td>\n<td>Silica Magnetic\u00a0Beads<\/td>\n<td>10 \u03bcm<\/td>\n<\/tr>\n<tr>\n<td>AMS20UM-10<\/td>\n<td>Silica Magnetic\u00a0Beads<\/td>\n<td>20\u03bcm<\/td>\n<\/tr>\n<tr>\n<td>AMS50UM-10<\/td>\n<td>Silica Magnetic\u00a0Beads<\/td>\n<td>50 \u03bcm<\/td>\n<\/tr>\n<tr>\n<td>AMS100UM-10<\/td>\n<td>Silica Magnetic\u00a0Beads<\/td>\n<td>100 \u03bcm<\/td>\n<\/tr>\n<tr>\n<td>AMS200UM-10<\/td>\n<td>Silica Magnetic\u00a0Beads<\/td>\n<td>200 \u03bcm<\/td>\n<\/tr>\n<tr>\n<td>AMSC200-10<\/td>\n<td>Perlas magn\u00e9ticas de s\u00edlice carboxilo<\/td>\n<td>200nm<\/td>\n<\/tr>\n<tr>\n<td>AMSC500-10<\/td>\n<td>Perlas magn\u00e9ticas de s\u00edlice carboxilo<\/td>\n<td>500nm<\/td>\n<\/tr>\n<tr>\n<td>AMSC1UM-10<\/td>\n<td>Perlas magn\u00e9ticas de s\u00edlice carboxilo<\/td>\n<td>1 \u03bcm<\/td>\n<\/tr>\n<tr>\n<td>AMSC2UM-10<\/td>\n<td>Perlas magn\u00e9ticas de s\u00edlice carboxilo<\/td>\n<td>2 \u03bcm<\/td>\n<\/tr>\n<tr>\n<td>AMSC3UM-10<\/td>\n<td>Perlas magn\u00e9ticas de s\u00edlice carboxilo<\/td>\n<td>3 \u03bcm<\/td>\n<\/tr>\n<tr>\n<td>AMSC5UM-10<\/td>\n<td>Perlas magn\u00e9ticas de s\u00edlice carboxilo<\/td>\n<td>5 \u03bcm<\/td>\n<\/tr>\n<tr>\n<td>AMSC10UM-10<\/td>\n<td>Perlas magn\u00e9ticas de s\u00edlice carboxilo<\/td>\n<td>10 \u03bcm<\/td>\n<\/tr>\n<tr>\n<td>AMSC20UM-10<\/td>\n<td>Perlas magn\u00e9ticas de s\u00edlice carboxilo<\/td>\n<td>20\u03bcm<\/td>\n<\/tr>\n<tr>\n<td>AMSC50UM-10<\/td>\n<td>Perlas magn\u00e9ticas de s\u00edlice carboxilo<\/td>\n<td>50 \u03bcm<\/td>\n<\/tr>\n<tr>\n<td>AMSC100UM-10<\/td>\n<td>Perlas magn\u00e9ticas de s\u00edlice carboxilo<\/td>\n<td>100 \u03bcm<\/td>\n<\/tr>\n<tr>\n<td>AMSA200-10<\/td>\n<td>Perlas magn\u00e9ticas de aminos\u00edlice<\/td>\n<td>200nm<\/td>\n<\/tr>\n<tr>\n<td>AMSA500-10<\/td>\n<td>Perlas magn\u00e9ticas de aminos\u00edlice<\/td>\n<td>500nm<\/td>\n<\/tr>\n<tr>\n<td>AMSA1UM-10<\/td>\n<td>Perlas magn\u00e9ticas de aminos\u00edlice<\/td>\n<td>1 \u03bcm<\/td>\n<\/tr>\n<tr>\n<td>AMSA2UM-10<\/td>\n<td>Perlas magn\u00e9ticas de aminos\u00edlice<\/td>\n<td>2 \u03bcm<\/td>\n<\/tr>\n<tr>\n<td>AMSA3UM-10<\/td>\n<td>Perlas magn\u00e9ticas de aminos\u00edlice<\/td>\n<td>3 \u03bcm<\/td>\n<\/tr>\n<tr>\n<td>AMSA5UM-10<\/td>\n<td>Perlas magn\u00e9ticas de aminos\u00edlice<\/td>\n<td>5 \u03bcm<\/td>\n<\/tr>\n<tr>\n<td>AMSA10UM-10<\/td>\n<td>Perlas magn\u00e9ticas de aminos\u00edlice<\/td>\n<td>10 \u03bcm<\/td>\n<\/tr>\n<\/tbody>\n<\/table>","protected":false},"excerpt":{"rendered":"<p>Las perlas magn\u00e9ticas de s\u00edlice est\u00e1n dise\u00f1adas para la extracci\u00f3n y purificaci\u00f3n de \u00e1cidos nucleicos. Las perlas magn\u00e9ticas de s\u00edlice est\u00e1n hechas de Fe3O4 superparamagn\u00e9tico como n\u00facleo, con una gran cantidad de grupos hidroxilo de s\u00edlice en la superficie.<br \/>\nLas perlas magn\u00e9ticas de s\u00edlice contienen una gran cantidad de grupos funcionales hidroxilo de s\u00edlice, con alto contenido magn\u00e9tico y monodispersidad. En condiciones espec\u00edficas, los \u00e1cidos nucleicos pueden unirse espec\u00edficamente a los grupos hidroxilo de s\u00edlice en la superficie de las perlas magn\u00e9ticas, de modo que los \u00e1cidos nucleicos se puedan extraer de forma r\u00e1pida y precisa a partir de muestras complejas.<\/p>","protected":false},"featured_media":1704,"template":"","meta":{"nf_dc_page":"","site-sidebar-layout":"default","site-content-layout":"","ast-site-content-layout":"default","site-content-style":"default","site-sidebar-style":"default","ast-global-header-display":"","ast-banner-title-visibility":"","ast-main-header-display":"","ast-hfb-above-header-display":"","ast-hfb-below-header-display":"","ast-hfb-mobile-header-display":"","site-post-title":"","ast-breadcrumbs-content":"","ast-featured-img":"","footer-sml-layout":"","ast-disable-related-posts":"","theme-transparent-header-meta":"default","adv-header-id-meta":"","stick-header-meta":"","header-above-stick-meta":"","header-main-stick-meta":"","header-below-stick-meta":"","astra-migrate-meta-layouts":"set","ast-page-background-enabled":"default","ast-page-background-meta":{"desktop":{"background-color":"","background-image":"","background-repeat":"repeat","background-position":"center center","background-size":"auto","background-attachment":"scroll","background-type":"","background-media":"","overlay-type":"","overlay-color":"","overlay-opacity":"","overlay-gradient":""},"tablet":{"background-color":"","background-image":"","background-repeat":"repeat","background-position":"center center","background-size":"auto","background-attachment":"scroll","background-type":"","background-media":"","overlay-type":"","overlay-color":"","overlay-opacity":"","overlay-gradient":""},"mobile":{"background-color":"","background-image":"","background-repeat":"repeat","background-position":"center center","background-size":"auto","background-attachment":"scroll","background-type":"","background-media":"","overlay-type":"","overlay-color":"","overlay-opacity":"","overlay-gradient":""}},"ast-content-background-meta":{"desktop":{"background-color":"var(--ast-global-color-5)","background-image":"","background-repeat":"repeat","background-position":"center center","background-size":"auto","background-attachment":"scroll","background-type":"","background-media":"","overlay-type":"","overlay-color":"","overlay-opacity":"","overlay-gradient":""},"tablet":{"background-color":"var(--ast-global-color-5)","background-image":"","background-repeat":"repeat","background-position":"center center","background-size":"auto","background-attachment":"scroll","background-type":"","background-media":"","overlay-type":"","overlay-color":"","overlay-opacity":"","overlay-gradient":""},"mobile":{"background-color":"var(--ast-global-color-5)","background-image":"","background-repeat":"repeat","background-position":"center center","background-size":"auto","background-attachment":"scroll","background-type":"","background-media":"","overlay-type":"","overlay-color":"","overlay-opacity":"","overlay-gradient":""}}},"product_brand":[],"product_cat":[35,23],"product_tag":[],"class_list":{"0":"post-1324","1":"product","2":"type-product","3":"status-publish","4":"has-post-thumbnail","6":"product_cat-hot-sale-products","7":"product_cat-magnetic-microspheres","8":"desktop-align-left","9":"tablet-align-left","10":"mobile-align-left","12":"first","13":"instock","14":"shipping-taxable","15":"product-type-simple"},"_links":{"self":[{"href":"https:\/\/nanomicronspheres.com\/es\/wp-json\/wp\/v2\/product\/1324","targetHints":{"allow":["GET"]}}],"collection":[{"href":"https:\/\/nanomicronspheres.com\/es\/wp-json\/wp\/v2\/product"}],"about":[{"href":"https:\/\/nanomicronspheres.com\/es\/wp-json\/wp\/v2\/types\/product"}],"wp:featuredmedia":[{"embeddable":true,"href":"https:\/\/nanomicronspheres.com\/es\/wp-json\/wp\/v2\/media\/1704"}],"wp:attachment":[{"href":"https:\/\/nanomicronspheres.com\/es\/wp-json\/wp\/v2\/media?parent=1324"}],"wp:term":[{"taxonomy":"product_brand","embeddable":true,"href":"https:\/\/nanomicronspheres.com\/es\/wp-json\/wp\/v2\/product_brand?post=1324"},{"taxonomy":"product_cat","embeddable":true,"href":"https:\/\/nanomicronspheres.com\/es\/wp-json\/wp\/v2\/product_cat?post=1324"},{"taxonomy":"product_tag","embeddable":true,"href":"https:\/\/nanomicronspheres.com\/es\/wp-json\/wp\/v2\/product_tag?post=1324"}],"curies":[{"name":"wp","href":"https:\/\/api.w.org\/{rel}","templated":true}]}}