{"id":1326,"date":"2024-04-25T09:08:57","date_gmt":"2024-04-25T09:08:57","guid":{"rendered":"https:\/\/nanomicronspheres.com\/?post_type=product&#038;p=1326"},"modified":"2025-03-18T08:24:31","modified_gmt":"2025-03-18T08:24:31","slug":"magsa-streptavidin-magnetic-beads","status":"publish","type":"product","link":"https:\/\/nanomicronspheres.com\/es\/products\/magsa-streptavidin-magnetic-beads\/","title":{"rendered":"Perlas magn\u00e9ticas de estreptavidina"},"content":{"rendered":"<h2>1.Description of Streptavidin Magnetic Beads<\/h2>\n<p>Los productos de la serie Streptavidin Magnetic Beads se basan en la tecnolog\u00eda original de preparaci\u00f3n de perlas magn\u00e9ticas y la tecnolog\u00eda de modificaci\u00f3n de superficies, que se pueden utilizar para encapsular estreptavidina en la superficie de perlas magn\u00e9ticas de manera espec\u00edfica y de alta densidad.<\/p>\n<p>La tecnolog\u00eda de modificaci\u00f3n de superficie se basa en la tecnolog\u00eda original de preparaci\u00f3n de perlas magn\u00e9ticas y la tecnolog\u00eda de modificaci\u00f3n de superficies, la estreptavidina se envuelve en la superficie de las perlas magn\u00e9ticas de forma espec\u00edfica y de alta densidad, de modo que el producto tiene una alta afinidad por la biotina.<\/p>\n<p>El producto tiene una alta eficiencia de afinidad por la biotina y una baja adsorci\u00f3n de prote\u00ednas no espec\u00edficas.<\/p>\n<h2>2.Characteristics of Streptavidin Magnetic Beads<\/h2>\n<p>\uf06c Respuesta de magnetizaci\u00f3n r\u00e1pida y buena monodispersidad.<br \/>\n\uf06c Baja variaci\u00f3n entre lotes, alta reproducibilidad<br \/>\n\uf06c Biocompatible, baja citotoxicidad.<br \/>\n\uf06c Baja adsorci\u00f3n no espec\u00edfica de prote\u00ednas en la superficie de perlas magn\u00e9ticas.<\/p>\n<h2>3. \u00c1mbito de aplicaci\u00f3n<\/h2>\n<p>El producto puede utilizarse ampliamente en diversos inmunoensayos.<\/p>\n<h2>4. Par\u00e1metros y especificaciones del producto<\/h2>\n<p>\uf06c Tama\u00f1o de part\u00edcula: 3 \u03bcm<br \/>\n\uf06c Concentraci\u00f3n: 10 mg\/mL<br \/>\n\uf06c Capacidad de uni\u00f3n (por mg de perlas): \u22651500 pmol de biotina libre<br \/>\n\u2265500 pmol Oligonucle\u00f3tidos monocatenarios marcados con biotina<br \/>\n\u226520 \u03bcg Tabla de biotina y anticuerpo<br \/>\n\uf06c Contenido de hierro (Fe): \u226530%<\/p>\n<h2>5.Precauci\u00f3n<\/h2>\n<p>Las perlas magn\u00e9ticas son densas y tienden a hundirse cuando se dejan durante mucho tiempo, as\u00ed que agite bien antes de usarlas para obtener una suspensi\u00f3n homog\u00e9nea de perlas magn\u00e9ticas.<\/p>\n<h2>6. Condiciones de almacenamiento y fecha de caducidad<\/h2>\n<p>\uf06c Soluci\u00f3n de almacenamiento: Tamp\u00f3n PBS 10 mM pH=7,4 0,01% NaN3<br \/>\n\uf06c Condiciones de almacenamiento: 2-8 \u2103.<br \/>\n\uf06c Per\u00edodo de almacenamiento: 1 a\u00f1o<\/p>\n<table width=\"1428\">\n<tbody>\n<tr>\n<td width=\"484\">N\u00famero de producto<\/td>\n<td width=\"614\">nombre del producto<\/td>\n<td width=\"329\">Tama\u00f1o de part\u00edcula<\/td>\n<\/tr>\n<tr>\n<td>MagSA1UM-10<\/td>\n<td>Perlas magn\u00e9ticas de estreptavidina<\/td>\n<td>1 \u03bcm<\/td>\n<\/tr>\n<tr>\n<td>MagSA1.5UM-10<\/td>\n<td>Perlas magn\u00e9ticas de estreptavidina<\/td>\n<td>1,5 \u00b5m<\/td>\n<\/tr>\n<tr>\n<td>MagSA2.8UM-10<\/td>\n<td>Perlas magn\u00e9ticas de estreptavidina<\/td>\n<td>2,8 \u00b5m<\/td>\n<\/tr>\n<tr>\n<td>MagSA3UM-10<\/td>\n<td>Perlas magn\u00e9ticas de estreptavidina<\/td>\n<td>3 \u03bcm<\/td>\n<\/tr>\n<tr>\n<td>MagSA5UM-10<\/td>\n<td>Perlas magn\u00e9ticas de estreptavidina<\/td>\n<td>5 \u03bcm<\/td>\n<\/tr>\n<tr>\n<td>MagSA10UM-10<\/td>\n<td>Perlas magn\u00e9ticas de estreptavidina<\/td>\n<td>10 \u03bcm<\/td>\n<\/tr>\n<tr>\n<td>MagSA15UM-10<\/td>\n<td>Perlas magn\u00e9ticas de estreptavidina<\/td>\n<td>15\u03bcm<\/td>\n<\/tr>\n<tr>\n<td>MagSA20UM-10<\/td>\n<td>Perlas magn\u00e9ticas de estreptavidina<\/td>\n<td>20\u03bcm<\/td>\n<\/tr>\n<tr>\n<td>MagSA30UM-10<\/td>\n<td>Perlas magn\u00e9ticas de estreptavidina<\/td>\n<td>30\u03bcm<\/td>\n<\/tr>\n<\/tbody>\n<\/table>","protected":false},"excerpt":{"rendered":"<p>Los productos de la serie Streptavidin Magnetic Beads se basan en la tecnolog\u00eda original de preparaci\u00f3n de perlas magn\u00e9ticas y la tecnolog\u00eda de modificaci\u00f3n de superficies, que se pueden utilizar para encapsular estreptavidina en la superficie de perlas magn\u00e9ticas de manera espec\u00edfica y de alta densidad.<br \/>\nLa tecnolog\u00eda de modificaci\u00f3n de superficie se basa en la tecnolog\u00eda original de preparaci\u00f3n de perlas magn\u00e9ticas y la tecnolog\u00eda de modificaci\u00f3n de superficies, la estreptavidina se envuelve en la superficie de las perlas magn\u00e9ticas de forma espec\u00edfica y de alta densidad, de modo que el producto tiene una alta afinidad por la biotina.<br \/>\nEl producto tiene una alta eficiencia de afinidad por la biotina y una baja adsorci\u00f3n de prote\u00ednas no espec\u00edficas.<\/p>","protected":false},"featured_media":1698,"template":"","meta":{"nf_dc_page":"","site-sidebar-layout":"default","site-content-layout":"","ast-site-content-layout":"default","site-content-style":"default","site-sidebar-style":"default","ast-global-header-display":"","ast-banner-title-visibility":"","ast-main-header-display":"","ast-hfb-above-header-display":"","ast-hfb-below-header-display":"","ast-hfb-mobile-header-display":"","site-post-title":"","ast-breadcrumbs-content":"","ast-featured-img":"","footer-sml-layout":"","ast-disable-related-posts":"","theme-transparent-header-meta":"default","adv-header-id-meta":"","stick-header-meta":"","header-above-stick-meta":"","header-main-stick-meta":"","header-below-stick-meta":"","astra-migrate-meta-layouts":"set","ast-page-background-enabled":"default","ast-page-background-meta":{"desktop":{"background-color":"","background-image":"","background-repeat":"repeat","background-position":"center center","background-size":"auto","background-attachment":"scroll","background-type":"","background-media":"","overlay-type":"","overlay-color":"","overlay-opacity":"","overlay-gradient":""},"tablet":{"background-color":"","background-image":"","background-repeat":"repeat","background-position":"center center","background-size":"auto","background-attachment":"scroll","background-type":"","background-media":"","overlay-type":"","overlay-color":"","overlay-opacity":"","overlay-gradient":""},"mobile":{"background-color":"","background-image":"","background-repeat":"repeat","background-position":"center center","background-size":"auto","background-attachment":"scroll","background-type":"","background-media":"","overlay-type":"","overlay-color":"","overlay-opacity":"","overlay-gradient":""}},"ast-content-background-meta":{"desktop":{"background-color":"var(--ast-global-color-5)","background-image":"","background-repeat":"repeat","background-position":"center center","background-size":"auto","background-attachment":"scroll","background-type":"","background-media":"","overlay-type":"","overlay-color":"","overlay-opacity":"","overlay-gradient":""},"tablet":{"background-color":"var(--ast-global-color-5)","background-image":"","background-repeat":"repeat","background-position":"center center","background-size":"auto","background-attachment":"scroll","background-type":"","background-media":"","overlay-type":"","overlay-color":"","overlay-opacity":"","overlay-gradient":""},"mobile":{"background-color":"var(--ast-global-color-5)","background-image":"","background-repeat":"repeat","background-position":"center center","background-size":"auto","background-attachment":"scroll","background-type":"","background-media":"","overlay-type":"","overlay-color":"","overlay-opacity":"","overlay-gradient":""}}},"product_brand":[],"product_cat":[35,23],"product_tag":[],"class_list":{"0":"post-1326","1":"product","2":"type-product","3":"status-publish","4":"has-post-thumbnail","6":"product_cat-hot-sale-products","7":"product_cat-magnetic-microspheres","8":"desktop-align-left","9":"tablet-align-left","10":"mobile-align-left","12":"first","13":"instock","14":"shipping-taxable","15":"product-type-simple"},"_links":{"self":[{"href":"https:\/\/nanomicronspheres.com\/es\/wp-json\/wp\/v2\/product\/1326","targetHints":{"allow":["GET"]}}],"collection":[{"href":"https:\/\/nanomicronspheres.com\/es\/wp-json\/wp\/v2\/product"}],"about":[{"href":"https:\/\/nanomicronspheres.com\/es\/wp-json\/wp\/v2\/types\/product"}],"wp:featuredmedia":[{"embeddable":true,"href":"https:\/\/nanomicronspheres.com\/es\/wp-json\/wp\/v2\/media\/1698"}],"wp:attachment":[{"href":"https:\/\/nanomicronspheres.com\/es\/wp-json\/wp\/v2\/media?parent=1326"}],"wp:term":[{"taxonomy":"product_brand","embeddable":true,"href":"https:\/\/nanomicronspheres.com\/es\/wp-json\/wp\/v2\/product_brand?post=1326"},{"taxonomy":"product_cat","embeddable":true,"href":"https:\/\/nanomicronspheres.com\/es\/wp-json\/wp\/v2\/product_cat?post=1326"},{"taxonomy":"product_tag","embeddable":true,"href":"https:\/\/nanomicronspheres.com\/es\/wp-json\/wp\/v2\/product_tag?post=1326"}],"curies":[{"name":"wp","href":"https:\/\/api.w.org\/{rel}","templated":true}]}}