{"id":1584,"date":"2024-05-20T08:11:44","date_gmt":"2024-05-20T08:11:44","guid":{"rendered":"https:\/\/nanomicronspheres.com\/?post_type=product&#038;p=1584"},"modified":"2025-11-27T01:43:25","modified_gmt":"2025-11-27T01:43:25","slug":"colored-carboxyl-microspheres","status":"publish","type":"product","link":"https:\/\/nanomicronspheres.com\/es\/products\/colored-carboxyl-microspheres\/","title":{"rendered":"Microesferas de carboxilo coloreadas"},"content":{"rendered":"<h2>Descripci\u00f3n de las microesferas de carboxilo coloreadas<\/h2>\n<p>Las microesferas de carboxilo coloreadas est\u00e1n dise\u00f1adas para el diagn\u00f3stico m\u00e9dico de flujo horizontal. Presentan colores distintivos y estables, con una amplia gama de colores para elegir, y permiten obtener resultados de detecci\u00f3n cualitativos o cuantitativos de alta sensibilidad.<\/p>\n<table width=\"1428\">\n<tbody>\n<tr>\n<td width=\"484\">N\u00famero de producto<\/td>\n<td width=\"614\">nombre del producto<\/td>\n<td width=\"329\">Tama\u00f1o de part\u00edcula<\/td>\n<\/tr>\n<tr>\n<td>CAR100-10<\/td>\n<td>Microesferas de carboxilo rojo<\/td>\n<td>0,10 \u03bcm<\/td>\n<\/tr>\n<tr>\n<td>CAR200-10<\/td>\n<td>Microesferas de carboxilo rojo<\/td>\n<td>0,20 \u00b5m<\/td>\n<\/tr>\n<tr>\n<td>CAR300-10<\/td>\n<td>Microesferas de carboxilo rojo<\/td>\n<td>0,30 \u03bcm<\/td>\n<\/tr>\n<tr>\n<td>CAR400-10<\/td>\n<td>Microesferas de carboxilo rojo<\/td>\n<td>0,40 \u03bcm<\/td>\n<\/tr>\n<tr>\n<td>CAR500-10<\/td>\n<td>Microesferas de carboxilo rojo<\/td>\n<td>0,50 \u00b5m<\/td>\n<\/tr>\n<tr>\n<td>CAR1UM-10<\/td>\n<td>Microesferas de carboxilo rojo<\/td>\n<td>1 \u03bcm<\/td>\n<\/tr>\n<tr>\n<td>CAR3UM-10<\/td>\n<td>Microesferas de carboxilo rojo<\/td>\n<td>3 \u03bcm<\/td>\n<\/tr>\n<tr>\n<td>CAR5UM-10<\/td>\n<td>Microesferas de carboxilo rojo<\/td>\n<td>5 \u03bcm<\/td>\n<\/tr>\n<tr>\n<td>CAR7UM-10<\/td>\n<td>Microesferas de carboxilo rojo<\/td>\n<td>7 \u03bcm<\/td>\n<\/tr>\n<tr>\n<td>CAR15UM-10<\/td>\n<td>Microesferas de carboxilo rojo<\/td>\n<td>7 \u03bcm<\/td>\n<\/tr>\n<tr>\n<td><\/td>\n<td><\/td>\n<td><\/td>\n<\/tr>\n<tr>\n<td>CAB100-10<\/td>\n<td>Microesferas de carboxilo azules<\/td>\n<td>0,10 \u03bcm<\/td>\n<\/tr>\n<tr>\n<td>CAB200-10<\/td>\n<td>Microesferas de carboxilo azules<\/td>\n<td>0,20 \u00b5m<\/td>\n<\/tr>\n<tr>\n<td>CAB300-10<\/td>\n<td>Microesferas de carboxilo azules<\/td>\n<td>0,30 \u03bcm<\/td>\n<\/tr>\n<tr>\n<td>CAB400-10<\/td>\n<td>Microesferas de carboxilo azules<\/td>\n<td>0,40 \u03bcm<\/td>\n<\/tr>\n<tr>\n<td>CAB500-10<\/td>\n<td>Microesferas de carboxilo azules<\/td>\n<td>0,50 \u00b5m<\/td>\n<\/tr>\n<\/tbody>\n<\/table>","protected":false},"excerpt":{"rendered":"<p>Las microesferas de carboxilo coloreadas est\u00e1n dise\u00f1adas para el diagn\u00f3stico m\u00e9dico de &quot;flujo horizontal&quot;. Las microesferas coloreadas tienen colores distintos y estables, con m\u00faltiples colores para elegir, y pueden obtener resultados de detecci\u00f3n cualitativos o cuantitativos altamente sensibles.<\/p>","protected":false},"featured_media":9329,"template":"","meta":{"nf_dc_page":"","site-sidebar-layout":"default","site-content-layout":"","ast-site-content-layout":"default","site-content-style":"default","site-sidebar-style":"default","ast-global-header-display":"","ast-banner-title-visibility":"","ast-main-header-display":"","ast-hfb-above-header-display":"","ast-hfb-below-header-display":"","ast-hfb-mobile-header-display":"","site-post-title":"","ast-breadcrumbs-content":"","ast-featured-img":"","footer-sml-layout":"","ast-disable-related-posts":"","theme-transparent-header-meta":"default","adv-header-id-meta":"","stick-header-meta":"","header-above-stick-meta":"","header-main-stick-meta":"","header-below-stick-meta":"","astra-migrate-meta-layouts":"set","ast-page-background-enabled":"default","ast-page-background-meta":{"desktop":{"background-color":"","background-image":"","background-repeat":"repeat","background-position":"center center","background-size":"auto","background-attachment":"scroll","background-type":"","background-media":"","overlay-type":"","overlay-color":"","overlay-opacity":"","overlay-gradient":""},"tablet":{"background-color":"","background-image":"","background-repeat":"repeat","background-position":"center center","background-size":"auto","background-attachment":"scroll","background-type":"","background-media":"","overlay-type":"","overlay-color":"","overlay-opacity":"","overlay-gradient":""},"mobile":{"background-color":"","background-image":"","background-repeat":"repeat","background-position":"center center","background-size":"auto","background-attachment":"scroll","background-type":"","background-media":"","overlay-type":"","overlay-color":"","overlay-opacity":"","overlay-gradient":""}},"ast-content-background-meta":{"desktop":{"background-color":"var(--ast-global-color-5)","background-image":"","background-repeat":"repeat","background-position":"center center","background-size":"auto","background-attachment":"scroll","background-type":"","background-media":"","overlay-type":"","overlay-color":"","overlay-opacity":"","overlay-gradient":""},"tablet":{"background-color":"var(--ast-global-color-5)","background-image":"","background-repeat":"repeat","background-position":"center center","background-size":"auto","background-attachment":"scroll","background-type":"","background-media":"","overlay-type":"","overlay-color":"","overlay-opacity":"","overlay-gradient":""},"mobile":{"background-color":"var(--ast-global-color-5)","background-image":"","background-repeat":"repeat","background-position":"center center","background-size":"auto","background-attachment":"scroll","background-type":"","background-media":"","overlay-type":"","overlay-color":"","overlay-opacity":"","overlay-gradient":""}}},"product_brand":[],"product_cat":[41,35],"product_tag":[],"class_list":{"0":"post-1584","1":"product","2":"type-product","3":"status-publish","4":"has-post-thumbnail","6":"product_cat-colored-carboxyl-microspheres","7":"product_cat-hot-sale-products","8":"desktop-align-left","9":"tablet-align-left","10":"mobile-align-left","12":"first","13":"instock","14":"shipping-taxable","15":"product-type-simple"},"_links":{"self":[{"href":"https:\/\/nanomicronspheres.com\/es\/wp-json\/wp\/v2\/product\/1584","targetHints":{"allow":["GET"]}}],"collection":[{"href":"https:\/\/nanomicronspheres.com\/es\/wp-json\/wp\/v2\/product"}],"about":[{"href":"https:\/\/nanomicronspheres.com\/es\/wp-json\/wp\/v2\/types\/product"}],"wp:featuredmedia":[{"embeddable":true,"href":"https:\/\/nanomicronspheres.com\/es\/wp-json\/wp\/v2\/media\/9329"}],"wp:attachment":[{"href":"https:\/\/nanomicronspheres.com\/es\/wp-json\/wp\/v2\/media?parent=1584"}],"wp:term":[{"taxonomy":"product_brand","embeddable":true,"href":"https:\/\/nanomicronspheres.com\/es\/wp-json\/wp\/v2\/product_brand?post=1584"},{"taxonomy":"product_cat","embeddable":true,"href":"https:\/\/nanomicronspheres.com\/es\/wp-json\/wp\/v2\/product_cat?post=1584"},{"taxonomy":"product_tag","embeddable":true,"href":"https:\/\/nanomicronspheres.com\/es\/wp-json\/wp\/v2\/product_tag?post=1584"}],"curies":[{"name":"wp","href":"https:\/\/api.w.org\/{rel}","templated":true}]}}