{"id":1588,"date":"2024-05-20T08:42:39","date_gmt":"2024-05-20T08:42:39","guid":{"rendered":"https:\/\/nanomicronspheres.com\/?post_type=product&#038;p=1588"},"modified":"2025-11-10T06:09:11","modified_gmt":"2025-11-10T06:09:11","slug":"immune-turbidimetric-carboxyl-microspheres","status":"publish","type":"product","link":"https:\/\/nanomicronspheres.com\/es\/products\/immune-turbidimetric-carboxyl-microspheres\/","title":{"rendered":"Immune Turbidimetric Carboxyl Microspheres"},"content":{"rendered":"<h2>Deccription of Immune Turbidimetric Carboxyl Microspheres<\/h2>\n<p>Immune Turbidimetric Carboxyl Microspheres refer to immune turbidimetric microspheres. Immune Turbidimetric Carboxyl Microspheres have polystyrene as the core and are surface-modified with carboxyl functional groups, which are monodisperse. Under the action of specific reagents, the abundant carboxyl functional groups can covalently bind biological ligands such as proteins to the surface of the microspheres, thereby achieving the separation and enrichment of target substances from samples, which is an important factor in molecular biology, medicine, etc.<\/p>\n<p>Un importante soporte para la investigaci\u00f3n en campos relacionados, cumple con los requisitos de sensibilidad y rango lineal de los clientes. Las microesferas de l\u00e1tex se pueden utilizar en proyectos como la inmunoturbidimetr\u00eda mejorada con part\u00edculas (PET), el inmunoensayo en fase s\u00f3lida, la prueba de aglutinaci\u00f3n de l\u00e1tex y el ensayo inmunoabsorbente ligado a enzimas con captura de microesferas. Ventajas del producto:<\/p>\n<p>1. Sin limpieza, uso directo.<\/p>\n<p>2. Suficientes grupos funcionales de superficie pueden acoplar eficientemente cantidades suficientes de prote\u00ednas objetivo.<\/p>\n<p>3. El tama\u00f1o de part\u00edcula de las microesferas es muy uniforme.<\/p>\n<p>4. Se puede seleccionar una amplia gama de tama\u00f1os de part\u00edculas para satisfacer diversos requisitos de sensibilidad.<\/p>\n<p>5. Las microesferas son estables a temperatura ambiente sin asentarse.<\/p>\n<p>6. Suministro a gran escala y rendimiento estable.<\/p>\n<figure id=\"attachment_2338\" aria-describedby=\"caption-attachment-2338\" style=\"width: 300px\" class=\"wp-caption aligncenter\"><img fetchpriority=\"high\" decoding=\"async\" class=\"size-medium wp-image-2338\" src=\"https:\/\/nanomicronspheres.com\/wp-content\/uploads\/2024\/05\/\u514d\u75ab\u6bd4\u6d4a\u5fae\u7403-300x242.jpg\" alt=\"Immune Turbidimetric Microspherescarboxyl microspheres\" width=\"300\" height=\"242\" srcset=\"https:\/\/nanomicronspheres.com\/wp-content\/uploads\/2024\/05\/\u514d\u75ab\u6bd4\u6d4a\u5fae\u7403-300x242.jpg 300w, https:\/\/nanomicronspheres.com\/wp-content\/uploads\/2024\/05\/\u514d\u75ab\u6bd4\u6d4a\u5fae\u7403-15x12.jpg 15w, https:\/\/nanomicronspheres.com\/wp-content\/uploads\/2024\/05\/\u514d\u75ab\u6bd4\u6d4a\u5fae\u7403.jpg 427w\" sizes=\"(max-width: 300px) 100vw, 300px\" \/><figcaption id=\"caption-attachment-2338\" class=\"wp-caption-text\">Microesferas turbidim\u00e9tricas inmunes<br \/>(microesferas de carboxilo)<\/figcaption><\/figure>\n<h2>Especificaci\u00f3n de microesferas turbidim\u00e9tricas inmunitarias<\/h2>\n<table style=\"border-collapse: collapse; width: 535.52pt;\" border=\"0\" width=\"1428\" cellspacing=\"0\" cellpadding=\"0\">\n<tbody>\n<tr style=\"height: 14.40pt;\">\n<td class=\"et3\" style=\"height: 14.40pt; width: 181.80pt;\" width=\"484\" height=\"38\"><strong>N\u00famero de producto<\/strong><\/td>\n<td class=\"et5\" style=\"width: 230.30pt;\" width=\"614\"><strong>nombre del producto<\/strong><\/td>\n<td class=\"et5\" style=\"width: 123.55pt;\" width=\"329\"><strong>Tama\u00f1o de part\u00edcula<\/strong><\/td>\n<\/tr>\n<tr style=\"height: 13.50pt;\">\n<td class=\"et4\" style=\"height: 13.50pt;\" height=\"36\">CP020-10<\/td>\n<td class=\"et6\">Microesferas de carboxilo<\/td>\n<td class=\"et4\">20nm<\/td>\n<\/tr>\n<tr style=\"height: 14.40pt;\">\n<td class=\"et4\" style=\"height: 14.40pt;\" height=\"38\">CP030-10<\/td>\n<td class=\"et6\">Microesferas de carboxilo<\/td>\n<td class=\"et4\">30nm<\/td>\n<\/tr>\n<tr style=\"height: 14.40pt;\">\n<td class=\"et4\" style=\"height: 14.40pt;\" height=\"38\">CP040-10<\/td>\n<td class=\"et6\">Microesferas de carboxilo<\/td>\n<td class=\"et4\">40nm<\/td>\n<\/tr>\n<tr style=\"height: 14.40pt;\">\n<td class=\"et4\" style=\"height: 14.40pt;\" height=\"38\">CP050-10<\/td>\n<td class=\"et6\">Microesferas de carboxilo<\/td>\n<td class=\"et4\">50nm<\/td>\n<\/tr>\n<tr style=\"height: 13.50pt;\">\n<td class=\"et4\" style=\"height: 13.50pt;\" height=\"36\">CP060-10<\/td>\n<td class=\"et6\">Microesferas de carboxilo<\/td>\n<td class=\"et4\">60nm<\/td>\n<\/tr>\n<tr style=\"height: 14.40pt;\">\n<td class=\"et4\" style=\"height: 14.40pt;\" height=\"38\">CP070-10<\/td>\n<td class=\"et6\">Microesferas de carboxilo<\/td>\n<td class=\"et4\">70nm<\/td>\n<\/tr>\n<tr style=\"height: 14.40pt;\">\n<td class=\"et4\" style=\"height: 14.40pt;\" height=\"38\">CP080-00<\/td>\n<td class=\"et6\">Microesferas de carboxilo<\/td>\n<td class=\"et4\">80nm<\/td>\n<\/tr>\n<tr style=\"height: 14.40pt;\">\n<td class=\"et4\" style=\"height: 14.40pt;\" height=\"38\">CP085-10<\/td>\n<td class=\"et6\">Microesferas de carboxilo<\/td>\n<td class=\"et4\">85nm<\/td>\n<\/tr>\n<tr style=\"height: 14.40pt;\">\n<td class=\"et4\" style=\"height: 14.40pt;\" height=\"38\">CP095-10<\/td>\n<td class=\"et6\">Microesferas de carboxilo<\/td>\n<td class=\"et4\">95nm<\/td>\n<\/tr>\n<tr style=\"height: 14.40pt;\">\n<td class=\"et4\" style=\"height: 14.40pt;\" height=\"38\">CP098-10<\/td>\n<td class=\"et6\">Microesferas de carboxilo<\/td>\n<td class=\"et4\">98nm<\/td>\n<\/tr>\n<tr style=\"height: 13.50pt;\">\n<td class=\"et4\" style=\"height: 13.50pt;\" height=\"36\">CP100-10<\/td>\n<td class=\"et6\">Microesferas de carboxilo<\/td>\n<td class=\"et4\">100nm<\/td>\n<\/tr>\n<tr style=\"height: 14.40pt;\">\n<td class=\"et4\" style=\"height: 14.40pt;\" height=\"38\">CP104-10<\/td>\n<td class=\"et6\">Microesferas de carboxilo<\/td>\n<td class=\"et4\">104nm<\/td>\n<\/tr>\n<tr style=\"height: 14.40pt;\">\n<td class=\"et4\" style=\"height: 14.40pt;\" height=\"38\">CP105-10<\/td>\n<td class=\"et6\">Microesferas de carboxilo<\/td>\n<td class=\"et4\">105nm<\/td>\n<\/tr>\n<tr style=\"height: 14.40pt;\">\n<td class=\"et4\" style=\"height: 14.40pt;\" height=\"38\">CP110-10<\/td>\n<td class=\"et6\">Microesferas de carboxilo<\/td>\n<td class=\"et4\">110nm<\/td>\n<\/tr>\n<tr style=\"height: 14.40pt;\">\n<td class=\"et4\" style=\"height: 14.40pt;\" height=\"38\">CP120-10<\/td>\n<td class=\"et6\">Microesferas de carboxilo<\/td>\n<td class=\"et4\">120nm<\/td>\n<\/tr>\n<tr style=\"height: 14.40pt;\">\n<td class=\"et4\" style=\"height: 14.40pt;\" height=\"38\">CP130-10<\/td>\n<td class=\"et6\">Microesferas de carboxilo<\/td>\n<td class=\"et4\">130nm<\/td>\n<\/tr>\n<tr style=\"height: 13.50pt;\">\n<td class=\"et4\" style=\"height: 13.50pt;\" height=\"36\">CP150-10<\/td>\n<td class=\"et6\">Microesferas de carboxilo<\/td>\n<td class=\"et4\">150nm<\/td>\n<\/tr>\n<tr style=\"height: 14.40pt;\">\n<td class=\"et4\" style=\"height: 14.40pt;\" height=\"38\">CP172-10<\/td>\n<td class=\"et6\">Microesferas de carboxilo<\/td>\n<td class=\"et4\">172nm<\/td>\n<\/tr>\n<tr style=\"height: 13.50pt;\">\n<td class=\"et4\" style=\"height: 13.50pt;\" height=\"36\">CP190-10<\/td>\n<td class=\"et6\">Microesferas de carboxilo<\/td>\n<td class=\"et4\">190nm<\/td>\n<\/tr>\n<tr style=\"height: 14.40pt;\">\n<td class=\"et4\" style=\"height: 14.40pt;\" height=\"38\">CP200-10<\/td>\n<td class=\"et6\">Microesferas de carboxilo<\/td>\n<td class=\"et4\">200nm<\/td>\n<\/tr>\n<tr style=\"height: 14.40pt;\">\n<td class=\"et4\" style=\"height: 14.40pt;\" height=\"38\">CP206-10<\/td>\n<td class=\"et6\">Microesferas de carboxilo<\/td>\n<td class=\"et4\">206nm<\/td>\n<\/tr>\n<tr style=\"height: 13.50pt;\">\n<td class=\"et4\" style=\"height: 13.50pt;\" height=\"36\">CP210-10<\/td>\n<td class=\"et6\">Microesferas de carboxilo<\/td>\n<td class=\"et4\">210nm<\/td>\n<\/tr>\n<tr style=\"height: 14.40pt;\">\n<td class=\"et4\" style=\"height: 14.40pt;\" height=\"38\">CP220-10<\/td>\n<td class=\"et6\">Microesferas de carboxilo<\/td>\n<td class=\"et4\">220nm<\/td>\n<\/tr>\n<tr style=\"height: 14.40pt;\">\n<td class=\"et4\" style=\"height: 14.40pt;\" height=\"38\">CP235-10<\/td>\n<td class=\"et6\">Microesferas de carboxilo<\/td>\n<td class=\"et4\">230nm<\/td>\n<\/tr>\n<tr style=\"height: 13.50pt;\">\n<td class=\"et4\" style=\"height: 13.50pt;\" height=\"36\">CP235-10<\/td>\n<td class=\"et6\">Microesferas de carboxilo<\/td>\n<td class=\"et4\">235nm<\/td>\n<\/tr>\n<tr style=\"height: 14.40pt;\">\n<td class=\"et4\" style=\"height: 14.40pt;\" height=\"38\">CP260-10<\/td>\n<td class=\"et6\">Microesferas de carboxilo<\/td>\n<td class=\"et4\">260nm<\/td>\n<\/tr>\n<tr style=\"height: 14.40pt;\">\n<td class=\"et4\" style=\"height: 14.40pt;\" height=\"38\">CP280-10<\/td>\n<td class=\"et6\">Microesferas de carboxilo<\/td>\n<td class=\"et4\">280nm<\/td>\n<\/tr>\n<tr style=\"height: 13.50pt;\">\n<td class=\"et4\" style=\"height: 13.50pt;\" height=\"36\">CP300-10<\/td>\n<td class=\"et6\">Microesferas de carboxilo<\/td>\n<td class=\"et4\">300nm<\/td>\n<\/tr>\n<tr style=\"height: 14.40pt;\">\n<td class=\"et4\" style=\"height: 14.40pt;\" height=\"38\">CP310-10<\/td>\n<td class=\"et6\">Microesferas de carboxilo<\/td>\n<td class=\"et4\">310nm<\/td>\n<\/tr>\n<tr style=\"height: 14.40pt;\">\n<td class=\"et4\" style=\"height: 14.40pt;\" height=\"38\">CP320-10<\/td>\n<td class=\"et6\">Microesferas de carboxilo<\/td>\n<td class=\"et4\">320nm<\/td>\n<\/tr>\n<tr style=\"height: 13.50pt;\">\n<td class=\"et4\" style=\"height: 13.50pt;\" height=\"36\">CP330-10<\/td>\n<td class=\"et6\">Microesferas de carboxilo<\/td>\n<td class=\"et4\">330nm<\/td>\n<\/tr>\n<tr style=\"height: 14.40pt;\">\n<td class=\"et4\" style=\"height: 14.40pt;\" height=\"38\">CP360-10<\/td>\n<td class=\"et6\">Microesferas de carboxilo<\/td>\n<td class=\"et4\">360 nm<\/td>\n<\/tr>\n<tr style=\"height: 14.40pt;\">\n<td class=\"et4\" style=\"height: 14.40pt;\" height=\"38\">CP400-10<\/td>\n<td class=\"et6\">Microesferas de carboxilo<\/td>\n<td class=\"et4\">400nm<\/td>\n<\/tr>\n<tr style=\"height: 13.50pt;\">\n<td class=\"et4\" style=\"height: 13.50pt;\" height=\"36\">CP500-10<\/td>\n<td class=\"et6\">Microesferas de carboxilo<\/td>\n<td class=\"et4\">500nm<\/td>\n<\/tr>\n<tr style=\"height: 14.40pt;\">\n<td class=\"et4\" style=\"height: 14.40pt;\" height=\"38\">CP600-10<\/td>\n<td class=\"et6\">Microesferas de carboxilo<\/td>\n<td class=\"et4\">600nm<\/td>\n<\/tr>\n<tr style=\"height: 13.50pt;\">\n<td class=\"et4\" style=\"height: 13.50pt;\" height=\"36\">CP800-10<\/td>\n<td class=\"et6\">Microesferas de carboxilo<\/td>\n<td class=\"et4\">800nm<\/td>\n<\/tr>\n<tr style=\"height: 13.50pt;\">\n<td class=\"et4\" style=\"height: 13.50pt;\" height=\"36\">CP900-10<\/td>\n<td class=\"et6\">Microesferas de carboxilo<\/td>\n<td class=\"et4\">900nm<\/td>\n<\/tr>\n<tr style=\"height: 14.40pt;\">\n<td class=\"et4\" style=\"height: 14.40pt;\" height=\"38\"><\/td>\n<td class=\"et6\"><\/td>\n<td class=\"et4\"><\/td>\n<\/tr>\n<tr style=\"height: 13.50pt;\">\n<td class=\"et4\" style=\"height: 13.50pt;\" height=\"36\">CP1UM-10<\/td>\n<td class=\"et6\">Microesferas de carboxilo<\/td>\n<td class=\"et4\">1 \u03bcm<\/td>\n<\/tr>\n<tr style=\"height: 13.50pt;\">\n<td class=\"et4\" style=\"height: 13.50pt;\" height=\"36\">CP2UM-10<\/td>\n<td class=\"et6\">Microesferas de carboxilo<\/td>\n<td class=\"et4\">2 \u03bcm<\/td>\n<\/tr>\n<tr style=\"height: 14.40pt;\">\n<td class=\"et4\" style=\"height: 14.40pt;\" height=\"38\">CP3UM-10<\/td>\n<td class=\"et6\">Microesferas de carboxilo<\/td>\n<td class=\"et4\">3 \u03bcm<\/td>\n<\/tr>\n<tr style=\"height: 13.50pt;\">\n<td class=\"et4\" style=\"height: 13.50pt;\" height=\"36\">CP5UM-10<\/td>\n<td class=\"et6\">Microesferas de carboxilo<\/td>\n<td class=\"et4\">5 \u03bcm<\/td>\n<\/tr>\n<tr style=\"height: 13.50pt;\">\n<td class=\"et4\" style=\"height: 13.50pt;\" height=\"36\">CP10UM-10<\/td>\n<td class=\"et6\">Microesferas de carboxilo<\/td>\n<td class=\"et4\">10 \u03bcm<\/td>\n<\/tr>\n<tr style=\"height: 14.40pt;\">\n<td class=\"et4\" style=\"height: 14.40pt;\" height=\"38\">CP15UM-10<\/td>\n<td class=\"et6\">Microesferas de carboxilo<\/td>\n<td class=\"et4\">15\u03bcm<\/td>\n<\/tr>\n<tr style=\"height: 13.50pt;\">\n<td class=\"et4\" style=\"height: 13.50pt;\" height=\"36\">CP20UM-10<\/td>\n<td class=\"et6\">Microesferas de carboxilo<\/td>\n<td class=\"et4\">20\u03bcm<\/td>\n<\/tr>\n<tr style=\"height: 13.50pt;\">\n<td class=\"et4\" style=\"height: 13.50pt;\" height=\"36\">CP22UM-10<\/td>\n<td class=\"et6\">Microesferas de carboxilo<\/td>\n<td class=\"et4\">22 \u03bcm<\/td>\n<\/tr>\n<tr style=\"height: 14.40pt;\">\n<td class=\"et4\" style=\"height: 14.40pt;\" height=\"38\">CP23UM-10<\/td>\n<td class=\"et6\">Microesferas de carboxilo<\/td>\n<td class=\"et4\">23 \u03bcm<\/td>\n<\/tr>\n<tr style=\"height: 13.50pt;\">\n<td class=\"et4\" style=\"height: 13.50pt;\" height=\"36\">CP25UM-10<\/td>\n<td class=\"et6\">Microesferas de carboxilo<\/td>\n<td class=\"et4\">25 \u03bcm<\/td>\n<\/tr>\n<tr style=\"height: 13.50pt;\">\n<td class=\"et4\" style=\"height: 13.50pt;\" height=\"36\">CP30UM-10<\/td>\n<td class=\"et6\">Microesferas de carboxilo<\/td>\n<td class=\"et4\">30\u03bcm<\/td>\n<\/tr>\n<tr style=\"height: 14.40pt;\">\n<td class=\"et4\" style=\"height: 14.40pt;\" height=\"38\">CP35UM-10<\/td>\n<td class=\"et6\">Microesferas de carboxilo<\/td>\n<td class=\"et4\">35 \u03bcm<\/td>\n<\/tr>\n<tr style=\"height: 13.50pt;\">\n<td class=\"et4\" style=\"height: 13.50pt;\" height=\"36\">CP40UM-10<\/td>\n<td class=\"et6\">Microesferas de carboxilo<\/td>\n<td class=\"et4\">40 \u03bcm<\/td>\n<\/tr>\n<tr style=\"height: 13.50pt;\">\n<td class=\"et4\" style=\"height: 13.50pt;\" height=\"36\">CP45UM-10<\/td>\n<td class=\"et6\">Microesferas de carboxilo<\/td>\n<td class=\"et4\">45 \u03bcm<\/td>\n<\/tr>\n<tr style=\"height: 14.40pt;\">\n<td class=\"et4\" style=\"height: 14.40pt;\" height=\"38\">CP50UM-10<\/td>\n<td class=\"et6\">Microesferas de carboxilo<\/td>\n<td class=\"et4\">50 \u03bcm<\/td>\n<\/tr>\n<tr style=\"height: 13.50pt;\">\n<td class=\"et4\" style=\"height: 13.50pt;\" height=\"36\">CP60UM-10<\/td>\n<td class=\"et6\">Microesferas de carboxilo<\/td>\n<td class=\"et4\">60\u03bcm<\/td>\n<\/tr>\n<tr style=\"height: 13.50pt;\">\n<td class=\"et4\" style=\"height: 13.50pt;\" height=\"36\">CP70UM-10<\/td>\n<td class=\"et6\">Microesferas de carboxilo<\/td>\n<td class=\"et4\">70 \u03bcm<\/td>\n<\/tr>\n<tr style=\"height: 14.40pt;\">\n<td class=\"et4\" style=\"height: 14.40pt;\" height=\"38\">CP80UM-10<\/td>\n<td class=\"et6\">Microesferas de carboxilo<\/td>\n<td class=\"et4\">80 \u03bcm<\/td>\n<\/tr>\n<tr style=\"height: 13.50pt;\">\n<td class=\"et4\" style=\"height: 13.50pt;\" height=\"36\">CP100UM-10<\/td>\n<td class=\"et6\">Microesferas de carboxilo<\/td>\n<td class=\"et4\">100 \u03bcm<\/td>\n<\/tr>\n<tr style=\"height: 13.50pt;\">\n<td class=\"et4\" style=\"height: 13.50pt;\" height=\"36\">CP200UM-10<\/td>\n<td class=\"et6\">Microesferas de carboxilo<\/td>\n<td class=\"et4\">200 \u03bcm<\/td>\n<\/tr>\n<\/tbody>\n<\/table>","protected":false},"excerpt":{"rendered":"<p>Immune Turbidimetric Carboxyl Microspheres have polystyrene as the core and are surface-modified with carboxyl functional groups, which are monodisperse. Under the action of specific reagents, the abundant carboxyl functional groups can covalently bind biological ligands such as proteins to the surface of the microspheres, thereby achieving the separation and enrichment of target substances from samples, which is an important factor in molecular biology, medicine, etc.<\/p>\n<p>Un importante soporte para la investigaci\u00f3n en campos relacionados, cumple con los requisitos de sensibilidad y rango lineal de los clientes. Las microesferas de l\u00e1tex se pueden utilizar en proyectos como la inmunoturbidimetr\u00eda mejorada con part\u00edculas (PET), el inmunoensayo en fase s\u00f3lida, la prueba de aglutinaci\u00f3n de l\u00e1tex y el ensayo inmunoabsorbente ligado a enzimas con captura de microesferas. Ventajas del producto:<\/p>\n<p>1. Sin limpieza, uso directo.<\/p>\n<p>2. Suficientes grupos funcionales de superficie pueden acoplar eficientemente cantidades suficientes de prote\u00ednas objetivo.<\/p>\n<p>3. El tama\u00f1o de part\u00edcula de las microesferas es muy uniforme.<\/p>\n<p>4. Se puede seleccionar una amplia gama de tama\u00f1os de part\u00edculas para satisfacer diversos requisitos de sensibilidad.<\/p>\n<p>5. Las microesferas son estables a temperatura ambiente sin asentarse.<\/p>\n<p>6. Suministro a gran escala y rendimiento estable.<\/p>","protected":false},"featured_media":2338,"template":"","meta":{"nf_dc_page":"","site-sidebar-layout":"default","site-content-layout":"","ast-site-content-layout":"default","site-content-style":"default","site-sidebar-style":"default","ast-global-header-display":"","ast-banner-title-visibility":"","ast-main-header-display":"","ast-hfb-above-header-display":"","ast-hfb-below-header-display":"","ast-hfb-mobile-header-display":"","site-post-title":"","ast-breadcrumbs-content":"","ast-featured-img":"","footer-sml-layout":"","ast-disable-related-posts":"","theme-transparent-header-meta":"default","adv-header-id-meta":"","stick-header-meta":"","header-above-stick-meta":"","header-main-stick-meta":"","header-below-stick-meta":"","astra-migrate-meta-layouts":"set","ast-page-background-enabled":"default","ast-page-background-meta":{"desktop":{"background-color":"","background-image":"","background-repeat":"repeat","background-position":"center center","background-size":"auto","background-attachment":"scroll","background-type":"","background-media":"","overlay-type":"","overlay-color":"","overlay-opacity":"","overlay-gradient":""},"tablet":{"background-color":"","background-image":"","background-repeat":"repeat","background-position":"center center","background-size":"auto","background-attachment":"scroll","background-type":"","background-media":"","overlay-type":"","overlay-color":"","overlay-opacity":"","overlay-gradient":""},"mobile":{"background-color":"","background-image":"","background-repeat":"repeat","background-position":"center center","background-size":"auto","background-attachment":"scroll","background-type":"","background-media":"","overlay-type":"","overlay-color":"","overlay-opacity":"","overlay-gradient":""}},"ast-content-background-meta":{"desktop":{"background-color":"var(--ast-global-color-5)","background-image":"","background-repeat":"repeat","background-position":"center center","background-size":"auto","background-attachment":"scroll","background-type":"","background-media":"","overlay-type":"","overlay-color":"","overlay-opacity":"","overlay-gradient":""},"tablet":{"background-color":"var(--ast-global-color-5)","background-image":"","background-repeat":"repeat","background-position":"center center","background-size":"auto","background-attachment":"scroll","background-type":"","background-media":"","overlay-type":"","overlay-color":"","overlay-opacity":"","overlay-gradient":""},"mobile":{"background-color":"var(--ast-global-color-5)","background-image":"","background-repeat":"repeat","background-position":"center center","background-size":"auto","background-attachment":"scroll","background-type":"","background-media":"","overlay-type":"","overlay-color":"","overlay-opacity":"","overlay-gradient":""}}},"product_brand":[],"product_cat":[35,31],"product_tag":[],"class_list":{"0":"post-1588","1":"product","2":"type-product","3":"status-publish","4":"has-post-thumbnail","6":"product_cat-hot-sale-products","7":"product_cat-latex-microspheres","8":"desktop-align-left","9":"tablet-align-left","10":"mobile-align-left","12":"first","13":"instock","14":"shipping-taxable","15":"product-type-simple"},"_links":{"self":[{"href":"https:\/\/nanomicronspheres.com\/es\/wp-json\/wp\/v2\/product\/1588","targetHints":{"allow":["GET"]}}],"collection":[{"href":"https:\/\/nanomicronspheres.com\/es\/wp-json\/wp\/v2\/product"}],"about":[{"href":"https:\/\/nanomicronspheres.com\/es\/wp-json\/wp\/v2\/types\/product"}],"wp:featuredmedia":[{"embeddable":true,"href":"https:\/\/nanomicronspheres.com\/es\/wp-json\/wp\/v2\/media\/2338"}],"wp:attachment":[{"href":"https:\/\/nanomicronspheres.com\/es\/wp-json\/wp\/v2\/media?parent=1588"}],"wp:term":[{"taxonomy":"product_brand","embeddable":true,"href":"https:\/\/nanomicronspheres.com\/es\/wp-json\/wp\/v2\/product_brand?post=1588"},{"taxonomy":"product_cat","embeddable":true,"href":"https:\/\/nanomicronspheres.com\/es\/wp-json\/wp\/v2\/product_cat?post=1588"},{"taxonomy":"product_tag","embeddable":true,"href":"https:\/\/nanomicronspheres.com\/es\/wp-json\/wp\/v2\/product_tag?post=1588"}],"curies":[{"name":"wp","href":"https:\/\/api.w.org\/{rel}","templated":true}]}}