{"id":1590,"date":"2024-05-20T08:53:33","date_gmt":"2024-05-20T08:53:33","guid":{"rendered":"https:\/\/nanomicronspheres.com\/?post_type=product&#038;p=1590"},"modified":"2025-03-18T07:11:08","modified_gmt":"2025-03-18T07:11:08","slug":"silica-microspheres","status":"publish","type":"product","link":"https:\/\/nanomicronspheres.com\/es\/products\/silica-microspheres\/","title":{"rendered":"Microesferas de s\u00edlice"},"content":{"rendered":"<h2>Description of Silica microsphere<\/h2>\n<p><a href=\"https:\/\/nanomicronspheres.com\/es\/silica-microspheres-microspheres-supplier-in-china\/\">Silica microsphere<\/a> are nonporous, spherical, and very uniform in size. Silica microspheres have a density of 1.96 g\/cm3 and can withstand temperatures up to 1000\u00b0C.Silica microspheres have been used to adsorb DNA and RNA from cell lysates. ACME can also provide epoxy, carboxylation, avidin, streptavidin, protein A and other functional groups.<\/p>\n<table width=\"1428\">\n<tbody>\n<tr>\n<td width=\"484\">N\u00famero de producto<\/td>\n<td width=\"614\">nombre del producto<\/td>\n<td width=\"329\">Tama\u00f1o de part\u00edcula<\/td>\n<\/tr>\n<tr>\n<td>Si100NM-10<\/td>\n<td>Microesferas de s\u00edlice<\/td>\n<td>100nm<\/td>\n<\/tr>\n<tr>\n<td>Si200NM-10<\/td>\n<td>Microesferas de s\u00edlice<\/td>\n<td>200nm<\/td>\n<\/tr>\n<tr>\n<td>Si500NM-10<\/td>\n<td>Microesferas de s\u00edlice<\/td>\n<td>500nm<\/td>\n<\/tr>\n<tr>\n<td>Si1UM-10<\/td>\n<td>Microesferas de s\u00edlice<\/td>\n<td>1 \u03bcm<\/td>\n<\/tr>\n<tr>\n<td>Si3UM-10<\/td>\n<td>Microesferas de s\u00edlice<\/td>\n<td>3 \u03bcm<\/td>\n<\/tr>\n<tr>\n<td>Si5UM-10<\/td>\n<td>Microesferas de s\u00edlice<\/td>\n<td>5 \u03bcm<\/td>\n<\/tr>\n<tr>\n<td>Si10UM-10<\/td>\n<td>Microesferas de s\u00edlice<\/td>\n<td>10 \u03bcm<\/td>\n<\/tr>\n<tr>\n<td>Si12UM-10<\/td>\n<td>Microesferas de s\u00edlice<\/td>\n<td>12 \u03bcm<\/td>\n<\/tr>\n<tr>\n<td>Si13UM-10<\/td>\n<td>Microesferas de s\u00edlice<\/td>\n<td>13 \u03bcm<\/td>\n<\/tr>\n<tr>\n<td>Si15UM-10<\/td>\n<td>Microesferas de s\u00edlice<\/td>\n<td>15\u03bcm<\/td>\n<\/tr>\n<tr>\n<td>Si20UM-10<\/td>\n<td>Microesferas de s\u00edlice<\/td>\n<td>20\u03bcm<\/td>\n<\/tr>\n<tr>\n<td>Si25UM-10<\/td>\n<td>Microesferas de s\u00edlice<\/td>\n<td>25 \u03bcm<\/td>\n<\/tr>\n<tr>\n<td>Si30UM-10<\/td>\n<td>Microesferas de s\u00edlice<\/td>\n<td>30\u03bcm<\/td>\n<\/tr>\n<tr>\n<td>Si40UM-10<\/td>\n<td>Microesferas de s\u00edlice<\/td>\n<td>40 \u03bcm<\/td>\n<\/tr>\n<tr>\n<td>Si50UM-10<\/td>\n<td>Microesferas de s\u00edlice<\/td>\n<td>50 \u03bcm<\/td>\n<\/tr>\n<tr>\n<td>Si60UM-10<\/td>\n<td>Microesferas de s\u00edlice<\/td>\n<td>60\u03bcm<\/td>\n<\/tr>\n<tr>\n<td>Si100UM-10<\/td>\n<td>Microesferas de s\u00edlice<\/td>\n<td>100 \u03bcm<\/td>\n<\/tr>\n<tr>\n<td>Si200UM-10<\/td>\n<td>Microesferas de s\u00edlice<\/td>\n<td>200 \u03bcm<\/td>\n<\/tr>\n<tr>\n<td>Si300UM-10<\/td>\n<td>Microesferas de s\u00edlice<\/td>\n<td>300 \u03bcm<\/td>\n<\/tr>\n<tr>\n<td>Si500UM-10<\/td>\n<td>Microesferas de s\u00edlice<\/td>\n<td>500 \u03bcm<\/td>\n<\/tr>\n<tr>\n<td>ASi1UM-10<\/td>\n<td>Amino silica Microsphers<\/td>\n<td>1 \u03bcm<\/td>\n<\/tr>\n<tr>\n<td>ASi3UM-10<\/td>\n<td>Amino silica Microspheres<\/td>\n<td>3 \u03bcm<\/td>\n<\/tr>\n<tr>\n<td>ASi5UM-10<\/td>\n<td>Amino silica Microspheres<\/td>\n<td>5 \u03bcm<\/td>\n<\/tr>\n<tr>\n<td>ASi10UM-10<\/td>\n<td>Amino silica Microspheres<\/td>\n<td>10 \u03bcm<\/td>\n<\/tr>\n<tr>\n<td>ASi20UM-10<\/td>\n<td>Amino silica Microspheres<\/td>\n<td>20\u03bcm<\/td>\n<\/tr>\n<tr>\n<td>ASi25UM-10<\/td>\n<td>Amino silica Microspheres<\/td>\n<td>25 \u03bcm<\/td>\n<\/tr>\n<tr>\n<td>ASi30UM-10<\/td>\n<td>Amino silica Microspheres<\/td>\n<td>30\u03bcm<\/td>\n<\/tr>\n<tr>\n<td>ASi50UM-10<\/td>\n<td>Amino silica Microspheres<\/td>\n<td>50 \u03bcm<\/td>\n<\/tr>\n<tr>\n<td>ASi60UM-10<\/td>\n<td>Amino silica Microspheres<\/td>\n<td>60\u03bcm<\/td>\n<\/tr>\n<tr>\n<td>ASi100UM-10<\/td>\n<td>Amino silica Microspheres<\/td>\n<td>100 \u03bcm<\/td>\n<\/tr>\n<tr>\n<td>ASi200UM-10<\/td>\n<td>Amino silica Microspheres<\/td>\n<td>200 \u03bcm<\/td>\n<\/tr>\n<tr>\n<td>ASi800UM-10<\/td>\n<td>Amino silica Microspheres<\/td>\n<td>800 \u03bcm<\/td>\n<\/tr>\n<tr>\n<td>CSi1UM-10<\/td>\n<td>Carboxy Silica Microspheres<\/td>\n<td>1 \u03bcm<\/td>\n<\/tr>\n<tr>\n<td>CSi3UM-10<\/td>\n<td>Carboxy Silica Microspheres<\/td>\n<td>3 \u03bcm<\/td>\n<\/tr>\n<tr>\n<td>CSi5UM-10<\/td>\n<td>Carboxy Silica Microspheres<\/td>\n<td>5 \u03bcm<\/td>\n<\/tr>\n<tr>\n<td>CSi10UM-10<\/td>\n<td>Carboxy Silica Microspheres<\/td>\n<td>10 \u03bcm<\/td>\n<\/tr>\n<tr>\n<td>CSi15UM-10<\/td>\n<td>Carboxy Silica Microspheres<\/td>\n<td>15\u03bcm<\/td>\n<\/tr>\n<tr>\n<td>CSi20UM-10<\/td>\n<td>Carboxy Silica Microspheres<\/td>\n<td>20\u03bcm<\/td>\n<\/tr>\n<tr>\n<td>CSi30UM-10<\/td>\n<td>Microesferas de carboxi s\u00edlice<\/td>\n<td>30\u03bcm<\/td>\n<\/tr>\n<tr>\n<td>CSi50UM-10<\/td>\n<td>Microesferas de carboxi s\u00edlice<\/td>\n<td>50 \u03bcm<\/td>\n<\/tr>\n<tr>\n<td>CSi60UM-10<\/td>\n<td>Microesferas de carboxi s\u00edlice<\/td>\n<td>60\u03bcm<\/td>\n<\/tr>\n<tr>\n<td>CSi100UM-10<\/td>\n<td>Microesferas de carboxi s\u00edlice<\/td>\n<td>100 \u03bcm<\/td>\n<\/tr>\n<tr>\n<td>CSi200UM-10<\/td>\n<td>Microesferas de carboxi s\u00edlice<\/td>\n<td>200 \u03bcm<\/td>\n<\/tr>\n<tr>\n<td>CSi300UM-10<\/td>\n<td>Microesferas de carboxi s\u00edlice<\/td>\n<td>300 \u03bcm<\/td>\n<\/tr>\n<\/tbody>\n<\/table>","protected":false},"excerpt":{"rendered":"<p>Las microesferas de s\u00edlice son no porosas, esf\u00e9ricas y de tama\u00f1o muy uniforme. Estas microesferas tienen una densidad de 1,96 g\/cm3 y pueden soportar temperaturas de hasta 1000\u00b0C. Se han utilizado para adsorber ADN y ARN de lisados celulares. ACME tambi\u00e9n puede proporcionar epoxi, carboxilaci\u00f3n, avidina, estreptavidina, prote\u00edna A y otros grupos funcionales.<\/p>","protected":false},"featured_media":1708,"template":"","meta":{"nf_dc_page":"","site-sidebar-layout":"default","site-content-layout":"","ast-site-content-layout":"default","site-content-style":"default","site-sidebar-style":"default","ast-global-header-display":"","ast-banner-title-visibility":"","ast-main-header-display":"","ast-hfb-above-header-display":"","ast-hfb-below-header-display":"","ast-hfb-mobile-header-display":"","site-post-title":"","ast-breadcrumbs-content":"","ast-featured-img":"","footer-sml-layout":"","ast-disable-related-posts":"","theme-transparent-header-meta":"default","adv-header-id-meta":"","stick-header-meta":"","header-above-stick-meta":"","header-main-stick-meta":"","header-below-stick-meta":"","astra-migrate-meta-layouts":"set","ast-page-background-enabled":"default","ast-page-background-meta":{"desktop":{"background-color":"","background-image":"","background-repeat":"repeat","background-position":"center center","background-size":"auto","background-attachment":"scroll","background-type":"","background-media":"","overlay-type":"","overlay-color":"","overlay-opacity":"","overlay-gradient":""},"tablet":{"background-color":"","background-image":"","background-repeat":"repeat","background-position":"center center","background-size":"auto","background-attachment":"scroll","background-type":"","background-media":"","overlay-type":"","overlay-color":"","overlay-opacity":"","overlay-gradient":""},"mobile":{"background-color":"","background-image":"","background-repeat":"repeat","background-position":"center center","background-size":"auto","background-attachment":"scroll","background-type":"","background-media":"","overlay-type":"","overlay-color":"","overlay-opacity":"","overlay-gradient":""}},"ast-content-background-meta":{"desktop":{"background-color":"var(--ast-global-color-5)","background-image":"","background-repeat":"repeat","background-position":"center center","background-size":"auto","background-attachment":"scroll","background-type":"","background-media":"","overlay-type":"","overlay-color":"","overlay-opacity":"","overlay-gradient":""},"tablet":{"background-color":"var(--ast-global-color-5)","background-image":"","background-repeat":"repeat","background-position":"center center","background-size":"auto","background-attachment":"scroll","background-type":"","background-media":"","overlay-type":"","overlay-color":"","overlay-opacity":"","overlay-gradient":""},"mobile":{"background-color":"var(--ast-global-color-5)","background-image":"","background-repeat":"repeat","background-position":"center center","background-size":"auto","background-attachment":"scroll","background-type":"","background-media":"","overlay-type":"","overlay-color":"","overlay-opacity":"","overlay-gradient":""}}},"product_brand":[],"product_cat":[35,32],"product_tag":[],"class_list":{"0":"post-1590","1":"product","2":"type-product","3":"status-publish","4":"has-post-thumbnail","6":"product_cat-hot-sale-products","7":"product_cat-silica-microspheres","8":"desktop-align-left","9":"tablet-align-left","10":"mobile-align-left","12":"first","13":"instock","14":"shipping-taxable","15":"product-type-simple"},"_links":{"self":[{"href":"https:\/\/nanomicronspheres.com\/es\/wp-json\/wp\/v2\/product\/1590","targetHints":{"allow":["GET"]}}],"collection":[{"href":"https:\/\/nanomicronspheres.com\/es\/wp-json\/wp\/v2\/product"}],"about":[{"href":"https:\/\/nanomicronspheres.com\/es\/wp-json\/wp\/v2\/types\/product"}],"wp:featuredmedia":[{"embeddable":true,"href":"https:\/\/nanomicronspheres.com\/es\/wp-json\/wp\/v2\/media\/1708"}],"wp:attachment":[{"href":"https:\/\/nanomicronspheres.com\/es\/wp-json\/wp\/v2\/media?parent=1590"}],"wp:term":[{"taxonomy":"product_brand","embeddable":true,"href":"https:\/\/nanomicronspheres.com\/es\/wp-json\/wp\/v2\/product_brand?post=1590"},{"taxonomy":"product_cat","embeddable":true,"href":"https:\/\/nanomicronspheres.com\/es\/wp-json\/wp\/v2\/product_cat?post=1590"},{"taxonomy":"product_tag","embeddable":true,"href":"https:\/\/nanomicronspheres.com\/es\/wp-json\/wp\/v2\/product_tag?post=1590"}],"curies":[{"name":"wp","href":"https:\/\/api.w.org\/{rel}","templated":true}]}}