{"id":1302,"date":"2024-04-25T08:16:36","date_gmt":"2024-04-25T08:16:36","guid":{"rendered":"https:\/\/nanomicronspheres.com\/?post_type=product&#038;p=1302"},"modified":"2025-04-22T02:30:12","modified_gmt":"2025-04-22T02:30:12","slug":"polystyrene-microspheres","status":"publish","type":"product","link":"https:\/\/nanomicronspheres.com\/pt\/products\/polystyrene-microspheres\/","title":{"rendered":"Microesferas de Poliestireno"},"content":{"rendered":"<p>I. Descri\u00e7\u00e3o<br \/>\nA medi\u00e7\u00e3o em escala de microesferas de poliestireno n\u00e3o \u00e9 apenas precisa e exata, mas todo o processo de medi\u00e7\u00e3o segue estritamente os m\u00e9todos de medi\u00e7\u00e3o fornecidos pelo Instituto Nacional de Padr\u00f5es e Tecnologia (NIST). Os resultados finais da medi\u00e7\u00e3o do tamanho das part\u00edculas podem ser rastreados at\u00e9 a r\u00e9gua padr\u00e3o NIST. Tais produtos s\u00e3o amplamente utilizados no desenvolvimento de instrumentos e equipamentos de precis\u00e3o, como materiais de refer\u00eancia para medi\u00e7\u00e3o de tamanho de part\u00edculas e controle de qualidade de produ\u00e7\u00e3o.<\/p>\n<p>II. Dados f\u00edsicos<br \/>\n1. Material: bola de poliestireno<br \/>\n2. Grupo funcional: Nenhum<br \/>\n3. Densidade: 1,05g\/cm3<br \/>\n4. \u00cdndice de refra\u00e7\u00e3o: 1,59 @ 589 nm, 25 \u2103<br \/>\n5. Apar\u00eancia: branco leitoso<\/p>\n<p>III. Par\u00e2metros da microesfera<br \/>\n1. Conte\u00fado s\u00f3lido: 10% (solu\u00e7\u00e3o de 1 ml cont\u00e9m 100 mg de part\u00edculas de microesferas)<br \/>\n2. Tamanho m\u00e9dio de part\u00edcula: 500 nm<br \/>\n3. Uniformidade: CV&lt;3%<br \/>\n4. Meio de dispers\u00e3o: \u00e1gua desionizada e vest\u00edgios de surfactante<\/p>\n<p>4. Armazenamento de microesferas<br \/>\nCondi\u00e7\u00f5es de armazenamento: 2 ~ 8 \u2103, mantenha a tampa do frasco bem fechada para evitar congelamento.<\/p>\n<table style=\"border-collapse: collapse; width: 535.52pt;\" border=\"0\" width=\"1428\" cellspacing=\"0\" cellpadding=\"0\">\n<tbody>\n<tr style=\"height: 15.75pt;\">\n<td class=\"et3\" style=\"height: 15.75pt; width: 181.80pt;\" width=\"484\" height=\"42\">N\u00famero de produto<\/td>\n<td class=\"et5\" style=\"width: 230.30pt;\" width=\"614\">Nome do Produto<\/td>\n<td class=\"et5\" style=\"width: 123.55pt;\" width=\"329\">Tamanho da part\u00edcula<\/td>\n<\/tr>\n<tr style=\"height: 14.40pt;\">\n<td class=\"et4\" style=\"height: 14.40pt;\" height=\"38\">PS20-10<\/td>\n<td class=\"et6\">Microesferas de Poliestireno<\/td>\n<td class=\"et4\">20 nm<\/td>\n<\/tr>\n<tr style=\"height: 13.50pt;\">\n<td class=\"et4\" style=\"height: 13.50pt;\" height=\"36\">PS30-10<\/td>\n<td class=\"et6\">Microesferas de Poliestireno<\/td>\n<td class=\"et4\">30 nm<\/td>\n<\/tr>\n<tr style=\"height: 13.50pt;\">\n<td class=\"et4\" style=\"height: 13.50pt;\" height=\"36\">PS40-10<\/td>\n<td class=\"et6\">Microesferas de Poliestireno<\/td>\n<td class=\"et4\">40 nm<\/td>\n<\/tr>\n<tr style=\"height: 14.40pt;\">\n<td class=\"et4\" style=\"height: 14.40pt;\" height=\"38\">PS50-10<\/td>\n<td class=\"et6\">Microesferas de Poliestireno<\/td>\n<td class=\"et4\">50 nm<\/td>\n<\/tr>\n<tr style=\"height: 13.50pt;\">\n<td class=\"et4\" style=\"height: 13.50pt;\" height=\"36\">PS60-50<\/td>\n<td class=\"et6\">Microesferas de Poliestireno<\/td>\n<td class=\"et4\">60 nm<\/td>\n<\/tr>\n<tr style=\"height: 13.50pt;\">\n<td class=\"et4\" style=\"height: 13.50pt;\" height=\"36\">PS70-10<\/td>\n<td class=\"et6\">Microesferas de Poliestireno<\/td>\n<td class=\"et4\">70 nm<\/td>\n<\/tr>\n<tr style=\"height: 14.40pt;\">\n<td class=\"et4\" style=\"height: 14.40pt;\" height=\"38\">PS85-10<\/td>\n<td class=\"et6\">Microesferas de Poliestireno<\/td>\n<td class=\"et4\">85 nm<\/td>\n<\/tr>\n<tr style=\"height: 13.50pt;\">\n<td class=\"et4\" style=\"height: 13.50pt;\" height=\"36\">PS95-10<\/td>\n<td class=\"et6\">Microesferas de Poliestireno<\/td>\n<td class=\"et4\">95 nm<\/td>\n<\/tr>\n<tr style=\"height: 13.50pt;\">\n<td class=\"et4\" style=\"height: 13.50pt;\" height=\"36\">PS100-10<\/td>\n<td class=\"et6\">Microesferas de Poliestireno<\/td>\n<td class=\"et4\">100 nm<\/td>\n<\/tr>\n<tr style=\"height: 14.40pt;\">\n<td class=\"et4\" style=\"height: 14.40pt;\" height=\"38\">PS110-10<\/td>\n<td class=\"et6\">Microesferas de Poliestireno<\/td>\n<td class=\"et4\">110 nm<\/td>\n<\/tr>\n<tr style=\"height: 13.50pt;\">\n<td class=\"et4\" style=\"height: 13.50pt;\" height=\"36\">PS120-10<\/td>\n<td class=\"et6\">Microesferas de Poliestireno<\/td>\n<td class=\"et4\">120 nm<\/td>\n<\/tr>\n<tr style=\"height: 13.50pt;\">\n<td class=\"et4\" style=\"height: 13.50pt;\" height=\"36\">PS160-10<\/td>\n<td class=\"et6\">Microesferas de Poliestireno<\/td>\n<td class=\"et4\">160 nm<\/td>\n<\/tr>\n<tr style=\"height: 14.40pt;\">\n<td class=\"et4\" style=\"height: 14.40pt;\" height=\"38\">PS120-10<\/td>\n<td class=\"et6\">Microesferas de Poliestireno<\/td>\n<td class=\"et4\">190 nm<\/td>\n<\/tr>\n<tr style=\"height: 13.50pt;\">\n<td class=\"et4\" style=\"height: 13.50pt;\" height=\"36\">PS200-10<\/td>\n<td class=\"et6\">Microesferas de Poliestireno<\/td>\n<td class=\"et4\">200 nm<\/td>\n<\/tr>\n<tr style=\"height: 13.50pt;\">\n<td class=\"et4\" style=\"height: 13.50pt;\" height=\"36\">PS220-10<\/td>\n<td class=\"et6\">Microesferas de Poliestireno<\/td>\n<td class=\"et4\">220 nm<\/td>\n<\/tr>\n<tr style=\"height: 14.40pt;\">\n<td class=\"et4\" style=\"height: 14.40pt;\" height=\"38\">PS250-10<\/td>\n<td class=\"et6\">Microesferas de Poliestireno<\/td>\n<td class=\"et4\">250 nm<\/td>\n<\/tr>\n<tr style=\"height: 13.50pt;\">\n<td class=\"et4\" style=\"height: 13.50pt;\" height=\"36\">PS300-10<\/td>\n<td class=\"et6\">Microesferas de Poliestireno<\/td>\n<td class=\"et4\">300 nm<\/td>\n<\/tr>\n<tr style=\"height: 13.50pt;\">\n<td class=\"et4\" style=\"height: 13.50pt;\" height=\"36\">PS320-10<\/td>\n<td class=\"et6\">Microesferas de Poliestireno<\/td>\n<td class=\"et4\">320 nm<\/td>\n<\/tr>\n<tr style=\"height: 14.40pt;\">\n<td class=\"et4\" style=\"height: 14.40pt;\" height=\"38\">PS400-10<\/td>\n<td class=\"et6\">Microesferas de Poliestireno<\/td>\n<td class=\"et4\">400 nm<\/td>\n<\/tr>\n<tr style=\"height: 13.50pt;\">\n<td class=\"et4\" style=\"height: 13.50pt;\" height=\"36\">PS500-10<\/td>\n<td class=\"et6\">Microesferas de Poliestireno<\/td>\n<td class=\"et4\">500 nm<\/td>\n<\/tr>\n<tr style=\"height: 13.50pt;\">\n<td class=\"et4\" style=\"height: 13.50pt;\" height=\"36\">PS600-10<\/td>\n<td class=\"et6\">Microesferas de Poliestireno<\/td>\n<td class=\"et4\">600 nm<\/td>\n<\/tr>\n<tr style=\"height: 14.40pt;\">\n<td class=\"et4\" style=\"height: 14.40pt;\" height=\"38\"><\/td>\n<td class=\"et6\"><\/td>\n<td class=\"et4\"><\/td>\n<\/tr>\n<tr style=\"height: 13.50pt;\">\n<td class=\"et4\" style=\"height: 13.50pt;\" height=\"36\">PS1UM-10<\/td>\n<td class=\"et6\">Microesferas de Poliestireno<\/td>\n<td class=\"et4\">1\u03bcm<\/td>\n<\/tr>\n<tr style=\"height: 13.50pt;\">\n<td class=\"et4\" style=\"height: 13.50pt;\" height=\"36\">PS2UM-10<\/td>\n<td class=\"et6\">Microesferas de Poliestireno<\/td>\n<td class=\"et4\">2\u03bcm<\/td>\n<\/tr>\n<tr style=\"height: 14.40pt;\">\n<td class=\"et4\" style=\"height: 14.40pt;\" height=\"38\">PS3UM-10<\/td>\n<td class=\"et6\">Microesferas de Poliestireno<\/td>\n<td class=\"et4\">3\u03bcm<\/td>\n<\/tr>\n<tr style=\"height: 13.50pt;\">\n<td class=\"et4\" style=\"height: 13.50pt;\" height=\"36\">PS5UM-10<\/td>\n<td class=\"et6\">Microesferas de Poliestireno<\/td>\n<td class=\"et4\">5\u03bcm<\/td>\n<\/tr>\n<tr style=\"height: 13.50pt;\">\n<td class=\"et4\" style=\"height: 13.50pt;\" height=\"36\">PS7UM-10<\/td>\n<td class=\"et6\">Microesferas de Poliestireno<\/td>\n<td class=\"et4\">7\u03bcm<\/td>\n<\/tr>\n<tr style=\"height: 14.40pt;\">\n<td class=\"et4\" style=\"height: 14.40pt;\" height=\"38\">PS8UM-10<\/td>\n<td class=\"et6\">Microesferas de Poliestireno<\/td>\n<td class=\"et4\">8\u03bcm<\/td>\n<\/tr>\n<tr style=\"height: 13.50pt;\">\n<td class=\"et4\" style=\"height: 13.50pt;\" height=\"36\">PS10UM-10<\/td>\n<td class=\"et6\">Microesferas de Poliestireno<\/td>\n<td class=\"et4\">10 \u03bcm<\/td>\n<\/tr>\n<tr style=\"height: 13.50pt;\">\n<td class=\"et4\" style=\"height: 13.50pt;\" height=\"36\">PS15UM-10<\/td>\n<td class=\"et6\">Microesferas de Poliestireno<\/td>\n<td class=\"et4\">15\u03bcm<\/td>\n<\/tr>\n<tr style=\"height: 13.50pt;\">\n<td class=\"et4\" style=\"height: 13.50pt;\" height=\"36\">PS20UM-10<\/td>\n<td class=\"et6\">Microesferas de Poliestireno<\/td>\n<td class=\"et4\">20\u03bcm<\/td>\n<\/tr>\n<tr style=\"height: 13.50pt;\">\n<td class=\"et4\" style=\"height: 13.50pt;\" height=\"36\">PS25UM-10<\/td>\n<td class=\"et6\">Microesferas de Poliestireno<\/td>\n<td class=\"et4\">25\u03bcm<\/td>\n<\/tr>\n<tr style=\"height: 13.50pt;\">\n<td class=\"et4\" style=\"height: 13.50pt;\" height=\"36\">PS30UM-10<\/td>\n<td class=\"et6\">Microesferas de Poliestireno<\/td>\n<td class=\"et4\">30\u03bcm<\/td>\n<\/tr>\n<tr style=\"height: 13.50pt;\">\n<td class=\"et4\" style=\"height: 13.50pt;\" height=\"36\">PS35UM-10<\/td>\n<td class=\"et6\">Microesferas de Poliestireno<\/td>\n<td class=\"et4\">35\u03bcm<\/td>\n<\/tr>\n<tr style=\"height: 13.50pt;\">\n<td class=\"et4\" style=\"height: 13.50pt;\" height=\"36\">PS40UM-10<\/td>\n<td class=\"et6\">Microesferas de Poliestireno<\/td>\n<td class=\"et4\">40\u03bcm<\/td>\n<\/tr>\n<tr style=\"height: 13.50pt;\">\n<td class=\"et4\" style=\"height: 13.50pt;\" height=\"36\">PS45UM-10<\/td>\n<td class=\"et6\">Microesferas de Poliestireno<\/td>\n<td class=\"et4\">45\u03bcm<\/td>\n<\/tr>\n<tr style=\"height: 13.50pt;\">\n<td class=\"et4\" style=\"height: 13.50pt;\" height=\"36\">PS50UM-10<\/td>\n<td class=\"et6\">Microesferas de Poliestireno<\/td>\n<td class=\"et4\">50\u03bcm<\/td>\n<\/tr>\n<tr style=\"height: 13.50pt;\">\n<td class=\"et4\" style=\"height: 13.50pt;\" height=\"36\">PS60UM-10<\/td>\n<td class=\"et6\">Microesferas de Poliestireno<\/td>\n<td class=\"et4\">60\u03bcm<\/td>\n<\/tr>\n<tr style=\"height: 13.50pt;\">\n<td class=\"et4\" style=\"height: 13.50pt;\" height=\"36\">PS70UM-10<\/td>\n<td class=\"et6\">Microesferas de Poliestireno<\/td>\n<td class=\"et4\">70\u03bcm<\/td>\n<\/tr>\n<tr style=\"height: 13.50pt;\">\n<td class=\"et4\" style=\"height: 13.50pt;\" height=\"36\">PS80UM-10<\/td>\n<td class=\"et6\">Microesferas de Poliestireno<\/td>\n<td class=\"et4\">80\u03bcm<\/td>\n<\/tr>\n<tr style=\"height: 13.50pt;\">\n<td class=\"et4\" style=\"height: 13.50pt;\" height=\"36\">PS90UM-10<\/td>\n<td class=\"et6\">Microesferas de Poliestireno<\/td>\n<td class=\"et4\">90\u03bcm<\/td>\n<\/tr>\n<tr style=\"height: 13.50pt;\">\n<td class=\"et4\" style=\"height: 13.50pt;\" height=\"36\">PS100UM-10<\/td>\n<td class=\"et6\">Microesferas de Poliestireno<\/td>\n<td class=\"et4\">100\u03bcm<\/td>\n<\/tr>\n<tr style=\"height: 13.50pt;\">\n<td class=\"et4\" style=\"height: 13.50pt;\" height=\"36\">PS150UM-10<\/td>\n<td class=\"et6\">Microesferas de Poliestireno<\/td>\n<td class=\"et4\">150\u03bcm<\/td>\n<\/tr>\n<tr style=\"height: 13.50pt;\">\n<td class=\"et4\" style=\"height: 13.50pt;\" height=\"36\">PS200UM-10<\/td>\n<td class=\"et6\">Microesferas de Poliestireno<\/td>\n<td class=\"et4\">200\u03bcm<\/td>\n<\/tr>\n<\/tbody>\n<\/table>","protected":false},"excerpt":{"rendered":"<p>A medi\u00e7\u00e3o em escala de microesferas de poliestireno n\u00e3o \u00e9 apenas precisa e exata, mas todo o processo de medi\u00e7\u00e3o segue estritamente os m\u00e9todos de medi\u00e7\u00e3o fornecidos pelo Instituto Nacional de Padr\u00f5es e Tecnologia (NIST). Os resultados finais da medi\u00e7\u00e3o do tamanho das part\u00edculas podem ser rastreados at\u00e9 a r\u00e9gua padr\u00e3o NIST. Tais produtos s\u00e3o amplamente utilizados no desenvolvimento de instrumentos e equipamentos de precis\u00e3o, como materiais de refer\u00eancia para medi\u00e7\u00e3o de tamanho de part\u00edculas e controle de qualidade de produ\u00e7\u00e3o.<\/p>","protected":false},"featured_media":1707,"template":"","meta":{"nf_dc_page":"","site-sidebar-layout":"default","site-content-layout":"","ast-site-content-layout":"default","site-content-style":"default","site-sidebar-style":"default","ast-global-header-display":"","ast-banner-title-visibility":"","ast-main-header-display":"","ast-hfb-above-header-display":"","ast-hfb-below-header-display":"","ast-hfb-mobile-header-display":"","site-post-title":"","ast-breadcrumbs-content":"","ast-featured-img":"","footer-sml-layout":"","ast-disable-related-posts":"","theme-transparent-header-meta":"default","adv-header-id-meta":"","stick-header-meta":"","header-above-stick-meta":"","header-main-stick-meta":"","header-below-stick-meta":"","astra-migrate-meta-layouts":"set","ast-page-background-enabled":"default","ast-page-background-meta":{"desktop":{"background-color":"","background-image":"","background-repeat":"repeat","background-position":"center center","background-size":"auto","background-attachment":"scroll","background-type":"","background-media":"","overlay-type":"","overlay-color":"","overlay-opacity":"","overlay-gradient":""},"tablet":{"background-color":"","background-image":"","background-repeat":"repeat","background-position":"center center","background-size":"auto","background-attachment":"scroll","background-type":"","background-media":"","overlay-type":"","overlay-color":"","overlay-opacity":"","overlay-gradient":""},"mobile":{"background-color":"","background-image":"","background-repeat":"repeat","background-position":"center center","background-size":"auto","background-attachment":"scroll","background-type":"","background-media":"","overlay-type":"","overlay-color":"","overlay-opacity":"","overlay-gradient":""}},"ast-content-background-meta":{"desktop":{"background-color":"var(--ast-global-color-5)","background-image":"","background-repeat":"repeat","background-position":"center center","background-size":"auto","background-attachment":"scroll","background-type":"","background-media":"","overlay-type":"","overlay-color":"","overlay-opacity":"","overlay-gradient":""},"tablet":{"background-color":"var(--ast-global-color-5)","background-image":"","background-repeat":"repeat","background-position":"center center","background-size":"auto","background-attachment":"scroll","background-type":"","background-media":"","overlay-type":"","overlay-color":"","overlay-opacity":"","overlay-gradient":""},"mobile":{"background-color":"var(--ast-global-color-5)","background-image":"","background-repeat":"repeat","background-position":"center center","background-size":"auto","background-attachment":"scroll","background-type":"","background-media":"","overlay-type":"","overlay-color":"","overlay-opacity":"","overlay-gradient":""}}},"product_brand":[],"product_cat":[35,38],"product_tag":[],"class_list":{"0":"post-1302","1":"product","2":"type-product","3":"status-publish","4":"has-post-thumbnail","6":"product_cat-hot-sale-products","7":"product_cat-polystyrene-microspheres","8":"desktop-align-left","9":"tablet-align-left","10":"mobile-align-left","12":"first","13":"instock","14":"shipping-taxable","15":"product-type-simple"},"_links":{"self":[{"href":"https:\/\/nanomicronspheres.com\/pt\/wp-json\/wp\/v2\/product\/1302","targetHints":{"allow":["GET"]}}],"collection":[{"href":"https:\/\/nanomicronspheres.com\/pt\/wp-json\/wp\/v2\/product"}],"about":[{"href":"https:\/\/nanomicronspheres.com\/pt\/wp-json\/wp\/v2\/types\/product"}],"wp:featuredmedia":[{"embeddable":true,"href":"https:\/\/nanomicronspheres.com\/pt\/wp-json\/wp\/v2\/media\/1707"}],"wp:attachment":[{"href":"https:\/\/nanomicronspheres.com\/pt\/wp-json\/wp\/v2\/media?parent=1302"}],"wp:term":[{"taxonomy":"product_brand","embeddable":true,"href":"https:\/\/nanomicronspheres.com\/pt\/wp-json\/wp\/v2\/product_brand?post=1302"},{"taxonomy":"product_cat","embeddable":true,"href":"https:\/\/nanomicronspheres.com\/pt\/wp-json\/wp\/v2\/product_cat?post=1302"},{"taxonomy":"product_tag","embeddable":true,"href":"https:\/\/nanomicronspheres.com\/pt\/wp-json\/wp\/v2\/product_tag?post=1302"}],"curies":[{"name":"wp","href":"https:\/\/api.w.org\/{rel}","templated":true}]}}