{"id":1307,"date":"2024-04-25T08:37:17","date_gmt":"2024-04-25T08:37:17","guid":{"rendered":"https:\/\/nanomicronspheres.com\/?post_type=product&#038;p=1307"},"modified":"2025-03-20T09:26:33","modified_gmt":"2025-03-20T09:26:33","slug":"time-resolved-fluorescent-microspheres","status":"publish","type":"product","link":"https:\/\/nanomicronspheres.com\/pt\/products\/time-resolved-fluorescent-microspheres\/","title":{"rendered":"Microesferas fluorescentes resolvidas no tempo"},"content":{"rendered":"<h2>1. Introdu\u00e7\u00e3o ao produto de microesferas fluorescentes resolvidas no tempo<\/h2>\n<p>As microesferas fluorescentes resolvidas no tempo s\u00e3o projetadas para reagentes de imunoensaio de fluxo lateral e s\u00e3o feitas de corantes fluorescentes resolvidos no tempo copolimerizados com estireno. As microesferas de fluoresc\u00eancia resolvidas no tempo t\u00eam as caracter\u00edsticas de grande deslocamento de Stokes, nenhum efeito de extin\u00e7\u00e3o interna durante a agrega\u00e7\u00e3o, forte sinal de detec\u00e7\u00e3o, corante fluorescente envolto em microesferas, n\u00e3o \u00e9 facilmente afetado pelo ambiente externo e fluoresc\u00eancia est\u00e1vel. \u00c9 um marcador ideal para cromatografia quantitativa de imunofluoresc\u00eancia.<\/p>\n<figure id=\"attachment_1693\" aria-describedby=\"caption-attachment-1693\" style=\"width: 300px\" class=\"wp-caption aligncenter\"><img fetchpriority=\"high\" decoding=\"async\" class=\"size-medium wp-image-1693\" src=\"https:\/\/nanomicronspheres.com\/wp-content\/uploads\/2024\/04\/\u65f6\u95f4\u5206\u8fa8\u8367\u5149\u5fae\u7403\u5149\u8c31-300x233.jpg\" alt=\"Time-resolved\u00a0fluo Microspheres spectrumTime resolved fluorescent microspheres\" width=\"300\" height=\"233\" srcset=\"https:\/\/nanomicronspheres.com\/wp-content\/uploads\/2024\/04\/\u65f6\u95f4\u5206\u8fa8\u8367\u5149\u5fae\u7403\u5149\u8c31-300x233.jpg 300w, https:\/\/nanomicronspheres.com\/wp-content\/uploads\/2024\/04\/\u65f6\u95f4\u5206\u8fa8\u8367\u5149\u5fae\u7403\u5149\u8c31.jpg 412w\" sizes=\"(max-width: 300px) 100vw, 300px\" \/><figcaption id=\"caption-attachment-1693\" class=\"wp-caption-text\">Espectro de microesferas fluo resolvido no tempo<\/figcaption><\/figure>\n<p>&nbsp;<\/p>\n<h2>2. Par\u00e2metros da microesfera<\/h2>\n<p>1. Ingredientes: Microesferas de poliestireno modificadas modificadas com complexos fluorescentes de elemento de terras raras eur\u00f3pio<\/p>\n<p>2. Conte\u00fado s\u00f3lido: 1% (1ml de suspens\u00e3o cont\u00e9m 10mg de microesferas)<\/p>\n<p>3. Tamanho m\u00e9dio de part\u00edcula: 200 nm<\/p>\n<p>4. Uniformidade de tamanho de part\u00edcula: CV&lt;5%<\/p>\n<p>5. Grupos funcionais: grupo carboxila, grupo sulfato, etc.<\/p>\n<p>6. Conte\u00fado de carboxila: 200\u00b110\u03bcmol\/g<\/p>\n<p>7. Propriedades de fluoresc\u00eancia: comprimento de onda de excita\u00e7\u00e3o: 365 nm, comprimento de onda de emiss\u00e3o: 610 nm<\/p>\n<p>8. Vida \u00fatil da fluoresc\u00eancia: 720\u03bcs<\/p>\n<p>9. Densidade: 1,05g\/cm3<\/p>\n<p>10. \u00cdndice de refra\u00e7\u00e3o: 1,59 (589 nm, 25 \u2103)<\/p>\n<p>11. Apar\u00eancia: emuls\u00e3o branca<br \/>\nTr\u00eas: preserva\u00e7\u00e3o da microesfera<br \/>\nCondi\u00e7\u00f5es de armazenamento: Armazenar entre 2-8\u00b0C, protegido da luz, lacrado e n\u00e3o pode ser congelado e descongelado repetidamente. 4. Como usar<\/p>\n<h5>(1) Etapas de ativa\u00e7\u00e3o:<\/h5>\n<p>1. Dispersar as microesferas ultrassonicamente por cerca de 2 minutos e depois agit\u00e1-las manualmente;<\/p>\n<p>2. Em um tubo EP de 2mL, adicione 100\u03bcL de microesferas (conte\u00fado s\u00f3lido 1%), em seguida adicione 900\u03bcL de \u00e1gua ultrapura (ou tamp\u00e3o MES) e reserve;<\/p>\n<p>3. Prepara\u00e7\u00e3o:<\/p>\n<p>Solu\u00e7\u00e3o de etanol N-hidroxisuccinimida (NHS) 10mg\/ml Uma solu\u00e7\u00e3o<br \/>\n10mg\/ml solu\u00e7\u00e3o de etanol B de cloridrato de 1-(3-dimetilaminopropil)-3-etilcarbodiimida (EDC)<br \/>\nNota: NHS e EDC s\u00e3o f\u00e1ceis de absorver umidade. Estes dois reagentes precisam ser reaquecidos por mais de 30 minutos antes da pesagem.<\/p>\n<p>4. Adicionar 5 \u03bcl de solu\u00e7\u00e3o A \u00e0 suspens\u00e3o de microesferas e misturar bem, em seguida adicionar 5 \u03bcl de solu\u00e7\u00e3o B, misturar novamente e reagir em temperatura ambiente por 15 a 30 minutos;<\/p>\n<p>5. Centrifugar a 14.000r\/min por 15min, remover o sobrenadante, adicionar 1ml de \u00e1gua ultrapura (ou tamp\u00e3o de acoplamento de anticorpos) e depois dispersar uniformemente por ultrassom.<br \/>\nNota: Certifique-se de dispersar completamente, caso contr\u00e1rio as microesferas ap\u00f3s a reticula\u00e7\u00e3o do anticorpo aglomerar\u00e3o-se facilmente e a tira funcionar\u00e1 mal.<\/p>\n<h5>(2) Reticula\u00e7\u00e3o de anticorpos<\/h5>\n<p>Preste aten\u00e7\u00e3o especial se o anticorpo usado para reticula\u00e7\u00e3o precipita. Se ocorrer precipita\u00e7\u00e3o, o anticorpo necessita de ser centrifugado ou filtrado, caso contr\u00e1rio as microesferas reticuladas ir\u00e3o aglomerar-se. Os anticorpos que foram filtrados ou centrifugados precisam ser redeterminados quanto \u00e0 concentra\u00e7\u00e3o de anticorpos.<br \/>\nA quantidade de anticorpo reticulado na superf\u00edcie das microesferas \u00e9: anticorpo\/microesfera = 10 ~ 50 \u03bcg\/mg, e a quantidade ideal de marca\u00e7\u00e3o \u00e9 geralmente 20 \u03bcg\/mg.<\/p>\n<h3>Etapas de reticula\u00e7\u00e3o de anticorpos:<\/h3>\n<p>1. Pegue 1ml da suspens\u00e3o de microesferas ativadas acima, disperse-a por ultrassom e adicione o anticorpo gota a gota enquanto agita. A dosagem ideal de anticorpos \u00e9 20ug;<br \/>\nNota: O tamp\u00e3o de reticula\u00e7\u00e3o de anticorpos recomendado \u00e9 o tamp\u00e3o de \u00e1cido b\u00f3rico, 0,02 mol\/L, pH=8,0. Cada anticorpo tem seu tamp\u00e3o de reticula\u00e7\u00e3o ideal (tipo, concentra\u00e7\u00e3o, pH), que voc\u00ea precisa explorar sozinho.<\/p>\n<p>2. Misture \u00e0 temperatura ambiente por 1 hora e depois teste o desempenho das microesferas ap\u00f3s acoplar o anticorpo;<br \/>\nNota: As tiras de teste revestidas com IgG anti-camundongo de cabra podem ser usadas para testar a fluidez e o desempenho de reconhecimento de anticorpos das microesferas ap\u00f3s a reticula\u00e7\u00e3o do anticorpo.<\/p>\n<p>3. Adicionar BSA (concentra\u00e7\u00e3o final de 0,5%) para bloqueio por 1 hora;<\/p>\n<p>4. Centrifugar a 13.000r\/min por 15min;<\/p>\n<p>5. Adicione 1ml de solu\u00e7\u00e3o de preserva\u00e7\u00e3o \u00e0s microesferas centrifugadas, misture bem e guarde na geladeira, ao abrigo da luz, at\u00e9 o uso.<\/p>\n<p>Nota: Como os anticorpos de cada projeto s\u00e3o diferentes, voc\u00ea mesmo precisa explorar a melhor solu\u00e7\u00e3o de preserva\u00e7\u00e3o. A f\u00f3rmula b\u00e1sica da solu\u00e7\u00e3o de preserva\u00e7\u00e3o \u00e9: sacarose 10% (p\/v), 0,01mol\/L PB pHPB pH=7,4.<\/p>\n<table width=\"1428\">\n<tbody>\n<tr>\n<td width=\"484\">N\u00famero de produto<\/td>\n<td width=\"614\">Nome do Produto<\/td>\n<td width=\"329\">Tamanho da part\u00edcula<\/td>\n<\/tr>\n<tr>\n<td>EU070-10<\/td>\n<td>Microesferas fluorescentes resolvidas no tempo<\/td>\n<td>70 nm<\/td>\n<\/tr>\n<tr>\n<td>UE100-10<\/td>\n<td>Microesferas fluorescentes resolvidas no tempo<\/td>\n<td>100 nm<\/td>\n<\/tr>\n<tr>\n<td>UE200-10<\/td>\n<td>Microesferas fluorescentes resolvidas no tempo<\/td>\n<td>200 nm<\/td>\n<\/tr>\n<tr>\n<td>UE300-10<\/td>\n<td>Microesferas fluorescentes resolvidas no tempo<\/td>\n<td>300 nm<\/td>\n<\/tr>\n<tr>\n<td>UE400-10<\/td>\n<td>Microesferas fluorescentes resolvidas no tempo<\/td>\n<td>400 nm<\/td>\n<\/tr>\n<\/tbody>\n<\/table>","protected":false},"excerpt":{"rendered":"<p>As microesferas de fluoresc\u00eancia resolvidas no tempo s\u00e3o projetadas para reagentes de imunoensaio de fluxo lateral e s\u00e3o feitas de corantes fluorescentes resolvidos no tempo copolimerizados com estireno. Elas t\u00eam as caracter\u00edsticas de grande deslocamento de Stokes, nenhum efeito de extin\u00e7\u00e3o interna durante a agrega\u00e7\u00e3o, forte sinal de detec\u00e7\u00e3o, corante fluorescente envolto em microesferas, n\u00e3o \u00e9 facilmente afetado pelo ambiente externo e fluoresc\u00eancia est\u00e1vel. \u00c9 um marcador ideal para cromatografia quantitativa de imunofluoresc\u00eancia. 2. Par\u00e2metros de microesfera<\/p>","protected":false},"featured_media":1678,"template":"","meta":{"nf_dc_page":"","site-sidebar-layout":"default","site-content-layout":"","ast-site-content-layout":"default","site-content-style":"default","site-sidebar-style":"default","ast-global-header-display":"","ast-banner-title-visibility":"","ast-main-header-display":"","ast-hfb-above-header-display":"","ast-hfb-below-header-display":"","ast-hfb-mobile-header-display":"","site-post-title":"","ast-breadcrumbs-content":"","ast-featured-img":"","footer-sml-layout":"","ast-disable-related-posts":"","theme-transparent-header-meta":"default","adv-header-id-meta":"","stick-header-meta":"","header-above-stick-meta":"","header-main-stick-meta":"","header-below-stick-meta":"","astra-migrate-meta-layouts":"set","ast-page-background-enabled":"default","ast-page-background-meta":{"desktop":{"background-color":"","background-image":"","background-repeat":"repeat","background-position":"center center","background-size":"auto","background-attachment":"scroll","background-type":"","background-media":"","overlay-type":"","overlay-color":"","overlay-opacity":"","overlay-gradient":""},"tablet":{"background-color":"","background-image":"","background-repeat":"repeat","background-position":"center center","background-size":"auto","background-attachment":"scroll","background-type":"","background-media":"","overlay-type":"","overlay-color":"","overlay-opacity":"","overlay-gradient":""},"mobile":{"background-color":"","background-image":"","background-repeat":"repeat","background-position":"center center","background-size":"auto","background-attachment":"scroll","background-type":"","background-media":"","overlay-type":"","overlay-color":"","overlay-opacity":"","overlay-gradient":""}},"ast-content-background-meta":{"desktop":{"background-color":"var(--ast-global-color-5)","background-image":"","background-repeat":"repeat","background-position":"center center","background-size":"auto","background-attachment":"scroll","background-type":"","background-media":"","overlay-type":"","overlay-color":"","overlay-opacity":"","overlay-gradient":""},"tablet":{"background-color":"var(--ast-global-color-5)","background-image":"","background-repeat":"repeat","background-position":"center center","background-size":"auto","background-attachment":"scroll","background-type":"","background-media":"","overlay-type":"","overlay-color":"","overlay-opacity":"","overlay-gradient":""},"mobile":{"background-color":"var(--ast-global-color-5)","background-image":"","background-repeat":"repeat","background-position":"center center","background-size":"auto","background-attachment":"scroll","background-type":"","background-media":"","overlay-type":"","overlay-color":"","overlay-opacity":"","overlay-gradient":""}}},"product_brand":[],"product_cat":[21,35],"product_tag":[],"class_list":{"0":"post-1307","1":"product","2":"type-product","3":"status-publish","4":"has-post-thumbnail","6":"product_cat-fluorescent-microspheres","7":"product_cat-hot-sale-products","8":"desktop-align-left","9":"tablet-align-left","10":"mobile-align-left","12":"first","13":"instock","14":"shipping-taxable","15":"product-type-simple"},"_links":{"self":[{"href":"https:\/\/nanomicronspheres.com\/pt\/wp-json\/wp\/v2\/product\/1307","targetHints":{"allow":["GET"]}}],"collection":[{"href":"https:\/\/nanomicronspheres.com\/pt\/wp-json\/wp\/v2\/product"}],"about":[{"href":"https:\/\/nanomicronspheres.com\/pt\/wp-json\/wp\/v2\/types\/product"}],"wp:featuredmedia":[{"embeddable":true,"href":"https:\/\/nanomicronspheres.com\/pt\/wp-json\/wp\/v2\/media\/1678"}],"wp:attachment":[{"href":"https:\/\/nanomicronspheres.com\/pt\/wp-json\/wp\/v2\/media?parent=1307"}],"wp:term":[{"taxonomy":"product_brand","embeddable":true,"href":"https:\/\/nanomicronspheres.com\/pt\/wp-json\/wp\/v2\/product_brand?post=1307"},{"taxonomy":"product_cat","embeddable":true,"href":"https:\/\/nanomicronspheres.com\/pt\/wp-json\/wp\/v2\/product_cat?post=1307"},{"taxonomy":"product_tag","embeddable":true,"href":"https:\/\/nanomicronspheres.com\/pt\/wp-json\/wp\/v2\/product_tag?post=1307"}],"curies":[{"name":"wp","href":"https:\/\/api.w.org\/{rel}","templated":true}]}}