{"id":1308,"date":"2024-04-25T08:40:26","date_gmt":"2024-04-25T08:40:26","guid":{"rendered":"https:\/\/nanomicronspheres.com\/?post_type=product&#038;p=1308"},"modified":"2025-03-20T09:18:30","modified_gmt":"2025-03-20T09:18:30","slug":"nhs-magnetic-beads","status":"publish","type":"product","link":"https:\/\/nanomicronspheres.com\/pt\/products\/nhs-magnetic-beads\/","title":{"rendered":"Gr\u00e2nulos magn\u00e9ticos do NHS"},"content":{"rendered":"<h2>1. Vis\u00e3o geral das esferas magn\u00e9ticas do NHS<\/h2>\n<p>O grupo funcional na superf\u00edcie das esferas magn\u00e9ticas NHS \u00e9 o NHS, que pode se acoplar a prote\u00ednas ou pequenas mol\u00e9culas com am\u00f4nia prim\u00e1ria para formar liga\u00e7\u00f5es pept\u00eddicas est\u00e1veis, que podem ser usadas para purifica\u00e7\u00e3o por afinidade de anticorpos, ant\u00edgenos, etc. Comparado com esferas magn\u00e9ticas carbox\u00edlicas convencionais e esferas magn\u00e9ticas amino, ele tem as caracter\u00edsticas de opera\u00e7\u00e3o simples e condi\u00e7\u00f5es de acoplamento suaves.<\/p>\n<h2>2. Caracter\u00edsticas do produto<\/h2>\n<p>Resposta magn\u00e9tica r\u00e1pida e boa monodispersidade<br \/>\nPequena varia\u00e7\u00e3o entre lotes e alta repetibilidade<br \/>\nBoa biocompatibilidade e baixa citotoxicidade<br \/>\nConveniente para combinar com uma variedade de biomol\u00e9culas e simples de operar<\/p>\n<h2>3. Par\u00e2metros do produto<\/h2>\n<p>Tamanho de part\u00edcula: 0,2 1, 3, 5, 10, 20, 30, 40, 50\u03bcm<br \/>\nConcentra\u00e7\u00e3o: 50 mg\/mL<br \/>\nSolu\u00e7\u00e3o de preserva\u00e7\u00e3o: \u00e1lcool isoprop\u00edlico<br \/>\nLigante: NHS<br \/>\nDensidade do ligante: \u226520-30 \u03bcmol\/g<br \/>\nCondi\u00e7\u00f5es de armazenamento: 4 \u2103<br \/>\nConte\u00fado de ferro (Fe): 30%<\/p>\n<h2>4.Como usar<\/h2>\n<p>Pegue uma quantidade adequada de esferas magn\u00e9ticas e lave-as v\u00e1rias vezes com solu\u00e7\u00e3o tamp\u00e3o de pH 8,0. Dispersar uma quantidade apropriada de biomol\u00e9culas num tamp\u00e3o de pH 8,0, redispersar as esferas magn\u00e9ticas nesta solu\u00e7\u00e3o e acoplar a 25\u00b0C durante 3 horas ou durante a noite a 4\u00b0C.<\/p>\n<p>Ap\u00f3s o acoplamento, absorva magneticamente as esferas, descarte o sobrenadante, adicione tamp\u00e3o contendo 1% BSA, redisperse as esferas e acople a 25\u00b0C por 1 hora para bloquear os grupos NHS que n\u00e3o reagiram.<\/p>\n<p>Ap\u00f3s o bloqueio, absorva magneticamente as esferas, remova o sobrenadante, lave as esferas 3 vezes com tamp\u00e3o PBS 20 mM pH 7,4, redisperse e armazene a 4\u00b0C para uso posterior. Se necess\u00e1rio, adicione azida de s\u00f3dio 0,02% para inibir o crescimento bacteriano. .<\/p>\n<h2>5. Coisas a serem observadas<\/h2>\n<p>As esferas magn\u00e9ticas t\u00eam alta densidade e afundam facilmente se deixadas em p\u00e9 por muito tempo. Portanto, agite bem antes de usar para obter uma suspens\u00e3o uniforme de esferas magn\u00e9ticas.<\/p>\n<p>O tamp\u00e3o de acoplamento utilizado durante o acoplamento n\u00e3o deve conter subst\u00e2ncias de am\u00f4nia, caso contr\u00e1rio afetar\u00e1 a efici\u00eancia do acoplamento.<\/p>\n<p>Ao bloquear, solu\u00e7\u00e3o de etanolamina, solu\u00e7\u00e3o saturada de Tris, etc. podem ser selecionadas para bloqueio de acordo com as necessidades da aplica\u00e7\u00e3o. O grupo do NHS \u00e9 muito reativo e sens\u00edvel \u00e0 \u00e1gua. Portanto, depois de retirar as esferas magn\u00e9ticas, sele as esferas magn\u00e9ticas restantes com uma pel\u00edcula de veda\u00e7\u00e3o e armazene-as a 4\u00b0C.<\/p>\n<table width=\"1428\">\n<tbody>\n<tr>\n<td width=\"484\">N\u00famero de produto<\/td>\n<td width=\"614\">Nome do Produto<\/td>\n<td width=\"329\">Tamanho da part\u00edcula<\/td>\n<\/tr>\n<tr>\n<td>MagNHS200-10<\/td>\n<td>Gr\u00e2nulos magn\u00e9ticos do NHS<\/td>\n<td>200 nm<\/td>\n<\/tr>\n<tr>\n<td>MagNHS500-10<\/td>\n<td>Gr\u00e2nulos magn\u00e9ticos do NHS<\/td>\n<td>500 nm<\/td>\n<\/tr>\n<tr>\n<td>MagNHS1UM-10<\/td>\n<td>Gr\u00e2nulos magn\u00e9ticos do NHS<\/td>\n<td>1\u03bcm<\/td>\n<\/tr>\n<tr>\n<td>MagNHS1.5UM-10<\/td>\n<td>Gr\u00e2nulos magn\u00e9ticos do NHS<\/td>\n<td>1,5\u03bcm<\/td>\n<\/tr>\n<tr>\n<td>MagNHS2.8UM-10<\/td>\n<td>Gr\u00e2nulos magn\u00e9ticos do NHS<\/td>\n<td>2,8\u03bcm<\/td>\n<\/tr>\n<tr>\n<td>MagNHS3UM-10<\/td>\n<td>Gr\u00e2nulos magn\u00e9ticos do NHS<\/td>\n<td>3\u03bcm<\/td>\n<\/tr>\n<tr>\n<td>MagNHS5UM-10<\/td>\n<td>Gr\u00e2nulos magn\u00e9ticos do NHS<\/td>\n<td>5\u03bcm<\/td>\n<\/tr>\n<tr>\n<td>MagNHS10UM-10<\/td>\n<td>Conta magn\u00e9tica do NHS<\/td>\n<td>10 \u03bcm<\/td>\n<\/tr>\n<\/tbody>\n<\/table>","protected":false},"excerpt":{"rendered":"<p>O grupo funcional na superf\u00edcie das esferas magn\u00e9ticas NHS \u00e9 o NHS, que pode se acoplar a prote\u00ednas ou pequenas mol\u00e9culas com am\u00f4nia prim\u00e1ria para formar liga\u00e7\u00f5es pept\u00eddicas est\u00e1veis, que podem ser usadas para purifica\u00e7\u00e3o por afinidade de anticorpos, ant\u00edgenos, etc. e esferas aminomagn\u00e9ticas, as esferas magn\u00e9ticas NHS t\u00eam as caracter\u00edsticas de opera\u00e7\u00e3o simples e condi\u00e7\u00f5es de acoplamento suaves.<\/p>","protected":false},"featured_media":1701,"template":"","meta":{"nf_dc_page":"","site-sidebar-layout":"default","site-content-layout":"","ast-site-content-layout":"default","site-content-style":"default","site-sidebar-style":"default","ast-global-header-display":"","ast-banner-title-visibility":"","ast-main-header-display":"","ast-hfb-above-header-display":"","ast-hfb-below-header-display":"","ast-hfb-mobile-header-display":"","site-post-title":"","ast-breadcrumbs-content":"","ast-featured-img":"","footer-sml-layout":"","ast-disable-related-posts":"","theme-transparent-header-meta":"default","adv-header-id-meta":"","stick-header-meta":"","header-above-stick-meta":"","header-main-stick-meta":"","header-below-stick-meta":"","astra-migrate-meta-layouts":"set","ast-page-background-enabled":"default","ast-page-background-meta":{"desktop":{"background-color":"","background-image":"","background-repeat":"repeat","background-position":"center center","background-size":"auto","background-attachment":"scroll","background-type":"","background-media":"","overlay-type":"","overlay-color":"","overlay-opacity":"","overlay-gradient":""},"tablet":{"background-color":"","background-image":"","background-repeat":"repeat","background-position":"center center","background-size":"auto","background-attachment":"scroll","background-type":"","background-media":"","overlay-type":"","overlay-color":"","overlay-opacity":"","overlay-gradient":""},"mobile":{"background-color":"","background-image":"","background-repeat":"repeat","background-position":"center center","background-size":"auto","background-attachment":"scroll","background-type":"","background-media":"","overlay-type":"","overlay-color":"","overlay-opacity":"","overlay-gradient":""}},"ast-content-background-meta":{"desktop":{"background-color":"var(--ast-global-color-5)","background-image":"","background-repeat":"repeat","background-position":"center center","background-size":"auto","background-attachment":"scroll","background-type":"","background-media":"","overlay-type":"","overlay-color":"","overlay-opacity":"","overlay-gradient":""},"tablet":{"background-color":"var(--ast-global-color-5)","background-image":"","background-repeat":"repeat","background-position":"center center","background-size":"auto","background-attachment":"scroll","background-type":"","background-media":"","overlay-type":"","overlay-color":"","overlay-opacity":"","overlay-gradient":""},"mobile":{"background-color":"var(--ast-global-color-5)","background-image":"","background-repeat":"repeat","background-position":"center center","background-size":"auto","background-attachment":"scroll","background-type":"","background-media":"","overlay-type":"","overlay-color":"","overlay-opacity":"","overlay-gradient":""}}},"product_brand":[],"product_cat":[35,23],"product_tag":[],"class_list":{"0":"post-1308","1":"product","2":"type-product","3":"status-publish","4":"has-post-thumbnail","6":"product_cat-hot-sale-products","7":"product_cat-magnetic-microspheres","8":"desktop-align-left","9":"tablet-align-left","10":"mobile-align-left","12":"first","13":"instock","14":"shipping-taxable","15":"product-type-simple"},"_links":{"self":[{"href":"https:\/\/nanomicronspheres.com\/pt\/wp-json\/wp\/v2\/product\/1308","targetHints":{"allow":["GET"]}}],"collection":[{"href":"https:\/\/nanomicronspheres.com\/pt\/wp-json\/wp\/v2\/product"}],"about":[{"href":"https:\/\/nanomicronspheres.com\/pt\/wp-json\/wp\/v2\/types\/product"}],"wp:featuredmedia":[{"embeddable":true,"href":"https:\/\/nanomicronspheres.com\/pt\/wp-json\/wp\/v2\/media\/1701"}],"wp:attachment":[{"href":"https:\/\/nanomicronspheres.com\/pt\/wp-json\/wp\/v2\/media?parent=1308"}],"wp:term":[{"taxonomy":"product_brand","embeddable":true,"href":"https:\/\/nanomicronspheres.com\/pt\/wp-json\/wp\/v2\/product_brand?post=1308"},{"taxonomy":"product_cat","embeddable":true,"href":"https:\/\/nanomicronspheres.com\/pt\/wp-json\/wp\/v2\/product_cat?post=1308"},{"taxonomy":"product_tag","embeddable":true,"href":"https:\/\/nanomicronspheres.com\/pt\/wp-json\/wp\/v2\/product_tag?post=1308"}],"curies":[{"name":"wp","href":"https:\/\/api.w.org\/{rel}","templated":true}]}}