{"id":1309,"date":"2024-04-25T08:42:28","date_gmt":"2024-04-25T08:42:28","guid":{"rendered":"https:\/\/nanomicronspheres.com\/?post_type=product&#038;p=1309"},"modified":"2025-03-19T09:41:36","modified_gmt":"2025-03-19T09:41:36","slug":"nickel-magnetic-beads","status":"publish","type":"product","link":"https:\/\/nanomicronspheres.com\/pt\/products\/nickel-magnetic-beads\/","title":{"rendered":"Contas magn\u00e9ticas de n\u00edquel"},"content":{"rendered":"<h2>1. Vis\u00e3o geral das esferas magn\u00e9ticas de n\u00edquel<\/h2>\n<p>As esferas magn\u00e9ticas de n\u00edquel SHBC combinam microesferas magn\u00e9ticas tradicionais e meios de cromatografia de n\u00edquel. As esferas magn\u00e9ticas de n\u00edquel s\u00e3o uma nova gera\u00e7\u00e3o de esferas magn\u00e9ticas funcionais projetadas e desenvolvidas para a r\u00e1pida separa\u00e7\u00e3o de prote\u00ednas com marcadores de histidina. As esferas magn\u00e9ticas s\u00e3o \u00e0 base de agarose, que \u00e9 eletricamente neutra, hidrof\u00edlica e possui boa biocompatibilidade, evitando adsor\u00e7\u00e3o inespec\u00edfica de prote\u00ednas devido \u00e0 carga ou hidrofobicidade.<\/p>\n<p>Em compara\u00e7\u00e3o com os meios tradicionais de cromatografia de n\u00edquel, as esferas magn\u00e9ticas de n\u00edquel s\u00e3o usadas para separar e purificar prote\u00ednas com marcadores de histidina. N\u00e3o h\u00e1 necessidade de realizar quaisquer opera\u00e7\u00f5es na prote\u00edna bruta (os corpos de inclus\u00e3o precisam ser desnaturados) e nenhum equipamento de cromatografia em coluna \u00e9 necess\u00e1rio. \u00c9 f\u00e1cil de operar e tem melhor desempenho de custo.<\/p>\n<h2>2. Caracter\u00edsticas do produto<\/h2>\n<p>\uf06cBaixa adsor\u00e7\u00e3o n\u00e3o espec\u00edfica<br \/>\n\uf06cBom efeito de purifica\u00e7\u00e3o para amostras de pequeno volume<br \/>\n\uf06cF\u00e1cil de realizar experimentos de triagem e altamente reprodut\u00edvel<br \/>\n\uf06cF\u00e1cil de aumentar ou diminuir a escala de purifica\u00e7\u00e3o de prote\u00ednas<br \/>\n\uf06cAlta capacidade de carga de prote\u00edna e alta pureza de prote\u00edna ap\u00f3s purifica\u00e7\u00e3o<\/p>\n<h2>3. \u00c2mbito de aplica\u00e7\u00e3o<\/h2>\n<p>\uf06cIsolar ou purificar prote\u00ednas com marcadores de histidina<\/p>\n<h2>4.par\u00e2metros do produto<\/h2>\n<table>\n<tbody>\n<tr>\n<td width=\"180\">Tamanho da part\u00edcula<\/td>\n<td width=\"697\">1um, 3um, 5um, 10um, 20um, 30um, 40um, 50um<\/td>\n<\/tr>\n<tr>\n<td width=\"180\">Matriz<\/td>\n<td width=\"697\">Gr\u00e2nulos magn\u00e9ticos de pol\u00edmero de matriz<\/td>\n<\/tr>\n<tr>\n<td width=\"180\">Ligando<\/td>\n<td width=\"697\">IDA-Ni<\/td>\n<\/tr>\n<tr>\n<td width=\"180\">Capacidade de carregamento<\/td>\n<td width=\"697\">\u226540 mg de prote\u00edna marcada com His\/mL (volume de sedimenta\u00e7\u00e3o de esfera magn\u00e9tica)<\/td>\n<\/tr>\n<tr>\n<td width=\"180\">Usar temperatura<\/td>\n<td width=\"697\">Usar temperatura temperatura ambiente<\/td>\n<\/tr>\n<tr>\n<td width=\"180\">Condi\u00e7\u00f5es de armazenamento<\/td>\n<td width=\"697\">2-8\u00b0C, armazenado em etanol 20%<\/td>\n<\/tr>\n<tr>\n<td width=\"180\">Validade<\/td>\n<td width=\"697\">5 anos<\/td>\n<\/tr>\n<\/tbody>\n<\/table>\n<h2>5. Como usar (pode ser ajustado de acordo com a situa\u00e7\u00e3o real)<\/h2>\n<p>\uf06cGr\u00e2nulos magn\u00e9ticos ligam-se a prote\u00ednas<\/p>\n<p>Coloque uma quantidade apropriada de esferas magn\u00e9ticas em um tubo de centr\u00edfuga, lave-as tr\u00eas vezes com Binding Buffer e redisperse-as com Binding Buffer. Misture o l\u00edquido bacteriano quebrado e lisado com as esferas magn\u00e9ticas e misture na batedeira por 30 minutos.<\/p>\n<p>\uf06cLave contas magn\u00e9ticas<br \/>\nAp\u00f3s 30 minutos, coloque o tubo de centr\u00edfuga num separador magn\u00e9tico para separar as esferas magn\u00e9ticas e remover o sobrenadante para detec\u00e7\u00e3o. Adicione o tamp\u00e3o de lavagem \u00e0s esferas magn\u00e9ticas, vire-as v\u00e1rias vezes para ressuspender as esferas magn\u00e9ticas, separe-as magneticamente e retire o tamp\u00e3o de lavagem para detec\u00e7\u00e3o.<br \/>\nAdicione tamp\u00e3o de lavagem para ressuspender as esferas magn\u00e9ticas e transfira as esferas magn\u00e9ticas para um novo tubo de centr\u00edfuga (para evitar contamina\u00e7\u00e3o por prote\u00ednas). Separa\u00e7\u00e3o magn\u00e9tica, retire e mescle o tamp\u00e3o de lavagem.<\/p>\n<p>\uf06cElui\u00e7\u00e3o da prote\u00edna alvo<\/p>\n<p>Os usu\u00e1rios podem alterar o volume de elui\u00e7\u00e3o para ajustar a concentra\u00e7\u00e3o da prote\u00edna alvo conforme necess\u00e1rio. Adicione o tamp\u00e3o de elui\u00e7\u00e3o, vire suavemente o tubo de centr\u00edfuga para suspender as esferas magn\u00e9ticas e colete o eluato em um novo tubo de centr\u00edfuga, que \u00e9 a prote\u00edna alvo purificada. Repita v\u00e1rias vezes para garantir a elui\u00e7\u00e3o completa da prote\u00edna alvo.<\/p>\n<p>\uf06cRegenera\u00e7\u00e3o de esferas magn\u00e9ticas<\/p>\n<p>Depois de usar esferas magn\u00e9ticas tr\u00eas vezes, a capacidade pode ser significativamente reduzida e \u00e9 recomend\u00e1vel regener\u00e1-las. Se precisar regenerar esferas magn\u00e9ticas, voc\u00ea pode fazer o seguinte:<\/p>\n<p>a) Dispersar as esferas magn\u00e9ticas em tamp\u00e3o fosfato (20 mM, pH 7,4) contendo EDTA 0,1 M, agitar \u00e0 temperatura ambiente durante 10 minutos, descartar o sobrenadante por suc\u00e7\u00e3o magn\u00e9tica e repetir uma vez.<\/p>\n<p>b) Lave v\u00e1rias vezes as esferas magn\u00e9ticas com \u00e1gua de alta pureza para garantir que n\u00e3o haja EDTA na solu\u00e7\u00e3o.<\/p>\n<p>c) Lave as esferas magn\u00e9ticas com solu\u00e7\u00e3o de NaOH 0,5 M e NaCl 2 M, agite em temperatura ambiente por 5 minutos, absorva magneticamente, descarte o sobrenadante e lave as esferas magn\u00e9ticas com \u00e1gua de alta pureza at\u00e9 que a solu\u00e7\u00e3o de lavagem se torne neutra.<\/p>\n<p>d) Use solu\u00e7\u00e3o de NiSO4 0,1 M para dispersar as esferas magn\u00e9ticas e agite em temperatura ambiente por 10 minutos. Descarte o sobrenadante por suc\u00e7\u00e3o magn\u00e9tica e lave as esferas magn\u00e9ticas v\u00e1rias vezes com \u00e1gua de alta pureza at\u00e9 que n\u00e3o haja \u00edons Ni na solu\u00e7\u00e3o. Armazene esferas magn\u00e9ticas em etanol 20%.<\/p>\n<h2>6. Coisas a serem observadas<\/h2>\n<p>\uf06cAs contas magn\u00e9ticas t\u00eam alta densidade e afundar\u00e3o facilmente se deixadas em p\u00e9 por muito tempo. Portanto, agite bem antes de usar para obter uma suspens\u00e3o uniforme de esferas magn\u00e9ticas.<br \/>\nAp\u00eandice (Tabela de toler\u00e2ncia a solventes)<\/p>\n<table>\n<tbody>\n<tr>\n<td width=\"241\">Nome do solvente<\/td>\n<td width=\"171\">Concentra\u00e7\u00e3o toler\u00e1vel<\/td>\n<td width=\"206\">\u00a0Nome do solvente<\/td>\n<td width=\"206\">\u00a0Concentra\u00e7\u00e3o toler\u00e1vel<\/td>\n<td width=\"206\">Nome do solvente<\/td>\n<td width=\"206\">Concentra\u00e7\u00e3o toler\u00e1vel<\/td>\n<\/tr>\n<tr>\n<td width=\"241\">DTE<\/td>\n<td width=\"171\">5mm<\/td>\n<td width=\"206\">Trit\u00e3o X<\/td>\n<td width=\"206\">2%<\/td>\n<td width=\"206\">Tris-HCl pH 7,4<\/td>\n<td width=\"206\">100mm<\/td>\n<\/tr>\n<tr>\n<td width=\"241\">TDT<\/td>\n<td width=\"171\">5mm<\/td>\n<td width=\"206\">Entre 20<\/td>\n<td width=\"206\">2 %<\/td>\n<td width=\"206\">Imidazol<\/td>\n<td width=\"206\">1 milh\u00e3o<\/td>\n<\/tr>\n<tr>\n<td width=\"241\">TCEP<\/td>\n<td width=\"171\">5mm<\/td>\n<td width=\"206\">NP-40<\/td>\n<td width=\"206\">2 %<\/td>\n<td width=\"206\">Etanol<\/td>\n<td width=\"206\">20 %<\/td>\n<\/tr>\n<tr>\n<td width=\"241\">Ur\u00e9ia<\/td>\n<td width=\"171\">8 milh\u00f5es<\/td>\n<td width=\"206\">CAP\u00cdTULOS<\/td>\n<td width=\"206\">1 %<\/td>\n<td width=\"206\">EDTA<\/td>\n<td width=\"206\">1mm<\/td>\n<\/tr>\n<tr>\n<td width=\"241\">Guanidina\u2022HCl<\/td>\n<td width=\"171\">6 meses<\/td>\n<td width=\"206\">PB pH 7,4<\/td>\n<td width=\"206\">50mm<\/td>\n<td width=\"206\">Citrato<\/td>\n<td width=\"206\">60mm<\/td>\n<\/tr>\n<\/tbody>\n<\/table>\n<table style=\"border-collapse: collapse; width: 535.52pt;\" border=\"0\" width=\"1428\" cellspacing=\"0\" cellpadding=\"0\">\n<tbody>\n<tr style=\"height: 15.75pt;\">\n<td class=\"et2\" style=\"height: 15.75pt; width: 181.80pt;\" width=\"484\" height=\"42\">N\u00famero de produto<\/td>\n<td class=\"et4\" style=\"width: 230.30pt;\" width=\"614\">Nome do Produto<\/td>\n<td class=\"et4\" style=\"width: 123.55pt;\" width=\"329\">Tamanho da part\u00edcula<\/td>\n<\/tr>\n<tr style=\"height: 13.50pt;\">\n<td class=\"et3\" style=\"height: 13.50pt;\" height=\"36\">MagNi1UM-10<\/td>\n<td class=\"et3\">Contas magn\u00e9ticas de n\u00edquel<\/td>\n<td class=\"et3\">1\u03bcm<\/td>\n<\/tr>\n<tr style=\"height: 13.50pt;\">\n<td class=\"et3\" style=\"height: 13.50pt;\" height=\"36\">MagNi3UM-10<\/td>\n<td class=\"et3\">Contas magn\u00e9ticas de n\u00edquel<\/td>\n<td class=\"et3\">3\u03bcm<\/td>\n<\/tr>\n<tr style=\"height: 13.50pt;\">\n<td class=\"et3\" style=\"height: 13.50pt;\" height=\"36\">MagNi5UM-10<\/td>\n<td class=\"et3\">Contas magn\u00e9ticas de n\u00edquel<\/td>\n<td class=\"et3\">5\u03bcm<\/td>\n<\/tr>\n<tr style=\"height: 13.50pt;\">\n<td class=\"et3\" style=\"height: 13.50pt;\" height=\"36\">MagNi10UM-10<\/td>\n<td class=\"et3\">Contas magn\u00e9ticas de n\u00edquel<\/td>\n<td class=\"et3\">10 \u03bcm<\/td>\n<\/tr>\n<tr style=\"height: 13.50pt;\">\n<td class=\"et3\" style=\"height: 13.50pt;\" height=\"36\">MagNi20UM-10<\/td>\n<td class=\"et3\">Contas magn\u00e9ticas de n\u00edquel<\/td>\n<td class=\"et3\">20\u03bcm<\/td>\n<\/tr>\n<tr style=\"height: 13.50pt;\">\n<td class=\"et3\" style=\"height: 13.50pt;\" height=\"36\">MagNi30UM-10<\/td>\n<td class=\"et3\">Contas magn\u00e9ticas de n\u00edquel<\/td>\n<td class=\"et3\">30\u03bcm<\/td>\n<\/tr>\n<tr style=\"height: 13.50pt;\">\n<td class=\"et3\" style=\"height: 13.50pt;\" height=\"36\">MagNi40UM-10<\/td>\n<td class=\"et3\">Contas magn\u00e9ticas de n\u00edquel<\/td>\n<td class=\"et3\">40\u03bcm<\/td>\n<\/tr>\n<tr style=\"height: 13.50pt;\">\n<td class=\"et3\" style=\"height: 13.50pt;\" height=\"36\">MagNi50UM-10<\/td>\n<td class=\"et3\">Contas magn\u00e9ticas de n\u00edquel<\/td>\n<td class=\"et3\">50\u03bcm<\/td>\n<\/tr>\n<\/tbody>\n<\/table>\n<p>&nbsp;<\/p>","protected":false},"excerpt":{"rendered":"<p>As esferas magn\u00e9ticas de n\u00edquel SHBC combinam microesferas magn\u00e9ticas tradicionais e meios de cromatografia de n\u00edquel. As esferas magn\u00e9ticas de n\u00edquel s\u00e3o uma nova gera\u00e7\u00e3o de esferas magn\u00e9ticas funcionais projetadas e desenvolvidas para a r\u00e1pida separa\u00e7\u00e3o de prote\u00ednas com marcadores de histidina. As esferas magn\u00e9ticas s\u00e3o \u00e0 base de agarose, que \u00e9 eletricamente neutra, hidrof\u00edlica e possui boa biocompatibilidade, evitando adsor\u00e7\u00e3o inespec\u00edfica de prote\u00ednas devido \u00e0 carga ou hidrofobicidade.<\/p>","protected":false},"featured_media":1703,"template":"","meta":{"nf_dc_page":"","site-sidebar-layout":"default","site-content-layout":"","ast-site-content-layout":"default","site-content-style":"default","site-sidebar-style":"default","ast-global-header-display":"","ast-banner-title-visibility":"","ast-main-header-display":"","ast-hfb-above-header-display":"","ast-hfb-below-header-display":"","ast-hfb-mobile-header-display":"","site-post-title":"","ast-breadcrumbs-content":"","ast-featured-img":"","footer-sml-layout":"","ast-disable-related-posts":"","theme-transparent-header-meta":"default","adv-header-id-meta":"","stick-header-meta":"","header-above-stick-meta":"","header-main-stick-meta":"","header-below-stick-meta":"","astra-migrate-meta-layouts":"set","ast-page-background-enabled":"default","ast-page-background-meta":{"desktop":{"background-color":"","background-image":"","background-repeat":"repeat","background-position":"center center","background-size":"auto","background-attachment":"scroll","background-type":"","background-media":"","overlay-type":"","overlay-color":"","overlay-opacity":"","overlay-gradient":""},"tablet":{"background-color":"","background-image":"","background-repeat":"repeat","background-position":"center center","background-size":"auto","background-attachment":"scroll","background-type":"","background-media":"","overlay-type":"","overlay-color":"","overlay-opacity":"","overlay-gradient":""},"mobile":{"background-color":"","background-image":"","background-repeat":"repeat","background-position":"center center","background-size":"auto","background-attachment":"scroll","background-type":"","background-media":"","overlay-type":"","overlay-color":"","overlay-opacity":"","overlay-gradient":""}},"ast-content-background-meta":{"desktop":{"background-color":"var(--ast-global-color-5)","background-image":"","background-repeat":"repeat","background-position":"center center","background-size":"auto","background-attachment":"scroll","background-type":"","background-media":"","overlay-type":"","overlay-color":"","overlay-opacity":"","overlay-gradient":""},"tablet":{"background-color":"var(--ast-global-color-5)","background-image":"","background-repeat":"repeat","background-position":"center center","background-size":"auto","background-attachment":"scroll","background-type":"","background-media":"","overlay-type":"","overlay-color":"","overlay-opacity":"","overlay-gradient":""},"mobile":{"background-color":"var(--ast-global-color-5)","background-image":"","background-repeat":"repeat","background-position":"center center","background-size":"auto","background-attachment":"scroll","background-type":"","background-media":"","overlay-type":"","overlay-color":"","overlay-opacity":"","overlay-gradient":""}}},"product_brand":[],"product_cat":[35,23],"product_tag":[],"class_list":{"0":"post-1309","1":"product","2":"type-product","3":"status-publish","4":"has-post-thumbnail","6":"product_cat-hot-sale-products","7":"product_cat-magnetic-microspheres","8":"desktop-align-left","9":"tablet-align-left","10":"mobile-align-left","12":"first","13":"instock","14":"shipping-taxable","15":"product-type-simple"},"_links":{"self":[{"href":"https:\/\/nanomicronspheres.com\/pt\/wp-json\/wp\/v2\/product\/1309","targetHints":{"allow":["GET"]}}],"collection":[{"href":"https:\/\/nanomicronspheres.com\/pt\/wp-json\/wp\/v2\/product"}],"about":[{"href":"https:\/\/nanomicronspheres.com\/pt\/wp-json\/wp\/v2\/types\/product"}],"wp:featuredmedia":[{"embeddable":true,"href":"https:\/\/nanomicronspheres.com\/pt\/wp-json\/wp\/v2\/media\/1703"}],"wp:attachment":[{"href":"https:\/\/nanomicronspheres.com\/pt\/wp-json\/wp\/v2\/media?parent=1309"}],"wp:term":[{"taxonomy":"product_brand","embeddable":true,"href":"https:\/\/nanomicronspheres.com\/pt\/wp-json\/wp\/v2\/product_brand?post=1309"},{"taxonomy":"product_cat","embeddable":true,"href":"https:\/\/nanomicronspheres.com\/pt\/wp-json\/wp\/v2\/product_cat?post=1309"},{"taxonomy":"product_tag","embeddable":true,"href":"https:\/\/nanomicronspheres.com\/pt\/wp-json\/wp\/v2\/product_tag?post=1309"}],"curies":[{"name":"wp","href":"https:\/\/api.w.org\/{rel}","templated":true}]}}