{"id":1318,"date":"2024-04-25T08:56:57","date_gmt":"2024-04-25T08:56:57","guid":{"rendered":"https:\/\/nanomicronspheres.com\/?post_type=product&#038;p=1318"},"modified":"2025-03-20T08:14:14","modified_gmt":"2025-03-20T08:14:14","slug":"streptavidin-microspheres","status":"publish","type":"product","link":"https:\/\/nanomicronspheres.com\/pt\/products\/streptavidin-microspheres\/","title":{"rendered":"Microesferas de Estreptavidina"},"content":{"rendered":"<h2>1. Descri\u00e7\u00e3o das microesferas de estreptavidina<\/h2>\n<p>Os produtos da s\u00e9rie de microesferas de estreptavidina da SHBC contam com tecnologia original de prepara\u00e7\u00e3o de microesferas e tecnologia de modifica\u00e7\u00e3o de superf\u00edcie para envolver a estreptavidina na superf\u00edcie das microesferas de maneira direcional e de alta densidade, fazendo com que os produtos tenham maiores propriedades biol\u00f3gicas, efici\u00eancia de afinidade proteica e menor adsor\u00e7\u00e3o n\u00e3o espec\u00edfica de prote\u00ednas.<\/p>\n<figure id=\"attachment_2344\" aria-describedby=\"caption-attachment-2344\" style=\"width: 300px\" class=\"wp-caption aligncenter\"><img fetchpriority=\"high\" decoding=\"async\" class=\"size-medium wp-image-2344\" src=\"https:\/\/nanomicronspheres.com\/wp-content\/uploads\/2024\/04\/20197214154136-1-300x300.png\" alt=\"Streptavidin  Microspheres\" width=\"300\" height=\"300\" srcset=\"https:\/\/nanomicronspheres.com\/wp-content\/uploads\/2024\/04\/20197214154136-1-300x300.png 300w, https:\/\/nanomicronspheres.com\/wp-content\/uploads\/2024\/04\/20197214154136-1-150x150.png 150w, https:\/\/nanomicronspheres.com\/wp-content\/uploads\/2024\/04\/20197214154136-1-12x12.png 12w, https:\/\/nanomicronspheres.com\/wp-content\/uploads\/2024\/04\/20197214154136-1-100x100.png 100w, https:\/\/nanomicronspheres.com\/wp-content\/uploads\/2024\/04\/20197214154136-1.png 539w\" sizes=\"(max-width: 300px) 100vw, 300px\" \/><figcaption id=\"caption-attachment-2344\" class=\"wp-caption-text\">Microesferas de Estreptavidina SHBC<\/figcaption><\/figure>\n<h2>2. Caracter\u00edsticas do produto<\/h2>\n<p>\uf06cAs microesferas t\u00eam boa monodispersidade<\/p>\n<p>\uf06cPequena varia\u00e7\u00e3o de lote para lote e alta repetibilidade<\/p>\n<p>\uf06cBoa biocompatibilidade e baixa citotoxicidade<\/p>\n<p>\uf06cBaixa adsor\u00e7\u00e3o inespec\u00edfica de prote\u00ednas na superf\u00edcie das microesferas<\/p>\n<h2>3. \u00c2mbito de aplica\u00e7\u00e3o<\/h2>\n<p>Este produto pode ser amplamente utilizado em v\u00e1rios tipos de detec\u00e7\u00e3o e separa\u00e7\u00e3o imunol\u00f3gica<\/p>\n<h2>4. Par\u00e2metros e especifica\u00e7\u00f5es do produto<\/h2>\n<p>\uf06cTamanho da part\u00edcula: 1\u03bcm, 3\u03bcm, 5\u03bcm, 8\u03bcm, 10\u03bcm, 15\u03bcm, 20\u03bcm, 30\u03bcm, 40\u03bcm<\/p>\n<p>\uf06cConcentra\u00e7\u00e3o: 10 mg\/mL<\/p>\n<p>\uf06cCapacidade de liga\u00e7\u00e3o (por mg de microesferas): \u22651500 pmol de biotina livre<\/p>\n<p>\u2265500 pmol oligonucleot\u00eddeo de fita simples marcado com biotina<\/p>\n<p>\u226520 \u03bcg de ep\u00edtopo e anticorpo de biotina<\/p>\n<h2>5. Coisas a serem observadas<\/h2>\n<p>As microesferas t\u00eam alta densidade e tendem a afundar se deixadas por muito tempo. Portanto, agite bem antes de usar para obter uma suspens\u00e3o uniforme de microesferas.<\/p>\n<h2>6.Condi\u00e7\u00f5es de armazenamento e data de validade<\/h2>\n<p>\uf06cSolu\u00e7\u00e3o de armazenamento: tamp\u00e3o PBS 10 mM pH = 7,4 0,01% NaN3<\/p>\n<p>\uf06cCondi\u00e7\u00f5es de armazenamento: 2-8 \u2103<\/p>\n<p>\uf06cPrazo de validade: 1 ano<\/p>\n<table width=\"1428\">\n<tbody>\n<tr>\n<td width=\"484\">N\u00famero de produto<\/td>\n<td width=\"614\">Nome do Produto<\/td>\n<td width=\"329\">Tamanho da part\u00edcula<\/td>\n<\/tr>\n<tr>\n<td>SAPS1UM-10<\/td>\n<td>Microesferas de Estreptavidina<\/td>\n<td>1\u03bcm<\/td>\n<\/tr>\n<tr>\n<td>SAPS3UM-10<\/td>\n<td>Microesferas de Estreptavidina<\/td>\n<td>3\u03bcm<\/td>\n<\/tr>\n<tr>\n<td>SAPS5UM-10<\/td>\n<td>Microesferas de Estreptavidina<\/td>\n<td>1\u03bcm<\/td>\n<\/tr>\n<tr>\n<td>SAPS8UM-10<\/td>\n<td>Microesferas de Estreptavidina<\/td>\n<td>8\u03bcm<\/td>\n<\/tr>\n<tr>\n<td>SAPS10UM-10<\/td>\n<td>Microesferas de Estreptavidina<\/td>\n<td>10 \u03bcm<\/td>\n<\/tr>\n<tr>\n<td>SAPS15UM-10<\/td>\n<td>Microesferas de Estreptavidina<\/td>\n<td>15\u03bcm<\/td>\n<\/tr>\n<tr>\n<td>SAPS20UM-10<\/td>\n<td>Microesferas de Estreptavidina<\/td>\n<td>20\u03bcm<\/td>\n<\/tr>\n<tr>\n<td>SAPS30UM-10<\/td>\n<td>Microesferas de Estreptavidina<\/td>\n<td>30\u03bcm<\/td>\n<\/tr>\n<tr>\n<td>SAPS50UM-10<\/td>\n<td>Microesferas de Estreptavidina<\/td>\n<td>50\u03bcm<\/td>\n<\/tr>\n<\/tbody>\n<\/table>","protected":false},"excerpt":{"rendered":"<p>Os produtos da s\u00e9rie de microesferas de estreptavidina da SHBC contam com tecnologia original de prepara\u00e7\u00e3o de microesferas e tecnologia de modifica\u00e7\u00e3o de superf\u00edcie para envolver a estreptavidina na superf\u00edcie das microesferas de maneira direcional e de alta densidade, fazendo com que os produtos tenham propriedades biol\u00f3gicas mais altas. efici\u00eancia de afinidade proteica e menor adsor\u00e7\u00e3o inespec\u00edfica de prote\u00ednas.<\/p>","protected":false},"featured_media":1706,"template":"","meta":{"nf_dc_page":"","site-sidebar-layout":"default","site-content-layout":"","ast-site-content-layout":"default","site-content-style":"default","site-sidebar-style":"default","ast-global-header-display":"","ast-banner-title-visibility":"","ast-main-header-display":"","ast-hfb-above-header-display":"","ast-hfb-below-header-display":"","ast-hfb-mobile-header-display":"","site-post-title":"","ast-breadcrumbs-content":"","ast-featured-img":"","footer-sml-layout":"","ast-disable-related-posts":"","theme-transparent-header-meta":"default","adv-header-id-meta":"","stick-header-meta":"","header-above-stick-meta":"","header-main-stick-meta":"","header-below-stick-meta":"","astra-migrate-meta-layouts":"set","ast-page-background-enabled":"default","ast-page-background-meta":{"desktop":{"background-color":"","background-image":"","background-repeat":"repeat","background-position":"center center","background-size":"auto","background-attachment":"scroll","background-type":"","background-media":"","overlay-type":"","overlay-color":"","overlay-opacity":"","overlay-gradient":""},"tablet":{"background-color":"","background-image":"","background-repeat":"repeat","background-position":"center center","background-size":"auto","background-attachment":"scroll","background-type":"","background-media":"","overlay-type":"","overlay-color":"","overlay-opacity":"","overlay-gradient":""},"mobile":{"background-color":"","background-image":"","background-repeat":"repeat","background-position":"center center","background-size":"auto","background-attachment":"scroll","background-type":"","background-media":"","overlay-type":"","overlay-color":"","overlay-opacity":"","overlay-gradient":""}},"ast-content-background-meta":{"desktop":{"background-color":"var(--ast-global-color-5)","background-image":"","background-repeat":"repeat","background-position":"center center","background-size":"auto","background-attachment":"scroll","background-type":"","background-media":"","overlay-type":"","overlay-color":"","overlay-opacity":"","overlay-gradient":""},"tablet":{"background-color":"var(--ast-global-color-5)","background-image":"","background-repeat":"repeat","background-position":"center center","background-size":"auto","background-attachment":"scroll","background-type":"","background-media":"","overlay-type":"","overlay-color":"","overlay-opacity":"","overlay-gradient":""},"mobile":{"background-color":"var(--ast-global-color-5)","background-image":"","background-repeat":"repeat","background-position":"center center","background-size":"auto","background-attachment":"scroll","background-type":"","background-media":"","overlay-type":"","overlay-color":"","overlay-opacity":"","overlay-gradient":""}}},"product_brand":[],"product_cat":[35,31],"product_tag":[],"class_list":{"0":"post-1318","1":"product","2":"type-product","3":"status-publish","4":"has-post-thumbnail","6":"product_cat-hot-sale-products","7":"product_cat-latex-microspheres","8":"desktop-align-left","9":"tablet-align-left","10":"mobile-align-left","12":"first","13":"instock","14":"shipping-taxable","15":"product-type-simple"},"_links":{"self":[{"href":"https:\/\/nanomicronspheres.com\/pt\/wp-json\/wp\/v2\/product\/1318","targetHints":{"allow":["GET"]}}],"collection":[{"href":"https:\/\/nanomicronspheres.com\/pt\/wp-json\/wp\/v2\/product"}],"about":[{"href":"https:\/\/nanomicronspheres.com\/pt\/wp-json\/wp\/v2\/types\/product"}],"wp:featuredmedia":[{"embeddable":true,"href":"https:\/\/nanomicronspheres.com\/pt\/wp-json\/wp\/v2\/media\/1706"}],"wp:attachment":[{"href":"https:\/\/nanomicronspheres.com\/pt\/wp-json\/wp\/v2\/media?parent=1318"}],"wp:term":[{"taxonomy":"product_brand","embeddable":true,"href":"https:\/\/nanomicronspheres.com\/pt\/wp-json\/wp\/v2\/product_brand?post=1318"},{"taxonomy":"product_cat","embeddable":true,"href":"https:\/\/nanomicronspheres.com\/pt\/wp-json\/wp\/v2\/product_cat?post=1318"},{"taxonomy":"product_tag","embeddable":true,"href":"https:\/\/nanomicronspheres.com\/pt\/wp-json\/wp\/v2\/product_tag?post=1318"}],"curies":[{"name":"wp","href":"https:\/\/api.w.org\/{rel}","templated":true}]}}