{"id":1319,"date":"2024-04-25T08:58:40","date_gmt":"2024-04-25T08:58:40","guid":{"rendered":"https:\/\/nanomicronspheres.com\/?post_type=product&#038;p=1319"},"modified":"2025-03-20T06:19:39","modified_gmt":"2025-03-20T06:19:39","slug":"quantum-dot-polystyrene-microspheres","status":"publish","type":"product","link":"https:\/\/nanomicronspheres.com\/pt\/products\/quantum-dot-polystyrene-microspheres\/","title":{"rendered":"Microesferas de poliestireno de ponto qu\u00e2ntico"},"content":{"rendered":"<h2>I. Descri\u00e7\u00e3o das microesferas de poliestireno de ponto qu\u00e2ntico<\/h2>\n<p>Microesferas de poliestireno de ponto qu\u00e2ntico (HQD) s\u00e3o preparadas por polimeriza\u00e7\u00e3o em microemuls\u00e3o de pontos qu\u00e2nticos de CdSe\/ZnS de alto brilho e poliestireno. A superf\u00edcie das microesferas \u00e9 modificada com grupos funcionais carboxila para facilitar o acoplamento de anticorpos. A amplifica\u00e7\u00e3o do sinal de fluoresc\u00eancia de pontos qu\u00e2nticos por meio do revestimento de nanoesferas pode melhorar significativamente a sensibilidade da detec\u00e7\u00e3o imunol\u00f3gica.<\/p>\n<figure id=\"attachment_1707\" aria-describedby=\"caption-attachment-1707\" style=\"width: 300px\" class=\"wp-caption aligncenter\"><img fetchpriority=\"high\" decoding=\"async\" class=\"size-medium wp-image-1707\" src=\"https:\/\/nanomicronspheres.com\/wp-content\/uploads\/2024\/04\/03\u805a\u82ef\u4e59\u70ef\u5fae\u7403\uff08PS\u7403\uff09-300x237.png\" alt=\"Quantum dot polystyrene microspheres(PS microspheres)\" width=\"300\" height=\"237\" srcset=\"https:\/\/nanomicronspheres.com\/wp-content\/uploads\/2024\/04\/03\u805a\u82ef\u4e59\u70ef\u5fae\u7403\uff08PS\u7403\uff09-300x237.png 300w, https:\/\/nanomicronspheres.com\/wp-content\/uploads\/2024\/04\/03\u805a\u82ef\u4e59\u70ef\u5fae\u7403\uff08PS\u7403\uff09-768x606.png 768w, https:\/\/nanomicronspheres.com\/wp-content\/uploads\/2024\/04\/03\u805a\u82ef\u4e59\u70ef\u5fae\u7403\uff08PS\u7403\uff09-600x473.png 600w, https:\/\/nanomicronspheres.com\/wp-content\/uploads\/2024\/04\/03\u805a\u82ef\u4e59\u70ef\u5fae\u7403\uff08PS\u7403\uff09.png 924w\" sizes=\"(max-width: 300px) 100vw, 300px\" \/><figcaption id=\"caption-attachment-1707\" class=\"wp-caption-text\">Microesferas de poliestireno de ponto qu\u00e2ntico (microesferas PS)<\/figcaption><\/figure>\n<p>A sonda fluorescente tem as caracter\u00edsticas de sinal de fluoresc\u00eancia est\u00e1vel, excelente estabilidade coloidal e alta biocompatibilidade, e \u00e9 especialmente adequada para o desenvolvimento de reagentes de diagn\u00f3stico in vitro fluorescentes. Este produto tamb\u00e9m pode ser usado para medi\u00e7\u00e3o de fluxo sangu\u00edneo, biomarcadores, imagens in vivo e calibra\u00e7\u00e3o de cit\u00f4metros de fluxo.<\/p>\n<p>As microesferas modificadas por carboxila\u00e7\u00e3o t\u00eam uma alta densidade de \u00e1cidos carbox\u00edlicos livres em sua superf\u00edcie, tornando-as adequadas para acoplamento covalente de prote\u00ednas e outras biomol\u00e9culas contendo amina por meio de reagentes \u00e0 base de imina sol\u00faveis em \u00e1gua, como a carbodiimida (EDAC).<\/p>\n<h2>II. Dados f\u00edsicos<\/h2>\n<p>1. Material: Pontos qu\u00e2nticos revestidos com microesferas de poliestireno<br \/>\n2. \u00cdndice de refra\u00e7\u00e3o: 1,59 @ 589 nm, 25 \u2103<br \/>\n3. Densidade: 1,05g\/cm3<br \/>\n4. Caracter\u00edsticas: Cor fluorescente<\/p>\n<h2>III. Instru\u00e7\u00f5es de an\u00e1lise<\/h2>\n<p>1. Conte\u00fado s\u00f3lido: 1% (10mg\/ml)<br \/>\n2. Tamanho de part\u00edcula: 100nm<br \/>\n3. Uniformidade: CV&lt;5%<br \/>\n4. Comprimento de onda de emiss\u00e3o: 610nm+10nm<br \/>\n5. Comprimento de onda de excita\u00e7\u00e3o: &lt;580nm, 365nm-450nm \u00e9 recomendado<br \/>\n6. Meio de dispers\u00e3o: \u00e1gua desionizada e vest\u00edgios de surfactante<br \/>\n7. Estabilidade: 2 anos a partir da data de f\u00e1brica<\/p>\n<h2>IV. Uso de microesferas de poliestireno de ponto qu\u00e2ntico<\/h2>\n<p>A superf\u00edcie das nanoesferas de pontos qu\u00e2nticos da nossa empresa (HQD610-10) \u00e9 rica em grupos funcionais carboxila, que podem ser acoplados covalentemente a biomol\u00e9culas contendo amino\u00e1cidos, como anticorpos, pept\u00eddeos, \u00e1cidos nucl\u00e9icos, etc. as microesferas est\u00e3o no ativador 1- (sob a a\u00e7\u00e3o do cloridrato de 3-dimetilaminopropil) -3-etilcarbodiimida (EDC), ele reage com grupos amino para formar liga\u00e7\u00f5es amida est\u00e1veis, fixando assim covalentemente biomol\u00e9culas na superf\u00edcie das nanoesferas.<\/p>\n<h3>Precau\u00e7\u00f5es para uso:<\/h3>\n<p>\u25cb1 Agite no v\u00f3rtex e misture os QDNBs antes de usar. Uma pequena quantidade de precipita\u00e7\u00e3o causada por repouso prolongado \u00e9 normal e n\u00e3o afeta o uso do produto.<\/p>\n<p>\u25cb2 Para obter um melhor efeito de acoplamento, a concentra\u00e7\u00e3o de prote\u00edna deve ser de 0,5-4mg\/mL, a concentra\u00e7\u00e3o de \u00e1cido nucleico deve ser de 20-100 \u03bcM e n\u00e3o deve haver grupos amino livres no tamp\u00e3o. Em particular, tamp\u00f5es Tris, glicina, \u00e1cido ac\u00e9tico e \u00e1cido c\u00edtrico n\u00e3o podem ser usados.<\/p>\n<h3>materiais necess\u00e1rios:<\/h3>\n<p>\u25cb1 nanoesfera de ponto qu\u00e2ntico (10mg\/mL).<\/p>\n<p>\u25cb2 Tamp\u00e3o de rea\u00e7\u00e3o (para ativa\u00e7\u00e3o): pH 4-6<\/p>\n<p>\u25cb3 Ativador: EDC\u00b7HCl.<\/p>\n<p>\u25cb4 Solu\u00e7\u00e3o de bloqueio: 1-2% BSA ou case\u00edna.<\/p>\n<p>\u25cb5 Solu\u00e7\u00e3o de preserva\u00e7\u00e3o (pH 7,0-7,5): \u00e1cido b\u00f3rico 20-100 mM ou Tris, 0,9% NaCl, 0,5-1% BSA, 0,09% NaN3.<\/p>\n<h3>Esquema de acoplamento de refer\u00eancia<\/h3>\n<p>\u25cb1 Pegue cerca de 50 \u03bcl de suspens\u00e3o de QDNBs, disperse-a em 450 \u03bcl de tamp\u00e3o de rea\u00e7\u00e3o, centrifugue a 12.000-15.000 rpm por 10-30 min, remova o sobrenadante e disperse QDNBs em 500 \u03bcl de tamp\u00e3o de rea\u00e7\u00e3o.<\/p>\n<p>\u25cb2 Adicione 100-50 \u03bcl de agente de acoplamento EDC (10mM), misture \u00e0 temperatura ambiente (25-37 graus) e incube por 0,5-1 h.<\/p>\n<p>\u25cb3 Centrifugue a 2000-15000 rpm por 10-30 min para remover o excesso de agente de acoplamento, etc., depois disperse em 500 \u03bcl de tamp\u00e3o de rea\u00e7\u00e3o e disperse com ultrassom;<\/p>\n<p>\u25cb4 Em seguida, adicione cerca de 100 \u03bcg de anticorpo (a propor\u00e7\u00e3o de anticorpo para microesferas precisa ser otimizada), misture \u00e0 temperatura ambiente (25-37 graus) e incube por 0,5-1 h.<\/p>\n<p>\u25cb51 Centrifugar a 2.000-15.000 rpm por 10-30 minutos para remover anticorpos livres, etc.;<\/p>\n<p>\u25cb6 Adicione 500 \u03bcl de solu\u00e7\u00e3o de bloqueio, disperse com ultrassom (pot\u00eancia 10-20%) por cerca de 10 segundos, misture \u00e0 temperatura ambiente (25-37 graus) e incube por 0,5-1 hora.<\/p>\n<p>\u25cb7 Centrifugar, remover a solu\u00e7\u00e3o de bloqueio e dispersar em 200 \u03bcl de solu\u00e7\u00e3o de preserva\u00e7\u00e3o para uso posterior.<br \/>\nEste protocolo \u00e9 para refer\u00eancia apenas nos est\u00e1gios iniciais da pesquisa. Os pesquisadores s\u00e3o solicitados a otimizar as condi\u00e7\u00f5es experimentais espec\u00edficas de acordo com seus pr\u00f3prios projetos.<\/p>\n<table width=\"1428\">\n<tbody>\n<tr>\n<td width=\"484\">N\u00famero de produto<\/td>\n<td width=\"614\">Nome do Produto<\/td>\n<td width=\"329\">Tamanho da part\u00edcula<\/td>\n<\/tr>\n<tr>\n<td>HQD610-150<\/td>\n<td>Nanoesferas de pontos qu\u00e2nticos<\/td>\n<td>150 nm<\/td>\n<\/tr>\n<tr>\n<td>HQD610-10<\/td>\n<td>Nanoesferas de pontos qu\u00e2nticos<\/td>\n<td>100 nm<\/td>\n<\/tr>\n<\/tbody>\n<\/table>","protected":false},"excerpt":{"rendered":"<p>Microesferas de poliestireno de ponto qu\u00e2ntico (HQD) s\u00e3o preparadas por polimeriza\u00e7\u00e3o em microemuls\u00e3o de pontos qu\u00e2nticos de CdSe\/ZnS de alto brilho e poliestireno. A superf\u00edcie das microesferas \u00e9 modificada com grupos funcionais carboxila para facilitar o acoplamento de anticorpos. A amplifica\u00e7\u00e3o do sinal de fluoresc\u00eancia de pontos qu\u00e2nticos por meio do revestimento de nanoesferas pode melhorar significativamente a sensibilidade da detec\u00e7\u00e3o imunol\u00f3gica.<\/p>\n<p>A sonda fluorescente tem as caracter\u00edsticas de sinal de fluoresc\u00eancia est\u00e1vel, excelente estabilidade coloidal e alta biocompatibilidade, e \u00e9 especialmente adequada para o desenvolvimento de reagentes de diagn\u00f3stico in vitro fluorescentes. Este produto tamb\u00e9m pode ser usado para medi\u00e7\u00e3o de fluxo sangu\u00edneo, biomarcadores, imagens in vivo e calibra\u00e7\u00e3o de cit\u00f4metros de fluxo.<\/p>","protected":false},"featured_media":1683,"template":"","meta":{"nf_dc_page":"","site-sidebar-layout":"default","site-content-layout":"","ast-site-content-layout":"default","site-content-style":"default","site-sidebar-style":"default","ast-global-header-display":"","ast-banner-title-visibility":"","ast-main-header-display":"","ast-hfb-above-header-display":"","ast-hfb-below-header-display":"","ast-hfb-mobile-header-display":"","site-post-title":"","ast-breadcrumbs-content":"","ast-featured-img":"","footer-sml-layout":"","ast-disable-related-posts":"","theme-transparent-header-meta":"default","adv-header-id-meta":"","stick-header-meta":"","header-above-stick-meta":"","header-main-stick-meta":"","header-below-stick-meta":"","astra-migrate-meta-layouts":"set","ast-page-background-enabled":"default","ast-page-background-meta":{"desktop":{"background-color":"","background-image":"","background-repeat":"repeat","background-position":"center center","background-size":"auto","background-attachment":"scroll","background-type":"","background-media":"","overlay-type":"","overlay-color":"","overlay-opacity":"","overlay-gradient":""},"tablet":{"background-color":"","background-image":"","background-repeat":"repeat","background-position":"center center","background-size":"auto","background-attachment":"scroll","background-type":"","background-media":"","overlay-type":"","overlay-color":"","overlay-opacity":"","overlay-gradient":""},"mobile":{"background-color":"","background-image":"","background-repeat":"repeat","background-position":"center center","background-size":"auto","background-attachment":"scroll","background-type":"","background-media":"","overlay-type":"","overlay-color":"","overlay-opacity":"","overlay-gradient":""}},"ast-content-background-meta":{"desktop":{"background-color":"var(--ast-global-color-5)","background-image":"","background-repeat":"repeat","background-position":"center center","background-size":"auto","background-attachment":"scroll","background-type":"","background-media":"","overlay-type":"","overlay-color":"","overlay-opacity":"","overlay-gradient":""},"tablet":{"background-color":"var(--ast-global-color-5)","background-image":"","background-repeat":"repeat","background-position":"center center","background-size":"auto","background-attachment":"scroll","background-type":"","background-media":"","overlay-type":"","overlay-color":"","overlay-opacity":"","overlay-gradient":""},"mobile":{"background-color":"var(--ast-global-color-5)","background-image":"","background-repeat":"repeat","background-position":"center center","background-size":"auto","background-attachment":"scroll","background-type":"","background-media":"","overlay-type":"","overlay-color":"","overlay-opacity":"","overlay-gradient":""}}},"product_brand":[],"product_cat":[21,35],"product_tag":[],"class_list":{"0":"post-1319","1":"product","2":"type-product","3":"status-publish","4":"has-post-thumbnail","6":"product_cat-fluorescent-microspheres","7":"product_cat-hot-sale-products","8":"desktop-align-left","9":"tablet-align-left","10":"mobile-align-left","12":"first","13":"instock","14":"shipping-taxable","15":"product-type-simple"},"_links":{"self":[{"href":"https:\/\/nanomicronspheres.com\/pt\/wp-json\/wp\/v2\/product\/1319","targetHints":{"allow":["GET"]}}],"collection":[{"href":"https:\/\/nanomicronspheres.com\/pt\/wp-json\/wp\/v2\/product"}],"about":[{"href":"https:\/\/nanomicronspheres.com\/pt\/wp-json\/wp\/v2\/types\/product"}],"wp:featuredmedia":[{"embeddable":true,"href":"https:\/\/nanomicronspheres.com\/pt\/wp-json\/wp\/v2\/media\/1683"}],"wp:attachment":[{"href":"https:\/\/nanomicronspheres.com\/pt\/wp-json\/wp\/v2\/media?parent=1319"}],"wp:term":[{"taxonomy":"product_brand","embeddable":true,"href":"https:\/\/nanomicronspheres.com\/pt\/wp-json\/wp\/v2\/product_brand?post=1319"},{"taxonomy":"product_cat","embeddable":true,"href":"https:\/\/nanomicronspheres.com\/pt\/wp-json\/wp\/v2\/product_cat?post=1319"},{"taxonomy":"product_tag","embeddable":true,"href":"https:\/\/nanomicronspheres.com\/pt\/wp-json\/wp\/v2\/product_tag?post=1319"}],"curies":[{"name":"wp","href":"https:\/\/api.w.org\/{rel}","templated":true}]}}