{"id":1320,"date":"2024-04-25T08:59:31","date_gmt":"2024-04-25T08:59:31","guid":{"rendered":"https:\/\/nanomicronspheres.com\/?post_type=product&#038;p=1320"},"modified":"2025-03-18T09:39:15","modified_gmt":"2025-03-18T09:39:15","slug":"fluo-red-fluo-microspheres","status":"publish","type":"product","link":"https:\/\/nanomicronspheres.com\/pt\/products\/fluo-red-fluo-microspheres\/","title":{"rendered":"Microesferas Fluo Vermelho-Fluo"},"content":{"rendered":"<h2>I. Descri\u00e7\u00e3o das microesferas Fluo Red-Fluo<\/h2>\n<p>As microesferas Fluo Red-Fluo s\u00e3o m\u00faltiplas micropart\u00edculas de poliestireno tingidas com fluoresc\u00eancia, usadas para contagem absoluta de c\u00e9lulas em cit\u00f4metros de fluxo. O conte\u00fado preciso das mol\u00e9culas fluorescentes garante a precis\u00e3o das contagens de verifica\u00e7\u00e3o durante a an\u00e1lise e a confiabilidade das contagens absolutas por citometria de fluxo.<\/p>\n<figure id=\"attachment_1688\" aria-describedby=\"caption-attachment-1688\" style=\"width: 321px\" class=\"wp-caption aligncenter\"><img fetchpriority=\"high\" decoding=\"async\" class=\"wp-image-1688\" src=\"https:\/\/nanomicronspheres.com\/wp-content\/uploads\/2024\/04\/010\u6d41\u5f0f\u8ba1\u6570\u5fae\u7403-300x294.png\" alt=\"Flow counting microspheresFluo Red-Fluo Microspheres\" width=\"321\" height=\"315\" srcset=\"https:\/\/nanomicronspheres.com\/wp-content\/uploads\/2024\/04\/010\u6d41\u5f0f\u8ba1\u6570\u5fae\u7403-300x294.png 300w, https:\/\/nanomicronspheres.com\/wp-content\/uploads\/2024\/04\/010\u6d41\u5f0f\u8ba1\u6570\u5fae\u7403.png 514w\" sizes=\"(max-width: 321px) 100vw, 321px\" \/><figcaption id=\"caption-attachment-1688\" class=\"wp-caption-text\">Microesferas Fluo Vermelho-Fluo<\/figcaption><\/figure>\n<h2>II. Dados f\u00edsicos<\/h2>\n<p>1. Material: bola de poliestireno contendo fluoresc\u00eancia verde<br \/>\n2. Grupo funcional: Nenhum<br \/>\n3. Densidade: 1,05g\/cm3<br \/>\n4. \u00cdndice de refra\u00e7\u00e3o: 1,59 @ 589 nm, 25 \u2103<br \/>\n5. Apar\u00eancia: verde<\/p>\n<h3>III. Par\u00e2metros da microesfera<\/h3>\n<p>1. Concentra\u00e7\u00e3o de microesferas: 1%<br \/>\n2. Tamanho m\u00e9dio de part\u00edcula: 7um<br \/>\n3. Uniformidade: CV&lt;3%<br \/>\n4. Meio de dispers\u00e3o: \u00e1gua desionizada e vest\u00edgios de surfactante<\/p>\n<h2>4. Armazenamento de microesferas<\/h2>\n<p>Condi\u00e7\u00f5es de armazenamento: 2 ~ 8 \u2103, mantenha a tampa do frasco bem fechada para evitar congelamento.<\/p>\n<table width=\"1428\">\n<tbody>\n<tr>\n<td width=\"484\">N\u00famero de produto<\/td>\n<td width=\"614\">Nome do Produto<\/td>\n<td width=\"329\">Tamanho da part\u00edcula<\/td>\n<\/tr>\n<tr>\n<td>Cyto5UM-10<\/td>\n<td>Microesferas Fluo Duplas<\/td>\n<td>5\u03bcm<\/td>\n<\/tr>\n<tr>\n<td>Cy1UM-10<\/td>\n<td>Microesferas Fluo Vermelho-Fluo<\/td>\n<td>1\u03bcm<\/td>\n<\/tr>\n<tr>\n<td>Cy3UM-10<\/td>\n<td>Microesferas Fluo Vermelho-Fluo<\/td>\n<td>3\u03bcm<\/td>\n<\/tr>\n<tr>\n<td>Cy7UM-10<\/td>\n<td>Microesferas Fluo Vermelho-Fluo<\/td>\n<td>7\u03bcm<\/td>\n<\/tr>\n<\/tbody>\n<\/table>","protected":false},"excerpt":{"rendered":"<p>As microesferas Fluo Red-Fluo s\u00e3o m\u00faltiplas micropart\u00edculas de poliestireno tingidas com fluoresc\u00eancia, usadas para contagem absoluta de c\u00e9lulas em cit\u00f4metros de fluxo. O conte\u00fado preciso das mol\u00e9culas fluorescentes garante a precis\u00e3o das contagens de verifica\u00e7\u00e3o durante a an\u00e1lise e a confiabilidade das contagens absolutas por citometria de fluxo.<\/p>","protected":false},"featured_media":1688,"template":"","meta":{"nf_dc_page":"","site-sidebar-layout":"default","site-content-layout":"","ast-site-content-layout":"default","site-content-style":"default","site-sidebar-style":"default","ast-global-header-display":"","ast-banner-title-visibility":"","ast-main-header-display":"","ast-hfb-above-header-display":"","ast-hfb-below-header-display":"","ast-hfb-mobile-header-display":"","site-post-title":"","ast-breadcrumbs-content":"","ast-featured-img":"","footer-sml-layout":"","ast-disable-related-posts":"","theme-transparent-header-meta":"default","adv-header-id-meta":"","stick-header-meta":"","header-above-stick-meta":"","header-main-stick-meta":"","header-below-stick-meta":"","astra-migrate-meta-layouts":"set","ast-page-background-enabled":"default","ast-page-background-meta":{"desktop":{"background-color":"","background-image":"","background-repeat":"repeat","background-position":"center center","background-size":"auto","background-attachment":"scroll","background-type":"","background-media":"","overlay-type":"","overlay-color":"","overlay-opacity":"","overlay-gradient":""},"tablet":{"background-color":"","background-image":"","background-repeat":"repeat","background-position":"center center","background-size":"auto","background-attachment":"scroll","background-type":"","background-media":"","overlay-type":"","overlay-color":"","overlay-opacity":"","overlay-gradient":""},"mobile":{"background-color":"","background-image":"","background-repeat":"repeat","background-position":"center center","background-size":"auto","background-attachment":"scroll","background-type":"","background-media":"","overlay-type":"","overlay-color":"","overlay-opacity":"","overlay-gradient":""}},"ast-content-background-meta":{"desktop":{"background-color":"var(--ast-global-color-5)","background-image":"","background-repeat":"repeat","background-position":"center center","background-size":"auto","background-attachment":"scroll","background-type":"","background-media":"","overlay-type":"","overlay-color":"","overlay-opacity":"","overlay-gradient":""},"tablet":{"background-color":"var(--ast-global-color-5)","background-image":"","background-repeat":"repeat","background-position":"center center","background-size":"auto","background-attachment":"scroll","background-type":"","background-media":"","overlay-type":"","overlay-color":"","overlay-opacity":"","overlay-gradient":""},"mobile":{"background-color":"var(--ast-global-color-5)","background-image":"","background-repeat":"repeat","background-position":"center center","background-size":"auto","background-attachment":"scroll","background-type":"","background-media":"","overlay-type":"","overlay-color":"","overlay-opacity":"","overlay-gradient":""}}},"product_brand":[],"product_cat":[21,35],"product_tag":[],"class_list":{"0":"post-1320","1":"product","2":"type-product","3":"status-publish","4":"has-post-thumbnail","6":"product_cat-fluorescent-microspheres","7":"product_cat-hot-sale-products","8":"desktop-align-left","9":"tablet-align-left","10":"mobile-align-left","12":"first","13":"instock","14":"shipping-taxable","15":"product-type-simple"},"_links":{"self":[{"href":"https:\/\/nanomicronspheres.com\/pt\/wp-json\/wp\/v2\/product\/1320","targetHints":{"allow":["GET"]}}],"collection":[{"href":"https:\/\/nanomicronspheres.com\/pt\/wp-json\/wp\/v2\/product"}],"about":[{"href":"https:\/\/nanomicronspheres.com\/pt\/wp-json\/wp\/v2\/types\/product"}],"wp:featuredmedia":[{"embeddable":true,"href":"https:\/\/nanomicronspheres.com\/pt\/wp-json\/wp\/v2\/media\/1688"}],"wp:attachment":[{"href":"https:\/\/nanomicronspheres.com\/pt\/wp-json\/wp\/v2\/media?parent=1320"}],"wp:term":[{"taxonomy":"product_brand","embeddable":true,"href":"https:\/\/nanomicronspheres.com\/pt\/wp-json\/wp\/v2\/product_brand?post=1320"},{"taxonomy":"product_cat","embeddable":true,"href":"https:\/\/nanomicronspheres.com\/pt\/wp-json\/wp\/v2\/product_cat?post=1320"},{"taxonomy":"product_tag","embeddable":true,"href":"https:\/\/nanomicronspheres.com\/pt\/wp-json\/wp\/v2\/product_tag?post=1320"}],"curies":[{"name":"wp","href":"https:\/\/api.w.org\/{rel}","templated":true}]}}