{"id":1324,"date":"2024-04-25T09:05:38","date_gmt":"2024-04-25T09:05:38","guid":{"rendered":"https:\/\/nanomicronspheres.com\/?post_type=product&#038;p=1324"},"modified":"2025-11-10T08:19:02","modified_gmt":"2025-11-10T08:19:02","slug":"silica-magnetic-beads","status":"publish","type":"product","link":"https:\/\/nanomicronspheres.com\/pt\/products\/silica-magnetic-beads\/","title":{"rendered":"Gr\u00e2nulos Magn\u00e9ticos de S\u00edlica"},"content":{"rendered":"<h2>1. Vis\u00e3o geral das esferas magn\u00e9ticas de s\u00edlica<\/h2>\n<p>As esferas magn\u00e9ticas de s\u00edlica s\u00e3o projetadas para extra\u00e7\u00e3o e purifica\u00e7\u00e3o de \u00e1cidos nucleicos. O produto \u00e9 feito de Fe3O4 superparamagn\u00e9tico como n\u00facleo, com um grande n\u00famero de grupos hidroxila de s\u00edlica na superf\u00edcie.<br \/>\nO produto cont\u00e9m um grande n\u00famero de grupos funcionais hidroxila de s\u00edlica, com alto conte\u00fado magn\u00e9tico e monodispersidade. Sob condi\u00e7\u00f5es espec\u00edficas, os \u00e1cidos nucleicos podem ligar-se especificamente aos grupos hidroxila da s\u00edlica na superf\u00edcie das esferas magn\u00e9ticas, de modo que os \u00e1cidos nucleicos possam ser extra\u00eddos com rapidez e precis\u00e3o de amostras complexas.<\/p>\n<figure id=\"attachment_1704\" aria-describedby=\"caption-attachment-1704\" style=\"width: 375px\" class=\"wp-caption aligncenter\"><img fetchpriority=\"high\" decoding=\"async\" class=\"wp-image-1704\" src=\"https:\/\/nanomicronspheres.com\/wp-content\/uploads\/2024\/04\/08\u4e8c\u6c27\u5316\u7845\u78c1\u73e0-300x215.jpg\" alt=\"Silica Magnetic Beads\" width=\"375\" height=\"269\" srcset=\"https:\/\/nanomicronspheres.com\/wp-content\/uploads\/2024\/04\/08\u4e8c\u6c27\u5316\u7845\u78c1\u73e0-300x215.jpg 300w, https:\/\/nanomicronspheres.com\/wp-content\/uploads\/2024\/04\/08\u4e8c\u6c27\u5316\u7845\u78c1\u73e0-1024x735.jpg 1024w, https:\/\/nanomicronspheres.com\/wp-content\/uploads\/2024\/04\/08\u4e8c\u6c27\u5316\u7845\u78c1\u73e0-768x552.jpg 768w, https:\/\/nanomicronspheres.com\/wp-content\/uploads\/2024\/04\/08\u4e8c\u6c27\u5316\u7845\u78c1\u73e0-600x431.jpg 600w, https:\/\/nanomicronspheres.com\/wp-content\/uploads\/2024\/04\/08\u4e8c\u6c27\u5316\u7845\u78c1\u73e0.jpg 1536w\" sizes=\"(max-width: 375px) 100vw, 375px\" \/><figcaption id=\"caption-attachment-1704\" class=\"wp-caption-text\">Gr\u00e2nulos Magn\u00e9ticos de S\u00edlica<\/figcaption><\/figure>\n<h2>2. Caracter\u00edsticas do produto<\/h2>\n<p>\uf06c Resposta magn\u00e9tica r\u00e1pida, boa monodispersidade<br \/>\n\uf06c Baixa varia\u00e7\u00e3o entre lotes, alta reprodutibilidade<br \/>\n\uf06c Boa biocompatibilidade, baixa citotoxicidade<\/p>\n<h2>3. \u00c2mbito de aplica\u00e7\u00e3o<\/h2>\n<p>\uf06c Extra\u00e7\u00e3o de DNA gen\u00f4mico de sangue total, tecidos, plantas e microorganismos.<br \/>\n\uf06c Extra\u00e7\u00e3o de DNA\/RNA viral, RNA total<br \/>\n\uf06c Purifica\u00e7\u00e3o de produtos PCR<br \/>\n\uf06c Extra\u00e7\u00e3o de DNA plasmidial<\/p>\n<h2>4. Par\u00e2metros e especifica\u00e7\u00f5es do produto<\/h2>\n<p>\uf06c Tamanho de part\u00edcula: 100 nm, 200 nm, 1 \u03bcm e 1,5 \u03bcm.<br \/>\n\uf06c Concentra\u00e7\u00e3o: 50 mg\/mL<br \/>\n\uf06c Solvente: \u00c1gua DI<br \/>\n\uf06c Grupo funcional de superf\u00edcie: grupo hidroxila (-OH)<br \/>\n\uf06c Solu\u00e7\u00f5es aplic\u00e1veis: PBS, Tris-HCl, H2O<br \/>\n\uf06c Conte\u00fado de ferro (Fe): 30%<\/p>\n<h2>5.Cuidado<\/h2>\n<p>\uf06c A densidade das esferas magn\u00e9ticas \u00e9 grande e \u00e9 f\u00e1cil afundar ap\u00f3s um longo per\u00edodo de repouso, portanto, agite bem antes de usar para obter uma suspens\u00e3o homog\u00eanea das esferas magn\u00e9ticas.<\/p>\n<h2>6.Condi\u00e7\u00f5es de armazenamento e data de validade<\/h2>\n<p>Condi\u00e7\u00f5es de armazenamento: Armazenar entre 2 e 8 \u2103, n\u00e3o congelar ou secar.<\/p>\n<table width=\"1428\">\n<tbody>\n<tr>\n<td width=\"484\">N\u00famero de produto<\/td>\n<td width=\"614\">Nome do Produto<\/td>\n<td width=\"329\">Tamanho da part\u00edcula<\/td>\n<\/tr>\n<tr>\n<td>AMS200-10<\/td>\n<td>Silica Magnetic\u00a0Beads<\/td>\n<td>200 nm<\/td>\n<\/tr>\n<tr>\n<td>AMS300-10<\/td>\n<td>Silica Magnetic\u00a0Beads<\/td>\n<td>300 nm<\/td>\n<\/tr>\n<tr>\n<td>AMS500-10<\/td>\n<td>Silica Magnetic\u00a0Beads<\/td>\n<td>500 nm<\/td>\n<\/tr>\n<tr>\n<td>AMS800-10<\/td>\n<td>Silica Magnetic\u00a0Beads<\/td>\n<td>800 nm<\/td>\n<\/tr>\n<tr>\n<td>AMS1UM-10<\/td>\n<td>Silica Magnetic\u00a0Beads<\/td>\n<td>1\u03bcm<\/td>\n<\/tr>\n<tr>\n<td>AMS2UM-10<\/td>\n<td>Silica Magnetic\u00a0Beads<\/td>\n<td>2\u03bcm<\/td>\n<\/tr>\n<tr>\n<td>AMS6UM-10<\/td>\n<td>Silica Magnetic\u00a0Beads<\/td>\n<td>6\u03bcm<\/td>\n<\/tr>\n<tr>\n<td>AMS10UM-10<\/td>\n<td>Silica Magnetic\u00a0Beads<\/td>\n<td>10 \u03bcm<\/td>\n<\/tr>\n<tr>\n<td>AMS20UM-10<\/td>\n<td>Silica Magnetic\u00a0Beads<\/td>\n<td>20\u03bcm<\/td>\n<\/tr>\n<tr>\n<td>AMS50UM-10<\/td>\n<td>Silica Magnetic\u00a0Beads<\/td>\n<td>50\u03bcm<\/td>\n<\/tr>\n<tr>\n<td>AMS100UM-10<\/td>\n<td>Silica Magnetic\u00a0Beads<\/td>\n<td>100\u03bcm<\/td>\n<\/tr>\n<tr>\n<td>AMS200UM-10<\/td>\n<td>Silica Magnetic\u00a0Beads<\/td>\n<td>200\u03bcm<\/td>\n<\/tr>\n<tr>\n<td>AMSC200-10<\/td>\n<td>Gr\u00e2nulos magn\u00e9ticos de s\u00edlica carbox\u00edlica<\/td>\n<td>200 nm<\/td>\n<\/tr>\n<tr>\n<td>AMSC500-10<\/td>\n<td>Gr\u00e2nulos magn\u00e9ticos de s\u00edlica carbox\u00edlica<\/td>\n<td>500 nm<\/td>\n<\/tr>\n<tr>\n<td>AMSC1UM-10<\/td>\n<td>Gr\u00e2nulos magn\u00e9ticos de s\u00edlica carbox\u00edlica<\/td>\n<td>1\u03bcm<\/td>\n<\/tr>\n<tr>\n<td>AMSC2UM-10<\/td>\n<td>Gr\u00e2nulos magn\u00e9ticos de s\u00edlica carbox\u00edlica<\/td>\n<td>2\u03bcm<\/td>\n<\/tr>\n<tr>\n<td>AMSC3UM-10<\/td>\n<td>Gr\u00e2nulos magn\u00e9ticos de s\u00edlica carbox\u00edlica<\/td>\n<td>3\u03bcm<\/td>\n<\/tr>\n<tr>\n<td>AMSC5UM-10<\/td>\n<td>Gr\u00e2nulos magn\u00e9ticos de s\u00edlica carbox\u00edlica<\/td>\n<td>5\u03bcm<\/td>\n<\/tr>\n<tr>\n<td>AMSC10UM-10<\/td>\n<td>Gr\u00e2nulos magn\u00e9ticos de s\u00edlica carbox\u00edlica<\/td>\n<td>10 \u03bcm<\/td>\n<\/tr>\n<tr>\n<td>AMSC20UM-10<\/td>\n<td>Gr\u00e2nulos magn\u00e9ticos de s\u00edlica carbox\u00edlica<\/td>\n<td>20\u03bcm<\/td>\n<\/tr>\n<tr>\n<td>AMSC50UM-10<\/td>\n<td>Gr\u00e2nulos magn\u00e9ticos de s\u00edlica carbox\u00edlica<\/td>\n<td>50\u03bcm<\/td>\n<\/tr>\n<tr>\n<td>AMSC100UM-10<\/td>\n<td>Gr\u00e2nulos magn\u00e9ticos de s\u00edlica carbox\u00edlica<\/td>\n<td>100\u03bcm<\/td>\n<\/tr>\n<tr>\n<td>AMSA200-10<\/td>\n<td>Gr\u00e2nulos Magn\u00e9ticos de Amino S\u00edlica<\/td>\n<td>200 nm<\/td>\n<\/tr>\n<tr>\n<td>AMSA500-10<\/td>\n<td>Gr\u00e2nulos Magn\u00e9ticos de Amino S\u00edlica<\/td>\n<td>500 nm<\/td>\n<\/tr>\n<tr>\n<td>AMSA1UM-10<\/td>\n<td>Gr\u00e2nulos Magn\u00e9ticos de Amino S\u00edlica<\/td>\n<td>1\u03bcm<\/td>\n<\/tr>\n<tr>\n<td>AMSA2UM-10<\/td>\n<td>Gr\u00e2nulos Magn\u00e9ticos de Amino S\u00edlica<\/td>\n<td>2\u03bcm<\/td>\n<\/tr>\n<tr>\n<td>AMSA3UM-10<\/td>\n<td>Gr\u00e2nulos Magn\u00e9ticos de Amino S\u00edlica<\/td>\n<td>3\u03bcm<\/td>\n<\/tr>\n<tr>\n<td>AMSA5UM-10<\/td>\n<td>Gr\u00e2nulos Magn\u00e9ticos de Amino S\u00edlica<\/td>\n<td>5\u03bcm<\/td>\n<\/tr>\n<tr>\n<td>AMSA10UM-10<\/td>\n<td>Gr\u00e2nulos Magn\u00e9ticos de Amino S\u00edlica<\/td>\n<td>10 \u03bcm<\/td>\n<\/tr>\n<\/tbody>\n<\/table>","protected":false},"excerpt":{"rendered":"<p>As esferas magn\u00e9ticas de s\u00edlica s\u00e3o projetadas para extra\u00e7\u00e3o e purifica\u00e7\u00e3o de \u00e1cidos nucleicos. As esferas magn\u00e9ticas de s\u00edlica s\u00e3o feitas de Fe3O4 superparamagn\u00e9tico como n\u00facleo, com um grande n\u00famero de grupos hidroxila de s\u00edlica na superf\u00edcie.<br \/>\nAs esferas magn\u00e9ticas de s\u00edlica cont\u00eam um grande n\u00famero de grupos funcionais hidroxila de s\u00edlica, com alto conte\u00fado magn\u00e9tico e monodispersidade. Sob condi\u00e7\u00f5es espec\u00edficas, os \u00e1cidos nucleicos podem ligar-se especificamente aos grupos hidroxila da s\u00edlica na superf\u00edcie das esferas magn\u00e9ticas, de modo que os \u00e1cidos nucleicos possam ser extra\u00eddos com rapidez e precis\u00e3o de amostras complexas.<\/p>","protected":false},"featured_media":1704,"template":"","meta":{"nf_dc_page":"","site-sidebar-layout":"default","site-content-layout":"","ast-site-content-layout":"default","site-content-style":"default","site-sidebar-style":"default","ast-global-header-display":"","ast-banner-title-visibility":"","ast-main-header-display":"","ast-hfb-above-header-display":"","ast-hfb-below-header-display":"","ast-hfb-mobile-header-display":"","site-post-title":"","ast-breadcrumbs-content":"","ast-featured-img":"","footer-sml-layout":"","ast-disable-related-posts":"","theme-transparent-header-meta":"default","adv-header-id-meta":"","stick-header-meta":"","header-above-stick-meta":"","header-main-stick-meta":"","header-below-stick-meta":"","astra-migrate-meta-layouts":"set","ast-page-background-enabled":"default","ast-page-background-meta":{"desktop":{"background-color":"","background-image":"","background-repeat":"repeat","background-position":"center center","background-size":"auto","background-attachment":"scroll","background-type":"","background-media":"","overlay-type":"","overlay-color":"","overlay-opacity":"","overlay-gradient":""},"tablet":{"background-color":"","background-image":"","background-repeat":"repeat","background-position":"center center","background-size":"auto","background-attachment":"scroll","background-type":"","background-media":"","overlay-type":"","overlay-color":"","overlay-opacity":"","overlay-gradient":""},"mobile":{"background-color":"","background-image":"","background-repeat":"repeat","background-position":"center center","background-size":"auto","background-attachment":"scroll","background-type":"","background-media":"","overlay-type":"","overlay-color":"","overlay-opacity":"","overlay-gradient":""}},"ast-content-background-meta":{"desktop":{"background-color":"var(--ast-global-color-5)","background-image":"","background-repeat":"repeat","background-position":"center center","background-size":"auto","background-attachment":"scroll","background-type":"","background-media":"","overlay-type":"","overlay-color":"","overlay-opacity":"","overlay-gradient":""},"tablet":{"background-color":"var(--ast-global-color-5)","background-image":"","background-repeat":"repeat","background-position":"center center","background-size":"auto","background-attachment":"scroll","background-type":"","background-media":"","overlay-type":"","overlay-color":"","overlay-opacity":"","overlay-gradient":""},"mobile":{"background-color":"var(--ast-global-color-5)","background-image":"","background-repeat":"repeat","background-position":"center center","background-size":"auto","background-attachment":"scroll","background-type":"","background-media":"","overlay-type":"","overlay-color":"","overlay-opacity":"","overlay-gradient":""}}},"product_brand":[],"product_cat":[35,23],"product_tag":[],"class_list":{"0":"post-1324","1":"product","2":"type-product","3":"status-publish","4":"has-post-thumbnail","6":"product_cat-hot-sale-products","7":"product_cat-magnetic-microspheres","8":"desktop-align-left","9":"tablet-align-left","10":"mobile-align-left","12":"first","13":"instock","14":"shipping-taxable","15":"product-type-simple"},"_links":{"self":[{"href":"https:\/\/nanomicronspheres.com\/pt\/wp-json\/wp\/v2\/product\/1324","targetHints":{"allow":["GET"]}}],"collection":[{"href":"https:\/\/nanomicronspheres.com\/pt\/wp-json\/wp\/v2\/product"}],"about":[{"href":"https:\/\/nanomicronspheres.com\/pt\/wp-json\/wp\/v2\/types\/product"}],"wp:featuredmedia":[{"embeddable":true,"href":"https:\/\/nanomicronspheres.com\/pt\/wp-json\/wp\/v2\/media\/1704"}],"wp:attachment":[{"href":"https:\/\/nanomicronspheres.com\/pt\/wp-json\/wp\/v2\/media?parent=1324"}],"wp:term":[{"taxonomy":"product_brand","embeddable":true,"href":"https:\/\/nanomicronspheres.com\/pt\/wp-json\/wp\/v2\/product_brand?post=1324"},{"taxonomy":"product_cat","embeddable":true,"href":"https:\/\/nanomicronspheres.com\/pt\/wp-json\/wp\/v2\/product_cat?post=1324"},{"taxonomy":"product_tag","embeddable":true,"href":"https:\/\/nanomicronspheres.com\/pt\/wp-json\/wp\/v2\/product_tag?post=1324"}],"curies":[{"name":"wp","href":"https:\/\/api.w.org\/{rel}","templated":true}]}}