{"id":1325,"date":"2024-04-25T09:07:25","date_gmt":"2024-04-25T09:07:25","guid":{"rendered":"https:\/\/nanomicronspheres.com\/?post_type=product&#038;p=1325"},"modified":"2025-03-18T08:28:49","modified_gmt":"2025-03-18T08:28:49","slug":"epoxy-magnetic-beads","status":"publish","type":"product","link":"https:\/\/nanomicronspheres.com\/pt\/products\/epoxy-magnetic-beads\/","title":{"rendered":"Gr\u00e2nulos Magn\u00e9ticos Ep\u00f3xi"},"content":{"rendered":"<h2>1. Vis\u00e3o geral das esferas magn\u00e9ticas ep\u00f3xi<\/h2>\n<p>As esferas magn\u00e9ticas ep\u00f3xi possuem um grupo ep\u00f3xi como grupo funcional na superf\u00edcie, que pode ser acoplado a prote\u00ednas ou pequenas mol\u00e9culas com aminas prim\u00e1rias, podendo ser utilizadas para purifica\u00e7\u00e3o por afinidade de anticorpos, ant\u00edgenos e outros aspectos. Em compara\u00e7\u00e3o com os gr\u00e2nulos magn\u00e9ticos carbox\u00edlicos e amino convencionais, os gr\u00e2nulos magn\u00e9ticos ep\u00f3xi s\u00e3o caracterizados por opera\u00e7\u00e3o simples e condi\u00e7\u00f5es de acoplamento suaves.<\/p>\n<h2>2. Caracter\u00edsticas das esferas magn\u00e9ticas ep\u00f3xi<\/h2>\n<p>\uf06c Acoplamento r\u00e1pido e f\u00e1cil de uma etapa<br \/>\n\uf06c Baixa varia\u00e7\u00e3o entre lotes e alta reprodutibilidade<br \/>\n\uf06c A densidade moderada do grupo ep\u00f3xi e a morfologia superficial uniforme maximizam a taxa de acoplamento.<\/p>\n<h2>3. Par\u00e2metros do produto<\/h2>\n<p>\uf06c Tamanho de part\u00edcula: 1\u03bcm, 3\u03bcm, 5\u03bcm<br \/>\n\uf06c Concentra\u00e7\u00e3o: 50 mg\/mL<br \/>\n\uf06c Solu\u00e7\u00e3o de armazenamento: \u00c1lcool isoprop\u00edlico<br \/>\n\uf06c Grupo de formula\u00e7\u00e3o: ep\u00f3xi<br \/>\n\uf06c Densidade do ligante: \u2265250 \u03bcmol\/g<\/p>\n<h2>4. M\u00e9todo de uso<\/h2>\n<p>Pegue uma quantidade apropriada de esferas de ep\u00f3xi e lave v\u00e1rias vezes com solu\u00e7\u00e3o tamp\u00e3o de pH 8,0. Dispersar a quantidade apropriada de biomol\u00e9culas.<\/p>\n<p>Dispersar a quantidade apropriada de biomol\u00e9culas em tamp\u00e3o pH 8,0 e redispersar as microesferas nesta solu\u00e7\u00e3o, e acoplar a 25\u00b0C por 6 horas ou a 4\u00b0C durante a noite.<\/p>\n<p>As microesferas foram acopladas durante 6 horas a 25\u00b0C ou durante a noite a 4\u00b0C. No final do acoplamento, o sobrenadante \u00e9 aspirado magneticamente, descartado e as microesferas s\u00e3o redispersas pela adi\u00e7\u00e3o de tamp\u00e3o contendo etanolamina 20 mM e acopladas durante 3 horas a 25\u00b0C para selar os grupos ep\u00f3xi que n\u00e3o reagiram. Ap\u00f3s selagem, suc\u00e7\u00e3o magn\u00e9tica, remover o sobrenadante, lavar as microesferas com tamp\u00e3o PBS 20 mM pH 7,4 por tr\u00eas vezes e redispersar, armazenar em 4 \u2103 para reserva, se necess\u00e1rio, adicionar 0,02% de azida de s\u00f3dio para inibir o crescimento de bact\u00e9rias .<\/p>\n<h2>5.Precau\u00e7\u00f5es<\/h2>\n<p>\uf06c Agite bem antes de usar para obter uma suspens\u00e3o homog\u00eanea de microesferas.<\/p>\n<p>\uf06c O tamp\u00e3o de acoplamento usado para acoplamento n\u00e3o deve conter am\u00f4nia, caso contr\u00e1rio a efici\u00eancia do acoplamento ser\u00e1 afetada.<\/p>\n<p>\uf06c Ao selar, selecione a solu\u00e7\u00e3o tamp\u00e3o apropriada para selar de acordo com as necessidades da aplica\u00e7\u00e3o.<\/p>\n<p>\uf06c Armazene a 4\u00b0C por 3 anos.<\/p>\n<table width=\"1428\">\n<tbody>\n<tr>\n<td width=\"484\">N\u00famero de produto<\/td>\n<td width=\"614\">Nome do Produto<\/td>\n<td width=\"329\">Tamanho da part\u00edcula<\/td>\n<\/tr>\n<tr>\n<td>MagEP1UM-10<\/td>\n<td>Gr\u00e2nulos Magn\u00e9ticos Ep\u00f3xi<\/td>\n<td>1\u03bcm<\/td>\n<\/tr>\n<tr>\n<td>MagEP2UM-10<\/td>\n<td>Gr\u00e2nulos Magn\u00e9ticos Ep\u00f3xi<\/td>\n<td>2\u03bcm<\/td>\n<\/tr>\n<tr>\n<td>MagEP3UM-10<\/td>\n<td>Gr\u00e2nulos Magn\u00e9ticos Ep\u00f3xi<\/td>\n<td>2\u03bcm<\/td>\n<\/tr>\n<tr>\n<td>MagEP5UM-10<\/td>\n<td>Gr\u00e2nulos Magn\u00e9ticos Ep\u00f3xi<\/td>\n<td>2\u03bcm<\/td>\n<\/tr>\n<tr>\n<td>MagEP10UM-10<\/td>\n<td>Gr\u00e2nulos Magn\u00e9ticos Ep\u00f3xi<\/td>\n<td>10 \u03bcm<\/td>\n<\/tr>\n<tr>\n<td>MagEP15UM-10<\/td>\n<td>Gr\u00e2nulos Magn\u00e9ticos Ep\u00f3xi<\/td>\n<td>15\u03bcm<\/td>\n<\/tr>\n<tr>\n<td>MagEP20UM-10<\/td>\n<td>Gr\u00e2nulos Magn\u00e9ticos Ep\u00f3xi<\/td>\n<td>20\u03bcm<\/td>\n<\/tr>\n<\/tbody>\n<\/table>","protected":false},"excerpt":{"rendered":"<p>As esferas magn\u00e9ticas ep\u00f3xi possuem um grupo ep\u00f3xi como grupo funcional na superf\u00edcie, que pode ser acoplado a prote\u00ednas ou pequenas mol\u00e9culas com aminas prim\u00e1rias, podendo ser utilizadas para purifica\u00e7\u00e3o por afinidade de anticorpos, ant\u00edgenos e outros aspectos. Em compara\u00e7\u00e3o com os gr\u00e2nulos magn\u00e9ticos carbox\u00edlicos e amino convencionais, os gr\u00e2nulos magn\u00e9ticos ep\u00f3xi s\u00e3o caracterizados por opera\u00e7\u00e3o simples e condi\u00e7\u00f5es de acoplamento suaves.<\/p>","protected":false},"featured_media":1699,"template":"","meta":{"nf_dc_page":"","site-sidebar-layout":"default","site-content-layout":"","ast-site-content-layout":"default","site-content-style":"default","site-sidebar-style":"default","ast-global-header-display":"","ast-banner-title-visibility":"","ast-main-header-display":"","ast-hfb-above-header-display":"","ast-hfb-below-header-display":"","ast-hfb-mobile-header-display":"","site-post-title":"","ast-breadcrumbs-content":"","ast-featured-img":"","footer-sml-layout":"","ast-disable-related-posts":"","theme-transparent-header-meta":"default","adv-header-id-meta":"","stick-header-meta":"","header-above-stick-meta":"","header-main-stick-meta":"","header-below-stick-meta":"","astra-migrate-meta-layouts":"set","ast-page-background-enabled":"default","ast-page-background-meta":{"desktop":{"background-color":"","background-image":"","background-repeat":"repeat","background-position":"center center","background-size":"auto","background-attachment":"scroll","background-type":"","background-media":"","overlay-type":"","overlay-color":"","overlay-opacity":"","overlay-gradient":""},"tablet":{"background-color":"","background-image":"","background-repeat":"repeat","background-position":"center center","background-size":"auto","background-attachment":"scroll","background-type":"","background-media":"","overlay-type":"","overlay-color":"","overlay-opacity":"","overlay-gradient":""},"mobile":{"background-color":"","background-image":"","background-repeat":"repeat","background-position":"center center","background-size":"auto","background-attachment":"scroll","background-type":"","background-media":"","overlay-type":"","overlay-color":"","overlay-opacity":"","overlay-gradient":""}},"ast-content-background-meta":{"desktop":{"background-color":"var(--ast-global-color-5)","background-image":"","background-repeat":"repeat","background-position":"center center","background-size":"auto","background-attachment":"scroll","background-type":"","background-media":"","overlay-type":"","overlay-color":"","overlay-opacity":"","overlay-gradient":""},"tablet":{"background-color":"var(--ast-global-color-5)","background-image":"","background-repeat":"repeat","background-position":"center center","background-size":"auto","background-attachment":"scroll","background-type":"","background-media":"","overlay-type":"","overlay-color":"","overlay-opacity":"","overlay-gradient":""},"mobile":{"background-color":"var(--ast-global-color-5)","background-image":"","background-repeat":"repeat","background-position":"center center","background-size":"auto","background-attachment":"scroll","background-type":"","background-media":"","overlay-type":"","overlay-color":"","overlay-opacity":"","overlay-gradient":""}}},"product_brand":[],"product_cat":[35,23],"product_tag":[],"class_list":{"0":"post-1325","1":"product","2":"type-product","3":"status-publish","4":"has-post-thumbnail","6":"product_cat-hot-sale-products","7":"product_cat-magnetic-microspheres","8":"desktop-align-left","9":"tablet-align-left","10":"mobile-align-left","12":"first","13":"instock","14":"shipping-taxable","15":"product-type-simple"},"_links":{"self":[{"href":"https:\/\/nanomicronspheres.com\/pt\/wp-json\/wp\/v2\/product\/1325","targetHints":{"allow":["GET"]}}],"collection":[{"href":"https:\/\/nanomicronspheres.com\/pt\/wp-json\/wp\/v2\/product"}],"about":[{"href":"https:\/\/nanomicronspheres.com\/pt\/wp-json\/wp\/v2\/types\/product"}],"wp:featuredmedia":[{"embeddable":true,"href":"https:\/\/nanomicronspheres.com\/pt\/wp-json\/wp\/v2\/media\/1699"}],"wp:attachment":[{"href":"https:\/\/nanomicronspheres.com\/pt\/wp-json\/wp\/v2\/media?parent=1325"}],"wp:term":[{"taxonomy":"product_brand","embeddable":true,"href":"https:\/\/nanomicronspheres.com\/pt\/wp-json\/wp\/v2\/product_brand?post=1325"},{"taxonomy":"product_cat","embeddable":true,"href":"https:\/\/nanomicronspheres.com\/pt\/wp-json\/wp\/v2\/product_cat?post=1325"},{"taxonomy":"product_tag","embeddable":true,"href":"https:\/\/nanomicronspheres.com\/pt\/wp-json\/wp\/v2\/product_tag?post=1325"}],"curies":[{"name":"wp","href":"https:\/\/api.w.org\/{rel}","templated":true}]}}