{"id":1326,"date":"2024-04-25T09:08:57","date_gmt":"2024-04-25T09:08:57","guid":{"rendered":"https:\/\/nanomicronspheres.com\/?post_type=product&#038;p=1326"},"modified":"2025-03-18T08:24:31","modified_gmt":"2025-03-18T08:24:31","slug":"magsa-streptavidin-magnetic-beads","status":"publish","type":"product","link":"https:\/\/nanomicronspheres.com\/pt\/products\/magsa-streptavidin-magnetic-beads\/","title":{"rendered":"Esferas Magn\u00e9ticas de Estreptavidina"},"content":{"rendered":"<h2>1. Descri\u00e7\u00e3o das esferas magn\u00e9ticas de estreptavidina<\/h2>\n<p>Os produtos da s\u00e9rie Streptavidina Magnetic Beads s\u00e3o baseados na tecnologia original de prepara\u00e7\u00e3o de esferas magn\u00e9ticas e na tecnologia de modifica\u00e7\u00e3o de superf\u00edcie, que pode ser usada para encapsular estreptavidina na superf\u00edcie de esferas magn\u00e9ticas de maneira direcionada e de alta densidade.<\/p>\n<p>A tecnologia de modifica\u00e7\u00e3o de superf\u00edcie \u00e9 baseada na tecnologia original de prepara\u00e7\u00e3o de esferas magn\u00e9ticas e tecnologia de modifica\u00e7\u00e3o de superf\u00edcie, a estreptavidina \u00e9 envolvida na superf\u00edcie das esferas magn\u00e9ticas em um alvo e de alta densidade, de modo que o produto tenha uma alta afinidade de biotina<\/p>\n<p>O produto possui alta efici\u00eancia de afinidade com biotina e baixa adsor\u00e7\u00e3o de prote\u00ednas inespec\u00edficas.<\/p>\n<h2>2.Caracter\u00edsticas das esferas magn\u00e9ticas de estreptavidina<\/h2>\n<p>\uf06c Resposta r\u00e1pida de magnetiza\u00e7\u00e3o e boa monodispersidade.<br \/>\n\uf06c Baixa varia\u00e7\u00e3o entre lotes, alta reprodutibilidade<br \/>\n\uf06c Biocompat\u00edvel, baixa citotoxicidade<br \/>\n\uf06c Baixa adsor\u00e7\u00e3o inespec\u00edfica de prote\u00ednas na superf\u00edcie de esferas magn\u00e9ticas<\/p>\n<h2>3. \u00c2mbito de aplica\u00e7\u00e3o<\/h2>\n<p>O produto pode ser amplamente utilizado em v\u00e1rios imunoensaios.<\/p>\n<h2>4. Par\u00e2metros e especifica\u00e7\u00f5es do produto<\/h2>\n<p>\uf06c Tamanho da part\u00edcula: 3 \u03bcm<br \/>\n\uf06c Concentra\u00e7\u00e3o: 10 mg\/mL<br \/>\n\uf06c Capacidade de liga\u00e7\u00e3o (por mg de esferas): \u22651500 pmol de biotina livre<br \/>\n\u2265500 pmol Oligonucleot\u00eddeos de fita simples marcados com biotina<br \/>\n\u226520 \u03bcg tabela de biotina e anticorpo<br \/>\n\uf06c Conte\u00fado de ferro (Fe): \u226530%<\/p>\n<h2>5.Cuidado<\/h2>\n<p>As esferas magn\u00e9ticas s\u00e3o densas e tendem a afundar quando deixadas por muito tempo, portanto agite bem antes de usar para obter uma suspens\u00e3o homog\u00eanea de esferas magn\u00e9ticas.<\/p>\n<h2>6.Condi\u00e7\u00f5es de armazenamento e data de validade<\/h2>\n<p>\uf06c Solu\u00e7\u00e3o de armazenamento: tamp\u00e3o PBS 10 mM pH=7,4 0,01% NaN3<br \/>\n\uf06c Condi\u00e7\u00e3o de armazenamento: 2-8 \u2103.<br \/>\n\uf06c Per\u00edodo de armazenamento: 1 ano<\/p>\n<table width=\"1428\">\n<tbody>\n<tr>\n<td width=\"484\">N\u00famero de produto<\/td>\n<td width=\"614\">Nome do Produto<\/td>\n<td width=\"329\">Tamanho da part\u00edcula<\/td>\n<\/tr>\n<tr>\n<td>MagSA1UM-10<\/td>\n<td>Esferas Magn\u00e9ticas de Estreptavidina<\/td>\n<td>1\u03bcm<\/td>\n<\/tr>\n<tr>\n<td>MagSA1.5UM-10<\/td>\n<td>Esferas Magn\u00e9ticas de Estreptavidina<\/td>\n<td>1,5\u03bcm<\/td>\n<\/tr>\n<tr>\n<td>MagSA2.8UM-10<\/td>\n<td>Esferas Magn\u00e9ticas de Estreptavidina<\/td>\n<td>2,8\u03bcm<\/td>\n<\/tr>\n<tr>\n<td>MagSA3UM-10<\/td>\n<td>Esferas Magn\u00e9ticas de Estreptavidina<\/td>\n<td>3\u03bcm<\/td>\n<\/tr>\n<tr>\n<td>MagSA5UM-10<\/td>\n<td>Esferas Magn\u00e9ticas de Estreptavidina<\/td>\n<td>5\u03bcm<\/td>\n<\/tr>\n<tr>\n<td>MagSA10UM-10<\/td>\n<td>Esferas Magn\u00e9ticas de Estreptavidina<\/td>\n<td>10 \u03bcm<\/td>\n<\/tr>\n<tr>\n<td>MagSA15UM-10<\/td>\n<td>Esferas Magn\u00e9ticas de Estreptavidina<\/td>\n<td>15\u03bcm<\/td>\n<\/tr>\n<tr>\n<td>MagSA20UM-10<\/td>\n<td>Esferas Magn\u00e9ticas de Estreptavidina<\/td>\n<td>20\u03bcm<\/td>\n<\/tr>\n<tr>\n<td>MagSA30UM-10<\/td>\n<td>Esferas Magn\u00e9ticas de Estreptavidina<\/td>\n<td>30\u03bcm<\/td>\n<\/tr>\n<\/tbody>\n<\/table>","protected":false},"excerpt":{"rendered":"<p>Os produtos da s\u00e9rie Streptavidina Magnetic Beads s\u00e3o baseados na tecnologia original de prepara\u00e7\u00e3o de esferas magn\u00e9ticas e na tecnologia de modifica\u00e7\u00e3o de superf\u00edcie, que pode ser usada para encapsular estreptavidina na superf\u00edcie de esferas magn\u00e9ticas de maneira direcionada e de alta densidade.<br \/>\nA tecnologia de modifica\u00e7\u00e3o de superf\u00edcie \u00e9 baseada na tecnologia original de prepara\u00e7\u00e3o de esferas magn\u00e9ticas e tecnologia de modifica\u00e7\u00e3o de superf\u00edcie, a estreptavidina \u00e9 envolvida na superf\u00edcie das esferas magn\u00e9ticas em um alvo e de alta densidade, de modo que o produto tenha uma alta afinidade de biotina<br \/>\nO produto possui alta efici\u00eancia de afinidade com biotina e baixa adsor\u00e7\u00e3o de prote\u00ednas inespec\u00edficas.<\/p>","protected":false},"featured_media":1698,"template":"","meta":{"nf_dc_page":"","site-sidebar-layout":"default","site-content-layout":"","ast-site-content-layout":"default","site-content-style":"default","site-sidebar-style":"default","ast-global-header-display":"","ast-banner-title-visibility":"","ast-main-header-display":"","ast-hfb-above-header-display":"","ast-hfb-below-header-display":"","ast-hfb-mobile-header-display":"","site-post-title":"","ast-breadcrumbs-content":"","ast-featured-img":"","footer-sml-layout":"","ast-disable-related-posts":"","theme-transparent-header-meta":"default","adv-header-id-meta":"","stick-header-meta":"","header-above-stick-meta":"","header-main-stick-meta":"","header-below-stick-meta":"","astra-migrate-meta-layouts":"set","ast-page-background-enabled":"default","ast-page-background-meta":{"desktop":{"background-color":"","background-image":"","background-repeat":"repeat","background-position":"center center","background-size":"auto","background-attachment":"scroll","background-type":"","background-media":"","overlay-type":"","overlay-color":"","overlay-opacity":"","overlay-gradient":""},"tablet":{"background-color":"","background-image":"","background-repeat":"repeat","background-position":"center center","background-size":"auto","background-attachment":"scroll","background-type":"","background-media":"","overlay-type":"","overlay-color":"","overlay-opacity":"","overlay-gradient":""},"mobile":{"background-color":"","background-image":"","background-repeat":"repeat","background-position":"center center","background-size":"auto","background-attachment":"scroll","background-type":"","background-media":"","overlay-type":"","overlay-color":"","overlay-opacity":"","overlay-gradient":""}},"ast-content-background-meta":{"desktop":{"background-color":"var(--ast-global-color-5)","background-image":"","background-repeat":"repeat","background-position":"center center","background-size":"auto","background-attachment":"scroll","background-type":"","background-media":"","overlay-type":"","overlay-color":"","overlay-opacity":"","overlay-gradient":""},"tablet":{"background-color":"var(--ast-global-color-5)","background-image":"","background-repeat":"repeat","background-position":"center center","background-size":"auto","background-attachment":"scroll","background-type":"","background-media":"","overlay-type":"","overlay-color":"","overlay-opacity":"","overlay-gradient":""},"mobile":{"background-color":"var(--ast-global-color-5)","background-image":"","background-repeat":"repeat","background-position":"center center","background-size":"auto","background-attachment":"scroll","background-type":"","background-media":"","overlay-type":"","overlay-color":"","overlay-opacity":"","overlay-gradient":""}}},"product_brand":[],"product_cat":[35,23],"product_tag":[],"class_list":{"0":"post-1326","1":"product","2":"type-product","3":"status-publish","4":"has-post-thumbnail","6":"product_cat-hot-sale-products","7":"product_cat-magnetic-microspheres","8":"desktop-align-left","9":"tablet-align-left","10":"mobile-align-left","12":"first","13":"instock","14":"shipping-taxable","15":"product-type-simple"},"_links":{"self":[{"href":"https:\/\/nanomicronspheres.com\/pt\/wp-json\/wp\/v2\/product\/1326","targetHints":{"allow":["GET"]}}],"collection":[{"href":"https:\/\/nanomicronspheres.com\/pt\/wp-json\/wp\/v2\/product"}],"about":[{"href":"https:\/\/nanomicronspheres.com\/pt\/wp-json\/wp\/v2\/types\/product"}],"wp:featuredmedia":[{"embeddable":true,"href":"https:\/\/nanomicronspheres.com\/pt\/wp-json\/wp\/v2\/media\/1698"}],"wp:attachment":[{"href":"https:\/\/nanomicronspheres.com\/pt\/wp-json\/wp\/v2\/media?parent=1326"}],"wp:term":[{"taxonomy":"product_brand","embeddable":true,"href":"https:\/\/nanomicronspheres.com\/pt\/wp-json\/wp\/v2\/product_brand?post=1326"},{"taxonomy":"product_cat","embeddable":true,"href":"https:\/\/nanomicronspheres.com\/pt\/wp-json\/wp\/v2\/product_cat?post=1326"},{"taxonomy":"product_tag","embeddable":true,"href":"https:\/\/nanomicronspheres.com\/pt\/wp-json\/wp\/v2\/product_tag?post=1326"}],"curies":[{"name":"wp","href":"https:\/\/api.w.org\/{rel}","templated":true}]}}