{"id":1582,"date":"2024-05-20T07:46:50","date_gmt":"2024-05-20T07:46:50","guid":{"rendered":"https:\/\/nanomicronspheres.com\/?post_type=product&#038;p=1582"},"modified":"2025-03-18T08:18:53","modified_gmt":"2025-03-18T08:18:53","slug":"carboxyl-eu-fluo-microspheres","status":"publish","type":"product","link":"https:\/\/nanomicronspheres.com\/pt\/products\/carboxyl-eu-fluo-microspheres\/","title":{"rendered":"Microesferas Carboxil Eu-fluo"},"content":{"rendered":"<h2>Descri\u00e7\u00e3o das microesferas de carboxila Eu-fluo<\/h2>\n<p>As microesferas Carboxyl Eu-fluo cont\u00eam microesferas fluorescentes de poliestireno incompat\u00edveis contendo elementos de eur\u00f3pio de terras raras. Desempenho de fluoresc\u00eancia: comprimento de onda de excita\u00e7\u00e3o 360-365nm, comprimento de onda de emiss\u00e3o: 615nm. Tamanho de part\u00edcula: 100nm, 170nm, 200nm, 300nm, 400nm. Especifica\u00e7\u00e3o: 1ml, 5ml, 10ml, 100ml, 1L<\/p>\n<figure id=\"attachment_1694\" aria-describedby=\"caption-attachment-1694\" style=\"width: 383px\" class=\"wp-caption aligncenter\"><img fetchpriority=\"high\" decoding=\"async\" class=\"wp-image-1694\" src=\"https:\/\/nanomicronspheres.com\/wp-content\/uploads\/2024\/05\/\u7a00\u571f\u8367\u5149\u5fae\u7403\u5149\u666e\u7968-300x224.jpg\" alt=\"Spectra of Carboxyl\u00a0Eu-fluo Microspheres\" width=\"383\" height=\"286\" srcset=\"https:\/\/nanomicronspheres.com\/wp-content\/uploads\/2024\/05\/\u7a00\u571f\u8367\u5149\u5fae\u7403\u5149\u666e\u7968-300x224.jpg 300w, https:\/\/nanomicronspheres.com\/wp-content\/uploads\/2024\/05\/\u7a00\u571f\u8367\u5149\u5fae\u7403\u5149\u666e\u7968-768x572.jpg 768w, https:\/\/nanomicronspheres.com\/wp-content\/uploads\/2024\/05\/\u7a00\u571f\u8367\u5149\u5fae\u7403\u5149\u666e\u7968-600x447.jpg 600w, https:\/\/nanomicronspheres.com\/wp-content\/uploads\/2024\/05\/\u7a00\u571f\u8367\u5149\u5fae\u7403\u5149\u666e\u7968.jpg 800w\" sizes=\"(max-width: 383px) 100vw, 383px\" \/><figcaption id=\"caption-attachment-1694\" class=\"wp-caption-text\">Espectros de Microesferas Carboxil Eu-fluo<\/figcaption><\/figure>\n<table width=\"1428\">\n<tbody>\n<tr>\n<td width=\"484\">N\u00famero de produto<\/td>\n<td width=\"614\">Nome do Produto<\/td>\n<td width=\"329\">Tamanho da part\u00edcula<\/td>\n<\/tr>\n<tr>\n<td>BM100-010-EU<\/td>\n<td>Microesferas Carboxil Eu-fluo<\/td>\n<td>100 nm<\/td>\n<\/tr>\n<tr>\n<td>BM170-017-EU<\/td>\n<td>Microesferas Carboxil Eu-fluo<\/td>\n<td>170 nm<\/td>\n<\/tr>\n<tr>\n<td>BM200-020-EU<\/td>\n<td>Microesferas Carboxil Eu-fluo<\/td>\n<td>200 nm<\/td>\n<\/tr>\n<tr>\n<td>BM300-030-EU<\/td>\n<td>Microesferas Carboxil Eu-fluo<\/td>\n<td>300 nm<\/td>\n<\/tr>\n<tr>\n<td>BM400-040-EU<\/td>\n<td>Microesferas Carboxil Eu-fluo<\/td>\n<td>400 nm<\/td>\n<\/tr>\n<\/tbody>\n<\/table>","protected":false},"excerpt":{"rendered":"<p>As microesferas Carboxyl Eu-fluo cont\u00eam microesferas fluorescentes de poliestireno incompat\u00edveis contendo elementos de eur\u00f3pio de terras raras. Desempenho de fluoresc\u00eancia: comprimento de onda de excita\u00e7\u00e3o 360-365nm, comprimento de onda de emiss\u00e3o: 615nm. Tamanho de part\u00edcula: 100nm, 170nm, 200nm, 300nm, 400nm. Especifica\u00e7\u00e3o: 1ml, 5ml, 10ml, 100ml, 1L<\/p>","protected":false},"featured_media":1682,"template":"","meta":{"nf_dc_page":"","site-sidebar-layout":"default","site-content-layout":"","ast-site-content-layout":"default","site-content-style":"default","site-sidebar-style":"default","ast-global-header-display":"","ast-banner-title-visibility":"","ast-main-header-display":"","ast-hfb-above-header-display":"","ast-hfb-below-header-display":"","ast-hfb-mobile-header-display":"","site-post-title":"","ast-breadcrumbs-content":"","ast-featured-img":"","footer-sml-layout":"","ast-disable-related-posts":"","theme-transparent-header-meta":"default","adv-header-id-meta":"","stick-header-meta":"","header-above-stick-meta":"","header-main-stick-meta":"","header-below-stick-meta":"","astra-migrate-meta-layouts":"set","ast-page-background-enabled":"default","ast-page-background-meta":{"desktop":{"background-color":"","background-image":"","background-repeat":"repeat","background-position":"center center","background-size":"auto","background-attachment":"scroll","background-type":"","background-media":"","overlay-type":"","overlay-color":"","overlay-opacity":"","overlay-gradient":""},"tablet":{"background-color":"","background-image":"","background-repeat":"repeat","background-position":"center center","background-size":"auto","background-attachment":"scroll","background-type":"","background-media":"","overlay-type":"","overlay-color":"","overlay-opacity":"","overlay-gradient":""},"mobile":{"background-color":"","background-image":"","background-repeat":"repeat","background-position":"center center","background-size":"auto","background-attachment":"scroll","background-type":"","background-media":"","overlay-type":"","overlay-color":"","overlay-opacity":"","overlay-gradient":""}},"ast-content-background-meta":{"desktop":{"background-color":"var(--ast-global-color-5)","background-image":"","background-repeat":"repeat","background-position":"center center","background-size":"auto","background-attachment":"scroll","background-type":"","background-media":"","overlay-type":"","overlay-color":"","overlay-opacity":"","overlay-gradient":""},"tablet":{"background-color":"var(--ast-global-color-5)","background-image":"","background-repeat":"repeat","background-position":"center center","background-size":"auto","background-attachment":"scroll","background-type":"","background-media":"","overlay-type":"","overlay-color":"","overlay-opacity":"","overlay-gradient":""},"mobile":{"background-color":"var(--ast-global-color-5)","background-image":"","background-repeat":"repeat","background-position":"center center","background-size":"auto","background-attachment":"scroll","background-type":"","background-media":"","overlay-type":"","overlay-color":"","overlay-opacity":"","overlay-gradient":""}}},"product_brand":[],"product_cat":[21,35],"product_tag":[],"class_list":{"0":"post-1582","1":"product","2":"type-product","3":"status-publish","4":"has-post-thumbnail","6":"product_cat-fluorescent-microspheres","7":"product_cat-hot-sale-products","8":"desktop-align-left","9":"tablet-align-left","10":"mobile-align-left","12":"first","13":"instock","14":"shipping-taxable","15":"product-type-simple"},"_links":{"self":[{"href":"https:\/\/nanomicronspheres.com\/pt\/wp-json\/wp\/v2\/product\/1582","targetHints":{"allow":["GET"]}}],"collection":[{"href":"https:\/\/nanomicronspheres.com\/pt\/wp-json\/wp\/v2\/product"}],"about":[{"href":"https:\/\/nanomicronspheres.com\/pt\/wp-json\/wp\/v2\/types\/product"}],"wp:featuredmedia":[{"embeddable":true,"href":"https:\/\/nanomicronspheres.com\/pt\/wp-json\/wp\/v2\/media\/1682"}],"wp:attachment":[{"href":"https:\/\/nanomicronspheres.com\/pt\/wp-json\/wp\/v2\/media?parent=1582"}],"wp:term":[{"taxonomy":"product_brand","embeddable":true,"href":"https:\/\/nanomicronspheres.com\/pt\/wp-json\/wp\/v2\/product_brand?post=1582"},{"taxonomy":"product_cat","embeddable":true,"href":"https:\/\/nanomicronspheres.com\/pt\/wp-json\/wp\/v2\/product_cat?post=1582"},{"taxonomy":"product_tag","embeddable":true,"href":"https:\/\/nanomicronspheres.com\/pt\/wp-json\/wp\/v2\/product_tag?post=1582"}],"curies":[{"name":"wp","href":"https:\/\/api.w.org\/{rel}","templated":true}]}}