{"id":1584,"date":"2024-05-20T08:11:44","date_gmt":"2024-05-20T08:11:44","guid":{"rendered":"https:\/\/nanomicronspheres.com\/?post_type=product&#038;p=1584"},"modified":"2025-11-27T01:43:25","modified_gmt":"2025-11-27T01:43:25","slug":"colored-carboxyl-microspheres","status":"publish","type":"product","link":"https:\/\/nanomicronspheres.com\/pt\/products\/colored-carboxyl-microspheres\/","title":{"rendered":"Microesferas Carboxila Coloridas"},"content":{"rendered":"<h2>Descri\u00e7\u00e3o das microesferas de carboxila coloridas<\/h2>\n<p>As microesferas de carboxila coloridas s\u00e3o projetadas para diagn\u00f3stico m\u00e9dico de \u201cfluxo horizontal\u201d. As microesferas de carboxila coloridas t\u00eam cores distintas e est\u00e1veis, com v\u00e1rias cores para escolher, e podem obter resultados de detec\u00e7\u00e3o qualitativa ou quantitativa altamente sens\u00edveis.<\/p>\n<table width=\"1428\">\n<tbody>\n<tr>\n<td width=\"484\">N\u00famero de produto<\/td>\n<td width=\"614\">Nome do Produto<\/td>\n<td width=\"329\">Tamanho da part\u00edcula<\/td>\n<\/tr>\n<tr>\n<td>CAR100-10<\/td>\n<td>Microesferas Carboxila Vermelhas<\/td>\n<td>0,10\u03bcm<\/td>\n<\/tr>\n<tr>\n<td>CAR200-10<\/td>\n<td>Microesferas Carboxila Vermelhas<\/td>\n<td>0,20\u03bcm<\/td>\n<\/tr>\n<tr>\n<td>CAR300-10<\/td>\n<td>Microesferas Carboxila Vermelhas<\/td>\n<td>0,30\u03bcm<\/td>\n<\/tr>\n<tr>\n<td>CAR400-10<\/td>\n<td>Microesferas Carboxila Vermelhas<\/td>\n<td>0,40\u03bcm<\/td>\n<\/tr>\n<tr>\n<td>CAR500-10<\/td>\n<td>Microesferas Carboxila Vermelhas<\/td>\n<td>0,50\u03bcm<\/td>\n<\/tr>\n<tr>\n<td>CAR1UM-10<\/td>\n<td>Microesferas Carboxila Vermelhas<\/td>\n<td>1\u03bcm<\/td>\n<\/tr>\n<tr>\n<td>CAR3UM-10<\/td>\n<td>Microesferas Carboxila Vermelhas<\/td>\n<td>3\u03bcm<\/td>\n<\/tr>\n<tr>\n<td>CAR5UM-10<\/td>\n<td>Microesferas Carboxila Vermelhas<\/td>\n<td>5\u03bcm<\/td>\n<\/tr>\n<tr>\n<td>CAR7UM-10<\/td>\n<td>Microesferas Carboxila Vermelhas<\/td>\n<td>7\u03bcm<\/td>\n<\/tr>\n<tr>\n<td>CAR15UM-10<\/td>\n<td>Microesferas Carboxila Vermelhas<\/td>\n<td>7\u03bcm<\/td>\n<\/tr>\n<tr>\n<td><\/td>\n<td><\/td>\n<td><\/td>\n<\/tr>\n<tr>\n<td>CAB100-10<\/td>\n<td>Microesferas Carboxila Azuis<\/td>\n<td>0,10\u03bcm<\/td>\n<\/tr>\n<tr>\n<td>CAB200-10<\/td>\n<td>Microesferas Carboxila Azuis<\/td>\n<td>0,20\u03bcm<\/td>\n<\/tr>\n<tr>\n<td>CAB300-10<\/td>\n<td>Microesferas Carboxila Azuis<\/td>\n<td>0,30\u03bcm<\/td>\n<\/tr>\n<tr>\n<td>CAB400-10<\/td>\n<td>Microesferas Carboxila Azuis<\/td>\n<td>0,40\u03bcm<\/td>\n<\/tr>\n<tr>\n<td>CAB500-10<\/td>\n<td>Microesferas Carboxila Azuis<\/td>\n<td>0,50\u03bcm<\/td>\n<\/tr>\n<\/tbody>\n<\/table>","protected":false},"excerpt":{"rendered":"<p>As microesferas de carboxila coloridas s\u00e3o projetadas para diagn\u00f3stico m\u00e9dico de \u201cfluxo horizontal\u201d. As microesferas coloridas possuem cores distintas e est\u00e1veis, com m\u00faltiplas cores para escolher, e podem obter resultados de detec\u00e7\u00e3o qualitativos ou quantitativos altamente sens\u00edveis.<\/p>","protected":false},"featured_media":9329,"template":"","meta":{"nf_dc_page":"","site-sidebar-layout":"default","site-content-layout":"","ast-site-content-layout":"default","site-content-style":"default","site-sidebar-style":"default","ast-global-header-display":"","ast-banner-title-visibility":"","ast-main-header-display":"","ast-hfb-above-header-display":"","ast-hfb-below-header-display":"","ast-hfb-mobile-header-display":"","site-post-title":"","ast-breadcrumbs-content":"","ast-featured-img":"","footer-sml-layout":"","ast-disable-related-posts":"","theme-transparent-header-meta":"default","adv-header-id-meta":"","stick-header-meta":"","header-above-stick-meta":"","header-main-stick-meta":"","header-below-stick-meta":"","astra-migrate-meta-layouts":"set","ast-page-background-enabled":"default","ast-page-background-meta":{"desktop":{"background-color":"","background-image":"","background-repeat":"repeat","background-position":"center center","background-size":"auto","background-attachment":"scroll","background-type":"","background-media":"","overlay-type":"","overlay-color":"","overlay-opacity":"","overlay-gradient":""},"tablet":{"background-color":"","background-image":"","background-repeat":"repeat","background-position":"center center","background-size":"auto","background-attachment":"scroll","background-type":"","background-media":"","overlay-type":"","overlay-color":"","overlay-opacity":"","overlay-gradient":""},"mobile":{"background-color":"","background-image":"","background-repeat":"repeat","background-position":"center center","background-size":"auto","background-attachment":"scroll","background-type":"","background-media":"","overlay-type":"","overlay-color":"","overlay-opacity":"","overlay-gradient":""}},"ast-content-background-meta":{"desktop":{"background-color":"var(--ast-global-color-5)","background-image":"","background-repeat":"repeat","background-position":"center center","background-size":"auto","background-attachment":"scroll","background-type":"","background-media":"","overlay-type":"","overlay-color":"","overlay-opacity":"","overlay-gradient":""},"tablet":{"background-color":"var(--ast-global-color-5)","background-image":"","background-repeat":"repeat","background-position":"center center","background-size":"auto","background-attachment":"scroll","background-type":"","background-media":"","overlay-type":"","overlay-color":"","overlay-opacity":"","overlay-gradient":""},"mobile":{"background-color":"var(--ast-global-color-5)","background-image":"","background-repeat":"repeat","background-position":"center center","background-size":"auto","background-attachment":"scroll","background-type":"","background-media":"","overlay-type":"","overlay-color":"","overlay-opacity":"","overlay-gradient":""}}},"product_brand":[],"product_cat":[41,35],"product_tag":[],"class_list":{"0":"post-1584","1":"product","2":"type-product","3":"status-publish","4":"has-post-thumbnail","6":"product_cat-colored-carboxyl-microspheres","7":"product_cat-hot-sale-products","8":"desktop-align-left","9":"tablet-align-left","10":"mobile-align-left","12":"first","13":"instock","14":"shipping-taxable","15":"product-type-simple"},"_links":{"self":[{"href":"https:\/\/nanomicronspheres.com\/pt\/wp-json\/wp\/v2\/product\/1584","targetHints":{"allow":["GET"]}}],"collection":[{"href":"https:\/\/nanomicronspheres.com\/pt\/wp-json\/wp\/v2\/product"}],"about":[{"href":"https:\/\/nanomicronspheres.com\/pt\/wp-json\/wp\/v2\/types\/product"}],"wp:featuredmedia":[{"embeddable":true,"href":"https:\/\/nanomicronspheres.com\/pt\/wp-json\/wp\/v2\/media\/9329"}],"wp:attachment":[{"href":"https:\/\/nanomicronspheres.com\/pt\/wp-json\/wp\/v2\/media?parent=1584"}],"wp:term":[{"taxonomy":"product_brand","embeddable":true,"href":"https:\/\/nanomicronspheres.com\/pt\/wp-json\/wp\/v2\/product_brand?post=1584"},{"taxonomy":"product_cat","embeddable":true,"href":"https:\/\/nanomicronspheres.com\/pt\/wp-json\/wp\/v2\/product_cat?post=1584"},{"taxonomy":"product_tag","embeddable":true,"href":"https:\/\/nanomicronspheres.com\/pt\/wp-json\/wp\/v2\/product_tag?post=1584"}],"curies":[{"name":"wp","href":"https:\/\/api.w.org\/{rel}","templated":true}]}}