{"id":1590,"date":"2024-05-20T08:53:33","date_gmt":"2024-05-20T08:53:33","guid":{"rendered":"https:\/\/nanomicronspheres.com\/?post_type=product&#038;p=1590"},"modified":"2025-03-18T07:11:08","modified_gmt":"2025-03-18T07:11:08","slug":"silica-microspheres","status":"publish","type":"product","link":"https:\/\/nanomicronspheres.com\/pt\/products\/silica-microspheres\/","title":{"rendered":"Microesferas de S\u00edlica"},"content":{"rendered":"<h2>Descri\u00e7\u00e3o da microesfera de s\u00edlica<\/h2>\n<p><a href=\"https:\/\/nanomicronspheres.com\/pt\/silica-microspheres-microspheres-supplier-in-china\/\">Microesfera de s\u00edlica<\/a> s\u00e3o n\u00e3o porosos, esf\u00e9ricos e muito uniformes em tamanho. As microesferas de s\u00edlica t\u00eam uma densidade de 1,96 g\/cm3 e podem suportar temperaturas de at\u00e9 1000\u00b0C. As microesferas de s\u00edlica t\u00eam sido usadas para adsorver DNA e RNA de lisados celulares. O ACME tamb\u00e9m pode fornecer ep\u00f3xi, carboxila\u00e7\u00e3o, avidina, estreptavidina, prote\u00edna A e outros grupos funcionais.<\/p>\n<table width=\"1428\">\n<tbody>\n<tr>\n<td width=\"484\">N\u00famero de produto<\/td>\n<td width=\"614\">Nome do Produto<\/td>\n<td width=\"329\">Tamanho da part\u00edcula<\/td>\n<\/tr>\n<tr>\n<td>Si100NM-10<\/td>\n<td>Microesferas de S\u00edlica<\/td>\n<td>100 nm<\/td>\n<\/tr>\n<tr>\n<td>Si200NM-10<\/td>\n<td>Microesferas de S\u00edlica<\/td>\n<td>200 nm<\/td>\n<\/tr>\n<tr>\n<td>Si500NM-10<\/td>\n<td>Microesferas de S\u00edlica<\/td>\n<td>500 nm<\/td>\n<\/tr>\n<tr>\n<td>Si1UM-10<\/td>\n<td>Microesferas de S\u00edlica<\/td>\n<td>1\u03bcm<\/td>\n<\/tr>\n<tr>\n<td>Si3UM-10<\/td>\n<td>Microesferas de S\u00edlica<\/td>\n<td>3\u03bcm<\/td>\n<\/tr>\n<tr>\n<td>Si5UM-10<\/td>\n<td>Microesferas de S\u00edlica<\/td>\n<td>5\u03bcm<\/td>\n<\/tr>\n<tr>\n<td>Si10UM-10<\/td>\n<td>Microesferas de S\u00edlica<\/td>\n<td>10 \u03bcm<\/td>\n<\/tr>\n<tr>\n<td>Si12UM-10<\/td>\n<td>Microesferas de S\u00edlica<\/td>\n<td>12\u03bcm<\/td>\n<\/tr>\n<tr>\n<td>Si13UM-10<\/td>\n<td>Microesferas de S\u00edlica<\/td>\n<td>13\u03bcm<\/td>\n<\/tr>\n<tr>\n<td>Si15UM-10<\/td>\n<td>Microesferas de S\u00edlica<\/td>\n<td>15\u03bcm<\/td>\n<\/tr>\n<tr>\n<td>Si20UM-10<\/td>\n<td>Microesferas de S\u00edlica<\/td>\n<td>20\u03bcm<\/td>\n<\/tr>\n<tr>\n<td>Si25UM-10<\/td>\n<td>Microesferas de S\u00edlica<\/td>\n<td>25\u03bcm<\/td>\n<\/tr>\n<tr>\n<td>Si30UM-10<\/td>\n<td>Microesferas de S\u00edlica<\/td>\n<td>30\u03bcm<\/td>\n<\/tr>\n<tr>\n<td>Si40UM-10<\/td>\n<td>Microesferas de S\u00edlica<\/td>\n<td>40\u03bcm<\/td>\n<\/tr>\n<tr>\n<td>Si50UM-10<\/td>\n<td>Microesferas de S\u00edlica<\/td>\n<td>50\u03bcm<\/td>\n<\/tr>\n<tr>\n<td>Si60UM-10<\/td>\n<td>Microesferas de S\u00edlica<\/td>\n<td>60\u03bcm<\/td>\n<\/tr>\n<tr>\n<td>Si100UM-10<\/td>\n<td>Microesferas de S\u00edlica<\/td>\n<td>100\u03bcm<\/td>\n<\/tr>\n<tr>\n<td>Si200UM-10<\/td>\n<td>Microesferas de S\u00edlica<\/td>\n<td>200\u03bcm<\/td>\n<\/tr>\n<tr>\n<td>Si300UM-10<\/td>\n<td>Microesferas de S\u00edlica<\/td>\n<td>300\u03bcm<\/td>\n<\/tr>\n<tr>\n<td>Si500UM-10<\/td>\n<td>Microesferas de S\u00edlica<\/td>\n<td>500\u03bcm<\/td>\n<\/tr>\n<tr>\n<td>ASi1UM-10<\/td>\n<td>Microesferas de Aminoss\u00edlica<\/td>\n<td>1\u03bcm<\/td>\n<\/tr>\n<tr>\n<td>ASi3UM-10<\/td>\n<td>Microesferas de Aminoss\u00edlica<\/td>\n<td>3\u03bcm<\/td>\n<\/tr>\n<tr>\n<td>ASi5UM-10<\/td>\n<td>Microesferas de Aminoss\u00edlica<\/td>\n<td>5\u03bcm<\/td>\n<\/tr>\n<tr>\n<td>ASi10UM-10<\/td>\n<td>Microesferas de Aminoss\u00edlica<\/td>\n<td>10 \u03bcm<\/td>\n<\/tr>\n<tr>\n<td>ASi20UM-10<\/td>\n<td>Microesferas de Aminoss\u00edlica<\/td>\n<td>20\u03bcm<\/td>\n<\/tr>\n<tr>\n<td>ASi25UM-10<\/td>\n<td>Microesferas de Aminoss\u00edlica<\/td>\n<td>25\u03bcm<\/td>\n<\/tr>\n<tr>\n<td>ASi30UM-10<\/td>\n<td>Microesferas de Aminoss\u00edlica<\/td>\n<td>30\u03bcm<\/td>\n<\/tr>\n<tr>\n<td>ASi50UM-10<\/td>\n<td>Microesferas de Aminoss\u00edlica<\/td>\n<td>50\u03bcm<\/td>\n<\/tr>\n<tr>\n<td>ASi60UM-10<\/td>\n<td>Microesferas de Aminoss\u00edlica<\/td>\n<td>60\u03bcm<\/td>\n<\/tr>\n<tr>\n<td>ASi100UM-10<\/td>\n<td>Microesferas de Aminoss\u00edlica<\/td>\n<td>100\u03bcm<\/td>\n<\/tr>\n<tr>\n<td>ASi200UM-10<\/td>\n<td>Microesferas de Aminoss\u00edlica<\/td>\n<td>200\u03bcm<\/td>\n<\/tr>\n<tr>\n<td>ASi800UM-10<\/td>\n<td>Microesferas de Aminoss\u00edlica<\/td>\n<td>800\u03bcm<\/td>\n<\/tr>\n<tr>\n<td>CSi1UM-10<\/td>\n<td>Microesferas de carboxi s\u00edlica<\/td>\n<td>1\u03bcm<\/td>\n<\/tr>\n<tr>\n<td>CSi3UM-10<\/td>\n<td>Microesferas de carboxi s\u00edlica<\/td>\n<td>3\u03bcm<\/td>\n<\/tr>\n<tr>\n<td>CSi5UM-10<\/td>\n<td>Microesferas de carboxi s\u00edlica<\/td>\n<td>5\u03bcm<\/td>\n<\/tr>\n<tr>\n<td>CSi10UM-10<\/td>\n<td>Microesferas de carboxi s\u00edlica<\/td>\n<td>10 \u03bcm<\/td>\n<\/tr>\n<tr>\n<td>CSi15UM-10<\/td>\n<td>Microesferas de carboxi s\u00edlica<\/td>\n<td>15\u03bcm<\/td>\n<\/tr>\n<tr>\n<td>CSi20UM-10<\/td>\n<td>Microesferas de carboxi s\u00edlica<\/td>\n<td>20\u03bcm<\/td>\n<\/tr>\n<tr>\n<td>CSi30UM-10<\/td>\n<td>Microesferas de Carboxi S\u00edlica<\/td>\n<td>30\u03bcm<\/td>\n<\/tr>\n<tr>\n<td>CSi50UM-10<\/td>\n<td>Microesferas de Carboxi S\u00edlica<\/td>\n<td>50\u03bcm<\/td>\n<\/tr>\n<tr>\n<td>CSi60UM-10<\/td>\n<td>Microesferas de Carboxi S\u00edlica<\/td>\n<td>60\u03bcm<\/td>\n<\/tr>\n<tr>\n<td>CSi100UM-10<\/td>\n<td>Microesferas de Carboxi S\u00edlica<\/td>\n<td>100\u03bcm<\/td>\n<\/tr>\n<tr>\n<td>CSi200UM-10<\/td>\n<td>Microesferas de Carboxi S\u00edlica<\/td>\n<td>200\u03bcm<\/td>\n<\/tr>\n<tr>\n<td>CSi300UM-10<\/td>\n<td>Microesferas de Carboxi S\u00edlica<\/td>\n<td>300\u03bcm<\/td>\n<\/tr>\n<\/tbody>\n<\/table>","protected":false},"excerpt":{"rendered":"<p>As microesferas de s\u00edlica s\u00e3o n\u00e3o porosas, esf\u00e9ricas e de tamanho muito uniforme. Essas microesferas t\u00eam densidade de 1,96 g\/cm3 e podem suportar temperaturas de at\u00e9 1000\u00b0C. Eles t\u00eam sido usados para adsorver DNA e RNA de lisados celulares. ACME tamb\u00e9m pode fornecer ep\u00f3xi, carboxila\u00e7\u00e3o, avidina, estreptavidina, prote\u00edna A e outros grupos funcionais.<\/p>","protected":false},"featured_media":1708,"template":"","meta":{"nf_dc_page":"","site-sidebar-layout":"default","site-content-layout":"","ast-site-content-layout":"default","site-content-style":"default","site-sidebar-style":"default","ast-global-header-display":"","ast-banner-title-visibility":"","ast-main-header-display":"","ast-hfb-above-header-display":"","ast-hfb-below-header-display":"","ast-hfb-mobile-header-display":"","site-post-title":"","ast-breadcrumbs-content":"","ast-featured-img":"","footer-sml-layout":"","ast-disable-related-posts":"","theme-transparent-header-meta":"default","adv-header-id-meta":"","stick-header-meta":"","header-above-stick-meta":"","header-main-stick-meta":"","header-below-stick-meta":"","astra-migrate-meta-layouts":"set","ast-page-background-enabled":"default","ast-page-background-meta":{"desktop":{"background-color":"","background-image":"","background-repeat":"repeat","background-position":"center center","background-size":"auto","background-attachment":"scroll","background-type":"","background-media":"","overlay-type":"","overlay-color":"","overlay-opacity":"","overlay-gradient":""},"tablet":{"background-color":"","background-image":"","background-repeat":"repeat","background-position":"center center","background-size":"auto","background-attachment":"scroll","background-type":"","background-media":"","overlay-type":"","overlay-color":"","overlay-opacity":"","overlay-gradient":""},"mobile":{"background-color":"","background-image":"","background-repeat":"repeat","background-position":"center center","background-size":"auto","background-attachment":"scroll","background-type":"","background-media":"","overlay-type":"","overlay-color":"","overlay-opacity":"","overlay-gradient":""}},"ast-content-background-meta":{"desktop":{"background-color":"var(--ast-global-color-5)","background-image":"","background-repeat":"repeat","background-position":"center center","background-size":"auto","background-attachment":"scroll","background-type":"","background-media":"","overlay-type":"","overlay-color":"","overlay-opacity":"","overlay-gradient":""},"tablet":{"background-color":"var(--ast-global-color-5)","background-image":"","background-repeat":"repeat","background-position":"center center","background-size":"auto","background-attachment":"scroll","background-type":"","background-media":"","overlay-type":"","overlay-color":"","overlay-opacity":"","overlay-gradient":""},"mobile":{"background-color":"var(--ast-global-color-5)","background-image":"","background-repeat":"repeat","background-position":"center center","background-size":"auto","background-attachment":"scroll","background-type":"","background-media":"","overlay-type":"","overlay-color":"","overlay-opacity":"","overlay-gradient":""}}},"product_brand":[],"product_cat":[35,32],"product_tag":[],"class_list":{"0":"post-1590","1":"product","2":"type-product","3":"status-publish","4":"has-post-thumbnail","6":"product_cat-hot-sale-products","7":"product_cat-silica-microspheres","8":"desktop-align-left","9":"tablet-align-left","10":"mobile-align-left","12":"first","13":"instock","14":"shipping-taxable","15":"product-type-simple"},"_links":{"self":[{"href":"https:\/\/nanomicronspheres.com\/pt\/wp-json\/wp\/v2\/product\/1590","targetHints":{"allow":["GET"]}}],"collection":[{"href":"https:\/\/nanomicronspheres.com\/pt\/wp-json\/wp\/v2\/product"}],"about":[{"href":"https:\/\/nanomicronspheres.com\/pt\/wp-json\/wp\/v2\/types\/product"}],"wp:featuredmedia":[{"embeddable":true,"href":"https:\/\/nanomicronspheres.com\/pt\/wp-json\/wp\/v2\/media\/1708"}],"wp:attachment":[{"href":"https:\/\/nanomicronspheres.com\/pt\/wp-json\/wp\/v2\/media?parent=1590"}],"wp:term":[{"taxonomy":"product_brand","embeddable":true,"href":"https:\/\/nanomicronspheres.com\/pt\/wp-json\/wp\/v2\/product_brand?post=1590"},{"taxonomy":"product_cat","embeddable":true,"href":"https:\/\/nanomicronspheres.com\/pt\/wp-json\/wp\/v2\/product_cat?post=1590"},{"taxonomy":"product_tag","embeddable":true,"href":"https:\/\/nanomicronspheres.com\/pt\/wp-json\/wp\/v2\/product_tag?post=1590"}],"curies":[{"name":"wp","href":"https:\/\/api.w.org\/{rel}","templated":true}]}}