{"id":1591,"date":"2024-05-20T08:54:14","date_gmt":"2024-05-20T08:54:14","guid":{"rendered":"https:\/\/nanomicronspheres.com\/?post_type=product&#038;p=1591"},"modified":"2025-03-18T07:04:22","modified_gmt":"2025-03-18T07:04:22","slug":"pmma-microspheres","status":"publish","type":"product","link":"https:\/\/nanomicronspheres.com\/pt\/products\/pmma-microspheres\/","title":{"rendered":"Microesferas PMMA"},"content":{"rendered":"<h2>PMMA Microspheres Description<\/h2>\n<p>Microesferas de PMMA (microesferas de polimetilmetacrilato), microesferas uniformes s\u00e3o novos agentes formadores de poros cer\u00e2micos funcionais, com apar\u00eancia de p\u00f3 branco monodisperso. Eles s\u00e3o usados para placas de difus\u00e3o de luz LCD e filmes de difus\u00e3o de luz, abajures e l\u00e2mpadas LED e para tintas para m\u00f3veis de alta qualidade. Aparelhos el\u00e9tricos de \u00faltima gera\u00e7\u00e3o para produtos de comunica\u00e7\u00e3o, utilizados na produ\u00e7\u00e3o de diversos p\u00f3s, sombras, blushes, cremes BB, xampus e cirurgia pl\u00e1stica e de beleza em cosm\u00e9ticos.<\/p>\n<h2>Specification of PMMA microspheres<\/h2>\n<table width=\"1428\">\n<tbody>\n<tr>\n<td width=\"484\"><strong>N\u00famero de produto<\/strong><\/td>\n<td width=\"614\"><strong>Nome do Produto<\/strong><\/td>\n<td width=\"329\"><strong>Tamanho da part\u00edcula<\/strong><\/td>\n<\/tr>\n<tr>\n<td>PMMA500-10<\/td>\n<td>Microesferas PMMA<\/td>\n<td>500 nm<\/td>\n<\/tr>\n<tr>\n<td>PMMA1UM-10<\/td>\n<td>Microesferas PMMA<\/td>\n<td>1\u03bcm<\/td>\n<\/tr>\n<tr>\n<td>PMMA2UM-10<\/td>\n<td>Microesferas PMMA<\/td>\n<td>2\u03bcm<\/td>\n<\/tr>\n<tr>\n<td>PMMA5UM-10<\/td>\n<td>Microesferas PMMA<\/td>\n<td>5\u03bcm<\/td>\n<\/tr>\n<tr>\n<td>PMMA10UM-10<\/td>\n<td>Microesferas PMMA<\/td>\n<td>10 \u03bcm<\/td>\n<\/tr>\n<tr>\n<td>PMMA20UM-10<\/td>\n<td>Microesferas PMMA<\/td>\n<td>20\u03bcm<\/td>\n<\/tr>\n<tr>\n<td>PMMA40UM-10<\/td>\n<td>Microesferas PMMA<\/td>\n<td>40\u03bcm<\/td>\n<\/tr>\n<tr>\n<td>PMMA50UM-10<\/td>\n<td>Microesferas PMMA<\/td>\n<td>50\u03bcm<\/td>\n<\/tr>\n<tr>\n<td>PMMA60UM-10<\/td>\n<td>Microesferas PMMA<\/td>\n<td>60\u03bcm<\/td>\n<\/tr>\n<tr>\n<td>PMMA70UM-10<\/td>\n<td>Microesferas PMMA<\/td>\n<td>70\u03bcm<\/td>\n<\/tr>\n<tr>\n<td>PMMA80UM-10<\/td>\n<td>Microesferas PMMA<\/td>\n<td>80\u03bcm<\/td>\n<\/tr>\n<tr>\n<td>PMMA90UM-10<\/td>\n<td>Microesferas PMMA<\/td>\n<td>90\u03bcm<\/td>\n<\/tr>\n<tr>\n<td>PMMA100UM-10<\/td>\n<td>Microesferas PMMA<\/td>\n<td>100\u03bcm<\/td>\n<\/tr>\n<tr>\n<td>PMMA200UM-10<\/td>\n<td>Microesferas PMMA<\/td>\n<td>200\u03bcm<\/td>\n<\/tr>\n<tr>\n<td>PMMA300UM-10<\/td>\n<td>Microesferas PMMA<\/td>\n<td>300\u03bcm<\/td>\n<\/tr>\n<tr>\n<td>PMMA400UM-10<\/td>\n<td>Microesferas PMMA<\/td>\n<td>400\u03bcm<\/td>\n<\/tr>\n<tr>\n<td>PMMA600UM-10<\/td>\n<td>Microesferas PMMA<\/td>\n<td>600\u03bcm<\/td>\n<\/tr>\n<tr>\n<td>PMMA800UM-10<\/td>\n<td>Microesferas PMMA<\/td>\n<td>800\u03bcm<\/td>\n<\/tr>\n<tr>\n<td>PMMA900UM-10<\/td>\n<td>Microesferas PMMA<\/td>\n<td>900\u03bcm<\/td>\n<\/tr>\n<tr>\n<td>PMMA1000UM-10<\/td>\n<td>Microesferas PMMA<\/td>\n<td>1000\u03bcm<\/td>\n<\/tr>\n<tr>\n<td>PMMAC1UM-10<\/td>\n<td>Microesferas Carboxi PMMA<\/td>\n<td>1\u03bcm<\/td>\n<\/tr>\n<tr>\n<td>PMMAC2UM-10<\/td>\n<td>Microesferas Carboxi PMMA<\/td>\n<td>2\u03bcm<\/td>\n<\/tr>\n<tr>\n<td>PMMAC5UM-10<\/td>\n<td>Microesferas Carboxi PMMA<\/td>\n<td>5\u03bcm<\/td>\n<\/tr>\n<tr>\n<td>PMMAC10UM-10<\/td>\n<td>Microesferas Carboxi PMMA<\/td>\n<td>10 \u03bcm<\/td>\n<\/tr>\n<tr>\n<td>PMMAC20UM-10<\/td>\n<td>Microesferas Carboxi PMMA<\/td>\n<td>20\u03bcm<\/td>\n<\/tr>\n<tr>\n<td>PMMAC40UM-10<\/td>\n<td>Microesferas Carboxi PMMA<\/td>\n<td>40\u03bcm<\/td>\n<\/tr>\n<tr>\n<td>PMMAC50UM-10<\/td>\n<td>Microesferas Carboxi PMMA<\/td>\n<td>50\u03bcm<\/td>\n<\/tr>\n<tr>\n<td>PMMAC60UM-10<\/td>\n<td>Microesferas Carboxi PMMA<\/td>\n<td>60\u03bcm<\/td>\n<\/tr>\n<tr>\n<td>PMMAC100UM-10<\/td>\n<td>Microesferas Carboxi PMMA<\/td>\n<td>100\u03bcm<\/td>\n<\/tr>\n<tr>\n<td>PMMAC300UM-10<\/td>\n<td>Microesferas Carboxi PMMA<\/td>\n<td>300\u03bcm<\/td>\n<\/tr>\n<tr>\n<td>PMMAN1UM-10<\/td>\n<td>Microesferas de amino PMMA<\/td>\n<td>1\u03bcm<\/td>\n<\/tr>\n<tr>\n<td>PMMAN3UM-10<\/td>\n<td>Microesferas de amino PMMA<\/td>\n<td>3\u03bcm<\/td>\n<\/tr>\n<tr>\n<td>PMMAN5UM-10<\/td>\n<td>Microesferas de amino PMMA<\/td>\n<td>5\u03bcm<\/td>\n<\/tr>\n<tr>\n<td>PMMAN10UM-10<\/td>\n<td>Microesferas de Amino PMMA<\/td>\n<td>10 \u03bcm<\/td>\n<\/tr>\n<tr>\n<td>PMMAN20UM-10<\/td>\n<td>Microesferas de Amino PMMA<\/td>\n<td>20\u03bcm<\/td>\n<\/tr>\n<tr>\n<td>PMMAN30UM-10<\/td>\n<td>Microesferas de Amino PMMA<\/td>\n<td>30\u03bcm<\/td>\n<\/tr>\n<tr>\n<td>PMMAN40UM-10<\/td>\n<td>Microesferas de Amino PMMA<\/td>\n<td>40\u03bcm<\/td>\n<\/tr>\n<tr>\n<td>PMMAN90UM-10<\/td>\n<td>Microesferas de Amino PMMA<\/td>\n<td>90\u03bcm<\/td>\n<\/tr>\n<tr>\n<td>PMMAN100UM-10<\/td>\n<td>Microesferas de Amino PMMA<\/td>\n<td>100\u03bcm<\/td>\n<\/tr>\n<tr>\n<td>PMMAN200UM-10<\/td>\n<td>Microesferas de Amino PMMA<\/td>\n<td>200\u03bcm<\/td>\n<\/tr>\n<tr>\n<td>PMMAN300UM-10<\/td>\n<td>Microesferas de Amino PMMA<\/td>\n<td>300\u03bcm<\/td>\n<\/tr>\n<tr>\n<td>PMMAN400UM-10<\/td>\n<td>Microesferas de Amino PMMA<\/td>\n<td>400\u03bcm<\/td>\n<\/tr>\n<tr>\n<td>PMMAN500UM-10<\/td>\n<td>Microesferas de Amino PMMA<\/td>\n<td>500\u03bcm<\/td>\n<\/tr>\n<tr>\n<td>PMMAN800UM-10<\/td>\n<td>Microesferas de Amino PMMA<\/td>\n<td>800\u03bcm<\/td>\n<\/tr>\n<tr>\n<td>PMMAN900UM-10<\/td>\n<td>Microesferas de Amino PMMA<\/td>\n<td>900\u03bcm<\/td>\n<\/tr>\n<tr>\n<td>PMMAN1000UM-10<\/td>\n<td>Microesferas de Amino PMMA<\/td>\n<td>1000\u03bcm<\/td>\n<\/tr>\n<\/tbody>\n<\/table>","protected":false},"excerpt":{"rendered":"<p>Microesferas de PMMA (microesferas de polimetilmetacrilato), microesferas uniformes s\u00e3o novos agentes formadores de poros cer\u00e2micos funcionais, com apar\u00eancia de p\u00f3 branco monodisperso. Eles s\u00e3o usados para placas de difus\u00e3o de luz LCD e filmes de difus\u00e3o de luz, abajures e l\u00e2mpadas LED e para tintas para m\u00f3veis de alta qualidade. Aparelhos el\u00e9tricos de \u00faltima gera\u00e7\u00e3o para produtos de comunica\u00e7\u00e3o, utilizados na produ\u00e7\u00e3o de diversos p\u00f3s, sombras, blushes, cremes BB, xampus e cirurgia pl\u00e1stica e de beleza em cosm\u00e9ticos.<\/p>","protected":false},"featured_media":1709,"template":"","meta":{"nf_dc_page":"","site-sidebar-layout":"default","site-content-layout":"","ast-site-content-layout":"default","site-content-style":"default","site-sidebar-style":"default","ast-global-header-display":"","ast-banner-title-visibility":"","ast-main-header-display":"","ast-hfb-above-header-display":"","ast-hfb-below-header-display":"","ast-hfb-mobile-header-display":"","site-post-title":"","ast-breadcrumbs-content":"","ast-featured-img":"","footer-sml-layout":"","ast-disable-related-posts":"","theme-transparent-header-meta":"default","adv-header-id-meta":"","stick-header-meta":"","header-above-stick-meta":"","header-main-stick-meta":"","header-below-stick-meta":"","astra-migrate-meta-layouts":"set","ast-page-background-enabled":"default","ast-page-background-meta":{"desktop":{"background-color":"","background-image":"","background-repeat":"repeat","background-position":"center center","background-size":"auto","background-attachment":"scroll","background-type":"","background-media":"","overlay-type":"","overlay-color":"","overlay-opacity":"","overlay-gradient":""},"tablet":{"background-color":"","background-image":"","background-repeat":"repeat","background-position":"center center","background-size":"auto","background-attachment":"scroll","background-type":"","background-media":"","overlay-type":"","overlay-color":"","overlay-opacity":"","overlay-gradient":""},"mobile":{"background-color":"","background-image":"","background-repeat":"repeat","background-position":"center center","background-size":"auto","background-attachment":"scroll","background-type":"","background-media":"","overlay-type":"","overlay-color":"","overlay-opacity":"","overlay-gradient":""}},"ast-content-background-meta":{"desktop":{"background-color":"var(--ast-global-color-5)","background-image":"","background-repeat":"repeat","background-position":"center center","background-size":"auto","background-attachment":"scroll","background-type":"","background-media":"","overlay-type":"","overlay-color":"","overlay-opacity":"","overlay-gradient":""},"tablet":{"background-color":"var(--ast-global-color-5)","background-image":"","background-repeat":"repeat","background-position":"center center","background-size":"auto","background-attachment":"scroll","background-type":"","background-media":"","overlay-type":"","overlay-color":"","overlay-opacity":"","overlay-gradient":""},"mobile":{"background-color":"var(--ast-global-color-5)","background-image":"","background-repeat":"repeat","background-position":"center center","background-size":"auto","background-attachment":"scroll","background-type":"","background-media":"","overlay-type":"","overlay-color":"","overlay-opacity":"","overlay-gradient":""}}},"product_brand":[],"product_cat":[35,19],"product_tag":[],"class_list":{"0":"post-1591","1":"product","2":"type-product","3":"status-publish","4":"has-post-thumbnail","6":"product_cat-hot-sale-products","7":"product_cat-standard-microspheres","8":"desktop-align-left","9":"tablet-align-left","10":"mobile-align-left","12":"first","13":"instock","14":"shipping-taxable","15":"product-type-simple"},"_links":{"self":[{"href":"https:\/\/nanomicronspheres.com\/pt\/wp-json\/wp\/v2\/product\/1591","targetHints":{"allow":["GET"]}}],"collection":[{"href":"https:\/\/nanomicronspheres.com\/pt\/wp-json\/wp\/v2\/product"}],"about":[{"href":"https:\/\/nanomicronspheres.com\/pt\/wp-json\/wp\/v2\/types\/product"}],"wp:featuredmedia":[{"embeddable":true,"href":"https:\/\/nanomicronspheres.com\/pt\/wp-json\/wp\/v2\/media\/1709"}],"wp:attachment":[{"href":"https:\/\/nanomicronspheres.com\/pt\/wp-json\/wp\/v2\/media?parent=1591"}],"wp:term":[{"taxonomy":"product_brand","embeddable":true,"href":"https:\/\/nanomicronspheres.com\/pt\/wp-json\/wp\/v2\/product_brand?post=1591"},{"taxonomy":"product_cat","embeddable":true,"href":"https:\/\/nanomicronspheres.com\/pt\/wp-json\/wp\/v2\/product_cat?post=1591"},{"taxonomy":"product_tag","embeddable":true,"href":"https:\/\/nanomicronspheres.com\/pt\/wp-json\/wp\/v2\/product_tag?post=1591"}],"curies":[{"name":"wp","href":"https:\/\/api.w.org\/{rel}","templated":true}]}}