{"id":1592,"date":"2024-05-20T09:02:30","date_gmt":"2024-05-20T09:02:30","guid":{"rendered":"https:\/\/nanomicronspheres.com\/?post_type=product&#038;p=1592"},"modified":"2025-03-18T06:02:03","modified_gmt":"2025-03-18T06:02:03","slug":"carboxyl-blue-fluo-microspheres-2","status":"publish","type":"product","link":"https:\/\/nanomicronspheres.com\/pt\/products\/carboxyl-blue-fluo-microspheres-2\/","title":{"rendered":"Microesferas Carboxila Fluorescentes"},"content":{"rendered":"<h2>I. Descri\u00e7\u00e3o das microesferas fluorescentes de carboxila<\/h2>\n<p><a href=\"https:\/\/nanomicronspheres.com\/pt\/categoria-produto\/fluorescent-microspheres\/\">Microesferas carbox\u00edlicas fluorescentes<\/a> \u00e9 projetado para diagn\u00f3stico m\u00e9dico de \u201cfluxo horizontal\u201d. Microesferas de carboxila fluorescentes usando m\u00e9todo de colora\u00e7\u00e3o interna, tem um sinal de fluoresc\u00eancia forte e desempenho est\u00e1vel. Pode atingir resultados de detec\u00e7\u00e3o quantitativa mais sens\u00edveis lendo dados por meio de um detector de fluoresc\u00eancia, tornando-o o material preferido para detec\u00e7\u00e3o de advec\u00e7\u00e3o ultrassens\u00edvel.<\/p>\n<figure id=\"attachment_1695\" aria-describedby=\"caption-attachment-1695\" style=\"width: 386px\" class=\"wp-caption aligncenter\"><img fetchpriority=\"high\" decoding=\"async\" class=\"wp-image-1695\" src=\"https:\/\/nanomicronspheres.com\/wp-content\/uploads\/2024\/05\/\u7ea2\u8272\u8367\u5149\u5fae\u7403\u5149\u56fe\u8c31-300x154.png\" alt=\"Red fluorescent carboxyl microspheres spectrum\" width=\"386\" height=\"198\" srcset=\"https:\/\/nanomicronspheres.com\/wp-content\/uploads\/2024\/05\/\u7ea2\u8272\u8367\u5149\u5fae\u7403\u5149\u56fe\u8c31-300x154.png 300w, https:\/\/nanomicronspheres.com\/wp-content\/uploads\/2024\/05\/\u7ea2\u8272\u8367\u5149\u5fae\u7403\u5149\u56fe\u8c31.png 597w\" sizes=\"(max-width: 386px) 100vw, 386px\" \/><figcaption id=\"caption-attachment-1695\" class=\"wp-caption-text\">Espectro de microesferas carbox\u00edlicas fluorescentes vermelhas SHBC<\/figcaption><\/figure>\n<p style=\"text-align: center;\">\n<figure id=\"attachment_1696\" aria-describedby=\"caption-attachment-1696\" style=\"width: 372px\" class=\"wp-caption aligncenter\"><img decoding=\"async\" class=\"wp-image-1696\" src=\"https:\/\/nanomicronspheres.com\/wp-content\/uploads\/2024\/05\/\u7eff\u8272\u8367\u5149\u5fae\u7403\u5149\u8c31-300x207.png\" alt=\"Green fluorescent carboxyl microspheres spectrum\" width=\"372\" height=\"257\" srcset=\"https:\/\/nanomicronspheres.com\/wp-content\/uploads\/2024\/05\/\u7eff\u8272\u8367\u5149\u5fae\u7403\u5149\u8c31-300x207.png 300w, https:\/\/nanomicronspheres.com\/wp-content\/uploads\/2024\/05\/\u7eff\u8272\u8367\u5149\u5fae\u7403\u5149\u8c31-600x415.png 600w, https:\/\/nanomicronspheres.com\/wp-content\/uploads\/2024\/05\/\u7eff\u8272\u8367\u5149\u5fae\u7403\u5149\u8c31.png 655w\" sizes=\"(max-width: 372px) 100vw, 372px\" \/><figcaption id=\"caption-attachment-1696\" class=\"wp-caption-text\">Espectro de microesferas carbox\u00edlicas fluorescentes verdes SHBC<\/figcaption><\/figure>\n<h2>Especifica\u00e7\u00e3o de microesferas carbox\u00edlicas fluorescentes:<\/h2>\n<table width=\"1428\">\n<tbody>\n<tr>\n<td width=\"484\">N\u00famero de produto<\/td>\n<td width=\"614\">Nome do Produto<\/td>\n<td width=\"329\">Tamanho da part\u00edcula<\/td>\n<\/tr>\n<tr>\n<td>CFR030-10<\/td>\n<td>Microesferas Carboxil Vermelho-fluo<\/td>\n<td>0,03\u03bcm<\/td>\n<\/tr>\n<tr>\n<td>CFR050-10<\/td>\n<td>Microesferas Carboxil Vermelho-fluo<\/td>\n<td>0,05\u03bcm<\/td>\n<\/tr>\n<tr>\n<td>CFR060-10<\/td>\n<td>Microesferas Carboxil Vermelho-fluo<\/td>\n<td>0,06\u03bcm<\/td>\n<\/tr>\n<tr>\n<td>CFR100-10<\/td>\n<td>Microesferas Carboxil Vermelho-fluo<\/td>\n<td>0,1\u03bcm<\/td>\n<\/tr>\n<tr>\n<td>CFR200-10<\/td>\n<td>Microesferas Carboxil Vermelho-fluo<\/td>\n<td>0,2\u03bcm<\/td>\n<\/tr>\n<tr>\n<td>CFR300-10<\/td>\n<td>Microesferas Carboxil Vermelho-fluo<\/td>\n<td>0,3\u03bcm<\/td>\n<\/tr>\n<tr>\n<td>CFR400-10<\/td>\n<td>Microesferas Carboxil Vermelho-fluo<\/td>\n<td>0,4\u03bcm<\/td>\n<\/tr>\n<tr>\n<td>CFR500-10<\/td>\n<td>Microesferas Carboxil Vermelho-fluo<\/td>\n<td>0,5\u03bcm<\/td>\n<\/tr>\n<tr>\n<td>CFR1UM-10<\/td>\n<td>Microesferas Carboxil Vermelho-fluo<\/td>\n<td>1\u03bcm<\/td>\n<\/tr>\n<tr>\n<td>CFR3UM-10<\/td>\n<td>Microesferas Carboxil Vermelho-fluo<\/td>\n<td>3\u03bcm<\/td>\n<\/tr>\n<tr>\n<td>CFR7UM-10<\/td>\n<td>Microesferas Carboxil Vermelho-fluo<\/td>\n<td>7\u03bcm<\/td>\n<\/tr>\n<tr>\n<td>CFR8UM-10<\/td>\n<td>Microesferas Carboxil Vermelho-fluo<\/td>\n<td>8\u03bcm<\/td>\n<\/tr>\n<tr>\n<td>CFR10UM-10<\/td>\n<td>Microesferas Carboxil Vermelho-fluo<\/td>\n<td>10 \u03bcm<\/td>\n<\/tr>\n<tr>\n<td>CFR15UM-10<\/td>\n<td>Microesferas Carboxil Vermelho-fluo<\/td>\n<td>15\u03bcm<\/td>\n<\/tr>\n<tr>\n<td>CFR18UM-10<\/td>\n<td>Microesferas Carboxil Vermelho-fluo<\/td>\n<td>18\u03bcm<\/td>\n<\/tr>\n<tr>\n<td>CFG030-10<\/td>\n<td>Microesferas Carboxil Verde-fluo<\/td>\n<td>0,03\u03bcm<\/td>\n<\/tr>\n<tr>\n<td>CFG050-10<\/td>\n<td>Microesferas Carboxil Verde-fluo<\/td>\n<td>0,05\u03bcm<\/td>\n<\/tr>\n<tr>\n<td>CFG060-10<\/td>\n<td>Microesferas Carboxil Verde-fluo<\/td>\n<td>0,06\u03bcm<\/td>\n<\/tr>\n<tr>\n<td>CFG100-10<\/td>\n<td>Microesferas Carboxil Verde-fluo<\/td>\n<td>0,1\u03bcm<\/td>\n<\/tr>\n<tr>\n<td>CFG200-10<\/td>\n<td>Microesferas Carboxil Verde-fluo<\/td>\n<td>0,2\u03bcm<\/td>\n<\/tr>\n<tr>\n<td>CFG300-10<\/td>\n<td>Microesferas Carboxil Verde-fluo<\/td>\n<td>0,3\u03bcm<\/td>\n<\/tr>\n<tr>\n<td>CFG400-10<\/td>\n<td>Microesferas Carboxil Verde-fluo<\/td>\n<td>0,4\u03bcm<\/td>\n<\/tr>\n<tr>\n<td>CFG500-10<\/td>\n<td>Microesferas Carboxil Verde-fluo<\/td>\n<td>0,5\u03bcm<\/td>\n<\/tr>\n<tr>\n<td>CFG1UM-10<\/td>\n<td>Microesferas Carboxil Verde-fluo<\/td>\n<td>1\u03bcm<\/td>\n<\/tr>\n<tr>\n<td>CFG3UM-10<\/td>\n<td>Microesferas Carboxil Verde-fluo<\/td>\n<td>3\u03bcm<\/td>\n<\/tr>\n<tr>\n<td>CFG7UM-10<\/td>\n<td>Microesferas Carboxil Verde-fluo<\/td>\n<td>7\u03bcm<\/td>\n<\/tr>\n<tr>\n<td>CFG8UM-10<\/td>\n<td>Microesferas Carboxil Verde-fluo<\/td>\n<td>8\u03bcm<\/td>\n<\/tr>\n<tr>\n<td>CFG10UM-10<\/td>\n<td>Microesferas Carboxil Verde-fluo<\/td>\n<td>10 \u03bcm<\/td>\n<\/tr>\n<tr>\n<td>CFG15UM-10<\/td>\n<td>Microesferas Carboxil Verde-fluo<\/td>\n<td>15\u03bcm<\/td>\n<\/tr>\n<tr>\n<td>CFG18UM-10<\/td>\n<td>Microesferas Carboxil Verde-fluo<\/td>\n<td>18\u03bcm<\/td>\n<\/tr>\n<tr>\n<td>CFB100-10<\/td>\n<td>Microesferas Carboxil Azul-Fluo<\/td>\n<td>0,10\u03bcm<\/td>\n<\/tr>\n<tr>\n<td>CFB200-10<\/td>\n<td>Microesferas Carboxil Azul-Fluo<\/td>\n<td>0,2\u03bcm<\/td>\n<\/tr>\n<tr>\n<td>CFB300-10<\/td>\n<td>Microesferas Carboxil Azul-Fluo<\/td>\n<td>0,3\u03bcm<\/td>\n<\/tr>\n<tr>\n<td>CFB400-10<\/td>\n<td>Microesferas Carboxil Azul-Fluo<\/td>\n<td>0,4\u03bcm<\/td>\n<\/tr>\n<tr>\n<td>CFB1UM-10<\/td>\n<td>Microesferas Carboxil Azul-Fluo<\/td>\n<td>1\u03bcm<\/td>\n<\/tr>\n<tr>\n<td>CFB3UM-10<\/td>\n<td>Microesferas Carboxil Azul-Fluo<\/td>\n<td>3\u03bcm<\/td>\n<\/tr>\n<tr>\n<td>CFB7UM-10<\/td>\n<td>Microesferas Carboxil Azul-Fluo<\/td>\n<td>7\u03bcm<\/td>\n<\/tr>\n<\/tbody>\n<\/table>","protected":false},"excerpt":{"rendered":"<p>As Microesferas Carboxila Fluorescentes s\u00e3o projetadas para diagn\u00f3stico m\u00e9dico de \u201cfluxo horizontal\u201d. Esta microesfera fluorescente, usando m\u00e9todo de colora\u00e7\u00e3o interna, possui um forte sinal de fluoresc\u00eancia e desempenho est\u00e1vel. Ele pode obter resultados de detec\u00e7\u00e3o quantitativa mais sens\u00edveis lendo dados atrav\u00e9s de um detector de fluoresc\u00eancia, tornando-o o material preferido para detec\u00e7\u00e3o de advec\u00e7\u00e3o ultrassens\u00edvel.<\/p>","protected":false},"featured_media":1687,"template":"","meta":{"nf_dc_page":"","site-sidebar-layout":"default","site-content-layout":"","ast-site-content-layout":"default","site-content-style":"default","site-sidebar-style":"default","ast-global-header-display":"","ast-banner-title-visibility":"","ast-main-header-display":"","ast-hfb-above-header-display":"","ast-hfb-below-header-display":"","ast-hfb-mobile-header-display":"","site-post-title":"","ast-breadcrumbs-content":"","ast-featured-img":"","footer-sml-layout":"","ast-disable-related-posts":"","theme-transparent-header-meta":"default","adv-header-id-meta":"","stick-header-meta":"","header-above-stick-meta":"","header-main-stick-meta":"","header-below-stick-meta":"","astra-migrate-meta-layouts":"set","ast-page-background-enabled":"default","ast-page-background-meta":{"desktop":{"background-color":"","background-image":"","background-repeat":"repeat","background-position":"center center","background-size":"auto","background-attachment":"scroll","background-type":"","background-media":"","overlay-type":"","overlay-color":"","overlay-opacity":"","overlay-gradient":""},"tablet":{"background-color":"","background-image":"","background-repeat":"repeat","background-position":"center center","background-size":"auto","background-attachment":"scroll","background-type":"","background-media":"","overlay-type":"","overlay-color":"","overlay-opacity":"","overlay-gradient":""},"mobile":{"background-color":"","background-image":"","background-repeat":"repeat","background-position":"center center","background-size":"auto","background-attachment":"scroll","background-type":"","background-media":"","overlay-type":"","overlay-color":"","overlay-opacity":"","overlay-gradient":""}},"ast-content-background-meta":{"desktop":{"background-color":"var(--ast-global-color-5)","background-image":"","background-repeat":"repeat","background-position":"center center","background-size":"auto","background-attachment":"scroll","background-type":"","background-media":"","overlay-type":"","overlay-color":"","overlay-opacity":"","overlay-gradient":""},"tablet":{"background-color":"var(--ast-global-color-5)","background-image":"","background-repeat":"repeat","background-position":"center center","background-size":"auto","background-attachment":"scroll","background-type":"","background-media":"","overlay-type":"","overlay-color":"","overlay-opacity":"","overlay-gradient":""},"mobile":{"background-color":"var(--ast-global-color-5)","background-image":"","background-repeat":"repeat","background-position":"center center","background-size":"auto","background-attachment":"scroll","background-type":"","background-media":"","overlay-type":"","overlay-color":"","overlay-opacity":"","overlay-gradient":""}}},"product_brand":[],"product_cat":[21,35],"product_tag":[],"class_list":{"0":"post-1592","1":"product","2":"type-product","3":"status-publish","4":"has-post-thumbnail","6":"product_cat-fluorescent-microspheres","7":"product_cat-hot-sale-products","8":"desktop-align-left","9":"tablet-align-left","10":"mobile-align-left","12":"first","13":"instock","14":"shipping-taxable","15":"product-type-simple"},"_links":{"self":[{"href":"https:\/\/nanomicronspheres.com\/pt\/wp-json\/wp\/v2\/product\/1592","targetHints":{"allow":["GET"]}}],"collection":[{"href":"https:\/\/nanomicronspheres.com\/pt\/wp-json\/wp\/v2\/product"}],"about":[{"href":"https:\/\/nanomicronspheres.com\/pt\/wp-json\/wp\/v2\/types\/product"}],"wp:featuredmedia":[{"embeddable":true,"href":"https:\/\/nanomicronspheres.com\/pt\/wp-json\/wp\/v2\/media\/1687"}],"wp:attachment":[{"href":"https:\/\/nanomicronspheres.com\/pt\/wp-json\/wp\/v2\/media?parent=1592"}],"wp:term":[{"taxonomy":"product_brand","embeddable":true,"href":"https:\/\/nanomicronspheres.com\/pt\/wp-json\/wp\/v2\/product_brand?post=1592"},{"taxonomy":"product_cat","embeddable":true,"href":"https:\/\/nanomicronspheres.com\/pt\/wp-json\/wp\/v2\/product_cat?post=1592"},{"taxonomy":"product_tag","embeddable":true,"href":"https:\/\/nanomicronspheres.com\/pt\/wp-json\/wp\/v2\/product_tag?post=1592"}],"curies":[{"name":"wp","href":"https:\/\/api.w.org\/{rel}","templated":true}]}}