{"id":6278,"date":"2025-08-04T05:05:42","date_gmt":"2025-08-04T05:05:42","guid":{"rendered":"https:\/\/nanomicronspheres.com\/?post_type=product&#038;p=6278"},"modified":"2025-11-10T06:35:45","modified_gmt":"2025-11-10T06:35:45","slug":"polymer-reversed-phase-chromatography-packing-microspheres","status":"publish","type":"product","link":"https:\/\/nanomicronspheres.com\/zh\/products\/polymer-reversed-phase-chromatography-packing-microspheres\/","title":{"rendered":"Polymer Reversed-phase Chromatography Packing Microspheres"},"content":{"rendered":"<p>Particle size is highly uniform<br \/>\nControlling the particle size and uniformity of the beads is critical for chromatographic applications, as the particle size and particle size distribution of the beads can often determine the efficacy. In chromatographic separation, the longitudinal diffusion of solutes is the main reason for the broadening of chromatographic bands and peaks. For beads of a specific size, columns packed with uniform beads can effectively narrow the bands and peaks, and also obtain the lowest backpressure, resulting in high column efficiency and high resolution.<br \/>\nSHBC can provide polymer reversed-phase chromatography packing materials of any size and uniform particle size from 3\u03bcm to 1000\u03bcm, which customers can choose from and Zhiyi can customize according to customer needs. Figure 1 shows a scanning electron microscopy of a series of polymer reversed-phase chromatography chemistry with different particle sizes.<br \/>\nThe particle size distribution of SHBC polymer chromatography resins was measured using the Beckman Coulter Counter, as shown in Figure 2, with a CV&lt;3% coefficient of variation. Results Mingzhiyi Technology&#8217;s polymer chromatography chemistry chemistry has a high degree of uniformity.<\/p>\n<figure id=\"attachment_6279\" aria-describedby=\"caption-attachment-6279\" style=\"width: 524px\" class=\"wp-caption aligncenter\"><img fetchpriority=\"high\" decoding=\"async\" class=\"wp-image-6279\" src=\"https:\/\/nanomicronspheres.com\/wp-content\/uploads\/2025\/08\/Polymer-reversed-phase-chromatography-packing-microspheres-300x283.jpg\" alt=\"Polymer reversed-phase chromatography packing microspheres\" width=\"524\" height=\"494\" srcset=\"https:\/\/nanomicronspheres.com\/wp-content\/uploads\/2025\/08\/Polymer-reversed-phase-chromatography-packing-microspheres-300x283.jpg 300w, https:\/\/nanomicronspheres.com\/wp-content\/uploads\/2025\/08\/Polymer-reversed-phase-chromatography-packing-microspheres-13x12.jpg 13w, https:\/\/nanomicronspheres.com\/wp-content\/uploads\/2025\/08\/Polymer-reversed-phase-chromatography-packing-microspheres.jpg 302w\" sizes=\"(max-width: 524px) 100vw, 524px\" \/><figcaption id=\"caption-attachment-6279\" class=\"wp-caption-text\">Figure 1. Scanning electron microscopy of polymer reversed-phase chromatography packing materials with different particle sizes<\/figcaption><\/figure>\n<figure id=\"attachment_6280\" aria-describedby=\"caption-attachment-6280\" style=\"width: 524px\" class=\"wp-caption aligncenter\"><img decoding=\"async\" class=\"wp-image-6280\" src=\"https:\/\/nanomicronspheres.com\/wp-content\/uploads\/2025\/08\/Figure-2.-Particle-size-distribution-map-of-polymer-reversed-phase-chromatography-packing-300x161.jpg\" alt=\"Figure 2. Particle size distribution map of polymer reversed-phase chromatography packing\" width=\"524\" height=\"281\" srcset=\"https:\/\/nanomicronspheres.com\/wp-content\/uploads\/2025\/08\/Figure-2.-Particle-size-distribution-map-of-polymer-reversed-phase-chromatography-packing-300x161.jpg 300w, https:\/\/nanomicronspheres.com\/wp-content\/uploads\/2025\/08\/Figure-2.-Particle-size-distribution-map-of-polymer-reversed-phase-chromatography-packing-18x10.jpg 18w, https:\/\/nanomicronspheres.com\/wp-content\/uploads\/2025\/08\/Figure-2.-Particle-size-distribution-map-of-polymer-reversed-phase-chromatography-packing.jpg 565w\" sizes=\"(max-width: 524px) 100vw, 524px\" \/><figcaption id=\"caption-attachment-6280\" class=\"wp-caption-text\">Figure 2. Particle size distribution map of polymer reversed-phase chromatography packing<\/figcaption><\/figure>\n<p>Optimized hole structure<br \/>\nThe pore size of the microspheres has a great relationship with the specific surface volume of the chromatographic packing material, and the smaller the pore size, the larger the specific surface area. The target separated material is a small molecule, and a chromatographic packing material with a small pore size is usually selected. If the target separated material is a biological macromolecule, a chromatographic packing material with a larger pore size should be selected. For specific target separations, choosing an optimized pore size structure chromatographic chemistry chemistry chemistry can not only increase sample loading, but also increase the purity of the separation.<br \/>\nSHBC can provide chromatographic chemistry chemistry chemistry in different pore sizes, including 100\u00c5, 300\u00c5, 500\u00c5, and 1000\u00c5. Figure 3 shows the scanning electron microscopy of four homogeneous polymer reversed-phase chromatography packing materials with different pore sizes.<\/p>\n<figure id=\"attachment_6281\" aria-describedby=\"caption-attachment-6281\" style=\"width: 560px\" class=\"wp-caption aligncenter\"><img decoding=\"async\" class=\"wp-image-6281\" src=\"https:\/\/nanomicronspheres.com\/wp-content\/uploads\/2025\/08\/Figure-3.-Scanning-electron-microscopy-of-four-homogeneous-polymer-reversed-phase-chromatography-packing-materials-with-different-pore-sizes-300x245.jpg\" alt=\"Figure 3. Scanning electron microscopy of four homogeneous polymer reversed-phase chromatography packing materials with different pore sizes\" width=\"560\" height=\"458\" srcset=\"https:\/\/nanomicronspheres.com\/wp-content\/uploads\/2025\/08\/Figure-3.-Scanning-electron-microscopy-of-four-homogeneous-polymer-reversed-phase-chromatography-packing-materials-with-different-pore-sizes-300x245.jpg 300w, https:\/\/nanomicronspheres.com\/wp-content\/uploads\/2025\/08\/Figure-3.-Scanning-electron-microscopy-of-four-homogeneous-polymer-reversed-phase-chromatography-packing-materials-with-different-pore-sizes-15x12.jpg 15w, https:\/\/nanomicronspheres.com\/wp-content\/uploads\/2025\/08\/Figure-3.-Scanning-electron-microscopy-of-four-homogeneous-polymer-reversed-phase-chromatography-packing-materials-with-different-pore-sizes.jpg 303w\" sizes=\"(max-width: 560px) 100vw, 560px\" \/><figcaption id=\"caption-attachment-6281\" class=\"wp-caption-text\">Figure 3. Scanning electron microscopy of four homogeneous polymer reversed-phase chromatography packing materials with different pore sizes<\/figcaption><\/figure>\n<p>Batch-to-batch stability<br \/>\nSHBC uses leading large-scale polymer microsphere production technology to ensure batch stability of chromatographic packing materials. We evaluate the performance of each batch of products, such as particle size and distribution. Figure 4 shows the performance of different batches of filler products, indicating that our large-scale production of fillers has good stability. Figure 5 shows the filling of 18 batches<br \/>\nThe material should be used for the separation and purification of proteins, and the chromatogram further illustrates the stability of our chromatographic packing batches.<\/p>\n<figure id=\"attachment_6353\" aria-describedby=\"caption-attachment-6353\" style=\"width: 572px\" class=\"wp-caption aligncenter\"><img loading=\"lazy\" decoding=\"async\" class=\"wp-image-6353\" src=\"https:\/\/nanomicronspheres.com\/wp-content\/uploads\/2025\/08\/Figure-4-The-particle-size-and-particle-size-distribution-stability-of-different-batches-of-filler-products-300x140.jpg\" alt=\"Figure 4 The particle size and particle size distribution stability of different batches of filler products\" width=\"572\" height=\"267\" srcset=\"https:\/\/nanomicronspheres.com\/wp-content\/uploads\/2025\/08\/Figure-4-The-particle-size-and-particle-size-distribution-stability-of-different-batches-of-filler-products-300x140.jpg 300w, https:\/\/nanomicronspheres.com\/wp-content\/uploads\/2025\/08\/Figure-4-The-particle-size-and-particle-size-distribution-stability-of-different-batches-of-filler-products-18x8.jpg 18w, https:\/\/nanomicronspheres.com\/wp-content\/uploads\/2025\/08\/Figure-4-The-particle-size-and-particle-size-distribution-stability-of-different-batches-of-filler-products.jpg 486w\" sizes=\"(max-width: 572px) 100vw, 572px\" \/><figcaption id=\"caption-attachment-6353\" class=\"wp-caption-text\">Figure 4 The particle size and particle size distribution stability of different batches of filler products<\/figcaption><\/figure>\n<p><img loading=\"lazy\" decoding=\"async\" class=\"wp-image-6354 aligncenter\" src=\"https:\/\/nanomicronspheres.com\/wp-content\/uploads\/2025\/08\/1-300x208.png\" alt=\"\" width=\"513\" height=\"356\" srcset=\"https:\/\/nanomicronspheres.com\/wp-content\/uploads\/2025\/08\/1-300x208.png 300w, https:\/\/nanomicronspheres.com\/wp-content\/uploads\/2025\/08\/1-18x12.png 18w, https:\/\/nanomicronspheres.com\/wp-content\/uploads\/2025\/08\/1.png 569w\" sizes=\"(max-width: 513px) 100vw, 513px\" \/><\/p>\n<p>Column: 4.6 mm I.D. x 250 mm, KBsphere\u00ae 10PS-300<\/p>\n<p>Mobile Phase A: 0.1% trifluoroacetic acid in water<br \/>\nMobile phase B: 0.1% acetonitrile solution of trifluoroacetic acid<br \/>\nGradient: 20%B to 40%B, 20min; 40% B 10min<\/p>\n<p>flow rate: 1 ml\/min; 80%B to 95%B, 10min<br \/>\nDetection wavelength: UV @ 280nm<\/p>\n<h2>High chemical stability<\/h2>\n<p>SHBC series polymer reversed-phase chromatography chemistry chemistry is composed of highly Crosslinked polystyrene\/divinylbenzene or highly crosslinked polymethacrylate with good temperature resistance over the full pH range (pH 1-14). The structural stability and performance stability of the microspheres can be maintained in extremely acidic solutions (such as 1M HCl) or extreme basic solutions (such as 1M NaOH) and organic solvents (including ethanol, methanol, acetonitrile, isopropyl alcohol, acetone, DMSO, tetrahydrofuran, etc.).<\/p>\n<h3>Choice of different polar chromatographic packing materials<\/h3>\n<p>SHBC series polymer reversed-phase chromatography chemistry chemistry is composed of highly translinked polystyrene\/divinylbenzene or highly cross-linked polymethacrylate. By adjusting the ratio of different matrices, we can provide polymer reversed-phase chromatography chemistry chemistry with different polarities, including PS, PSM and PMM<br \/>\nPolar filler, the polarity of the packing material is gradually enhanced.<\/p>\n<h3>Low backpressure and high column efficiency<\/h3>\n<p>SHBC series polymer reversed-phase chromatography packing materials have uniform particle size height and strong rigidity, so the column bed of the packed column is stable, and the number of plates with low SHBC10PS-300 backpressure chemistry can reach 50,000 N\/m.<\/p>\n<h3>Multiple options for chromatographic chemistry<\/h3>\n<p>The <span class=\"\" data-bm=\"1196\">purification<\/span> <span class=\"\" data-bm=\"1198\">process<\/span> <span class=\"\" data-bm=\"1200\">is<\/span> <span class=\"\" data-bm=\"1202\">basically<\/span> <span class=\"\" data-bm=\"1204\">divided<\/span> <span class=\"\" data-bm=\"1206\">into<\/span> <span class=\"\" data-bm=\"1208\">three<\/span> <span class=\"\" data-bm=\"1210\">separation<\/span> <span class=\"\" data-bm=\"1212\">steps<\/span><span class=\"\" data-bm=\"1213\">:<\/span> <span class=\"\" data-bm=\"1215\">coarse<\/span> <span class=\"\" data-bm=\"1217\">extraction<\/span><span class=\"\" data-bm=\"1218\">,<\/span> <span class=\"\" data-bm=\"1220\">intermediate<\/span> <span class=\"\" data-bm=\"1222\">purification<\/span> <span class=\"\" data-bm=\"1224\">and<\/span> <span class=\"\" data-bm=\"1226\">fine<\/span> <span class=\"\" data-bm=\"1228\">purification<\/span><span class=\"\" data-bm=\"1229\">.<\/span> Th<span class=\"\" data-bm=\"1231\">e S<\/span>H<span class=\"\" data-bm=\"1233\">BC s<\/span>e<span class=\"\" data-bm=\"1235\">ries o<\/span>f<span class=\"\" data-bm=\"1237\"> p<\/span>o<span class=\"\" data-bm=\"1239\">lymer r<\/span>e<span class=\"\" data-bm=\"1241\">versed-p<\/span>h<span class=\"\" data-bm=\"1243\">ase c<\/span>h<span class=\"\" data-bm=\"1245\">romatography c<\/span>h<span class=\"\" data-bm=\"1247\">emistry o<\/span>f<span class=\"\" data-bm=\"1249\">fers a<\/span> <span class=\"\" data-bm=\"1251\">c<\/span>h<span class=\"\" data-bm=\"1253\">oice o<\/span>f<span class=\"\" data-bm=\"1255\"> s<\/span>e<span class=\"\" data-bm=\"1257\">paration p<\/span>r<span class=\"\" data-bm=\"1259\">ocesses f<\/span>r<span class=\"\" data-bm=\"1261\">om c<\/span>o<span class=\"\" data-bm=\"1263\">arse e<\/span>x<span class=\"\" data-bm=\"1265\">traction, <\/span><span class=\"\" data-bm=\"1266\">i<\/span>n<span class=\"\" data-bm=\"1268\">termediate p<\/span>u<span class=\"\" data-bm=\"1270\">rification, <\/span><span class=\"\" data-bm=\"1271\">\u4e00\u4e2a<\/span>n<span class=\"\" data-bm=\"1273\">d f<\/span>i<span class=\"\" data-bm=\"1275\">ne p<\/span>u<span class=\"\" data-bm=\"1277\">rification o<\/span>f sa<span class=\"\" data-bm=\"1279\">mples.<br \/>\n<\/span><span class=\"\" data-bm=\"1280\"><br \/>\n<\/span>C<span class=\"\" data-bm=\"1282\">oarse <\/span>e<span class=\"\" data-bm=\"1284\">xtraction:<\/span> r<span class=\"\" data-bm=\"1287\">efers <\/span>t<span class=\"\" data-bm=\"1289\">o <\/span>t<span class=\"\" data-bm=\"1291\">he <\/span>c<span class=\"\" data-bm=\"1293\">apture <\/span>of t<span class=\"\" data-bm=\"1295\">he <\/span>t<span class=\"\" data-bm=\"1297\">arget <\/span>c<span class=\"\" data-bm=\"1299\">omponent <\/span>f<span class=\"\" data-bm=\"1301\">rom <\/span>t<span class=\"\" data-bm=\"1303\">he <\/span>s<span class=\"\" data-bm=\"1305\">ample <\/span>\u4e00\u4e2a<span class=\"\" data-bm=\"1307\">nd <\/span>t<span class=\"\" data-bm=\"1309\">he <\/span>p<span class=\"\" data-bm=\"1311\">reliminary <\/span>s<span class=\"\" data-bm=\"1313\">eparation <\/span>of t<span class=\"\" data-bm=\"1315\">he <\/span>t<span class=\"\" data-bm=\"1317\">arget <\/span>o<span class=\"\" data-bm=\"1319\">bject,<\/span> w<span class=\"\" data-bm=\"1322\">hich <\/span>i<span class=\"\" data-bm=\"1324\">s <\/span>a l<span class=\"\" data-bm=\"1328\">ow-<\/span><span class=\"\" data-bm=\"1329\">r<\/span><span class=\"\" data-bm=\"1330\">esolution <\/span>s<span class=\"\" data-bm=\"1332\">eparation <\/span>and p<span class=\"\" data-bm=\"1334\">urification,<\/span> \u4e00\u4e2a<span class=\"\" data-bm=\"1337\">nd <\/span>the p<span class=\"\" data-bm=\"1339\">urity <\/span>c<span class=\"\" data-bm=\"1341\">an <\/span>g<span class=\"\" data-bm=\"1343\">enerally <\/span>r<span class=\"\" data-bm=\"1345\">each <\/span>7<span class=\"\" data-bm=\"1347\">0~90%<\/span><span class=\"\" data-bm=\"1348\">.<\/span> C<span class=\"\" data-bm=\"1351\">hoose <\/span>f<span class=\"\" data-bm=\"1353\">rom <\/span>1<span class=\"\" data-bm=\"1355\">00 <\/span>\u03bc<span class=\"\" data-bm=\"1357\">m <\/span>S<span class=\"\" data-bm=\"1359\">HBC <\/span>S<span class=\"\" data-bm=\"1361\">eries <\/span>c<span class=\"\" data-bm=\"1363\">hromatography <\/span>p<span class=\"\" data-bm=\"1365\">acks.<\/span><\/p>\n<p>Intermediate purification: refers to removing most of the impurities from the captured target, which is a medium and high resolution separation purification, and the purity can reach 90~98%. Choose from 30 or 40 \u03bcm SHBC Series chromatography chemistry.<br \/>\nFine purification: refers to the target object reaching the expected purity, removing the substance similar to the target object structure, which is a high-resolution separation purification, and the purity can reach more than 98~99%. Choose from a 10 \u03bcm series of chromatography chemistry.<\/p>\n<h2>Specification of chromatography packing microspheres<\/h2>\n<table width=\"615\">\n<tbody>\n<tr>\n<td width=\"138\">\u4ea7\u54c1\u540d\u79f0<\/td>\n<td width=\"99\">Particle size\uff08\u03bcm\uff09<\/td>\n<td width=\"217\">aperture\uff08\u00c5\uff09<\/td>\n<td width=\"161\">Media composition<\/td>\n<\/tr>\n<tr>\n<td width=\"138\">PS\/DVB3UM<\/td>\n<td width=\"99\">3<\/td>\n<td width=\"217\">non-porous,100, 300, 500, 1000<\/td>\n<td width=\"161\">PS\/DVB<\/td>\n<\/tr>\n<tr>\n<td width=\"138\">PS\/DVB5UM<\/td>\n<td width=\"99\">5<\/td>\n<td width=\"217\">non-porous,100, 300, 500, 1000<\/td>\n<td width=\"161\">PS\/DVB<\/td>\n<\/tr>\n<tr>\n<td width=\"138\">PS\/DVB10UM<\/td>\n<td width=\"99\">10<\/td>\n<td width=\"217\">non-porous,100, 300, 500, 1000<\/td>\n<td width=\"161\">PS\/DVB<\/td>\n<\/tr>\n<tr>\n<td width=\"138\">PS\/DVB15UM<\/td>\n<td width=\"99\">15<\/td>\n<td width=\"217\">non-porous,100, 300, 500, 1000<\/td>\n<td width=\"161\">PS\/DVB<\/td>\n<\/tr>\n<tr>\n<td width=\"138\">PS\/DVB25UM<\/td>\n<td width=\"99\">25<\/td>\n<td width=\"217\">non-porous,100, 300, 500, 1000<\/td>\n<td width=\"161\">PS\/DVB<\/td>\n<\/tr>\n<tr>\n<td width=\"138\">PS\/DVB30UM<\/td>\n<td width=\"99\">30<\/td>\n<td width=\"217\">non-porous,100, 300, 500, 1000<\/td>\n<td width=\"161\">PS\/DVB<\/td>\n<\/tr>\n<tr>\n<td width=\"138\">PS\/DVB40UM<\/td>\n<td width=\"99\">40<\/td>\n<td width=\"217\">non-porous,100, 300, 500, 1000<\/td>\n<td width=\"161\">PS\/DVB<\/td>\n<\/tr>\n<tr>\n<td width=\"138\">PS\/DVB50UM<\/td>\n<td width=\"99\">50<\/td>\n<td width=\"217\">non-porous,100, 300, 500, 1000<\/td>\n<td width=\"161\">PS\/DVB<\/td>\n<\/tr>\n<tr>\n<td width=\"138\">PS\/DVB60UM<\/td>\n<td width=\"99\">60<\/td>\n<td width=\"217\">non-porous,100, 300, 500, 1000<\/td>\n<td width=\"161\">PS\/DVB<\/td>\n<\/tr>\n<tr>\n<td width=\"138\">PS\/DVB100UM<\/td>\n<td width=\"99\">100<\/td>\n<td width=\"217\">non-porous,100, 300, 500, 1000<\/td>\n<td width=\"161\">PS\/DVB<\/td>\n<\/tr>\n<tr>\n<td width=\"138\">PS\/DVB200UM<\/td>\n<td width=\"99\">200<\/td>\n<td width=\"217\">non-porous,100, 300, 500, 1000<\/td>\n<td width=\"161\">PS\/DVB<\/td>\n<\/tr>\n<tr>\n<td width=\"138\">PSM\/DVB3UM<\/td>\n<td width=\"99\">3<\/td>\n<td width=\"217\">non-porous,100, 300, 500, 1000<\/td>\n<td width=\"161\">Poly DVB\/acrylate<\/td>\n<\/tr>\n<tr>\n<td width=\"138\">PSM\/DVB5UM<\/td>\n<td width=\"99\">5<\/td>\n<td width=\"217\">non-porous,100, 300, 500, 1000<\/td>\n<td width=\"161\">Poly DVB\/acrylate<\/td>\n<\/tr>\n<tr>\n<td width=\"138\">PSM\/DVB10UM<\/td>\n<td width=\"99\">10<\/td>\n<td width=\"217\">non-porous,100, 300, 500, 1000<\/td>\n<td width=\"161\">Poly DVB\/acrylate<\/td>\n<\/tr>\n<tr>\n<td width=\"138\">PSM\/DVB15UM<\/td>\n<td width=\"99\">15<\/td>\n<td width=\"217\">non-porous,100, 300, 500, 1000<\/td>\n<td width=\"161\">Poly DVB\/acrylate<\/td>\n<\/tr>\n<tr>\n<td width=\"138\">PSM\/DVB25UM<\/td>\n<td width=\"99\">25<\/td>\n<td width=\"217\">non-porous,100, 300, 500, 1000<\/td>\n<td width=\"161\">Poly DVB\/acrylate<\/td>\n<\/tr>\n<tr>\n<td width=\"138\">PSM\/DVB30UM<\/td>\n<td width=\"99\">30<\/td>\n<td width=\"217\">non-porous,100, 300, 500, 1000<\/td>\n<td width=\"161\">Poly DVB\/acrylate<\/td>\n<\/tr>\n<tr>\n<td width=\"138\">PSM\/DVB40UM<\/td>\n<td width=\"99\">40<\/td>\n<td width=\"217\">non-porous,100, 300, 500, 1000<\/td>\n<td width=\"161\">Poly DVB\/acrylate<\/td>\n<\/tr>\n<tr>\n<td width=\"138\">PSM\/DVB50UM<\/td>\n<td width=\"99\">50<\/td>\n<td width=\"217\">non-porous,100, 300, 500, 1000<\/td>\n<td width=\"161\">Poly DVB\/acrylate<\/td>\n<\/tr>\n<tr>\n<td width=\"138\">PSM\/DVB60UM<\/td>\n<td width=\"99\">60<\/td>\n<td width=\"217\">non-porous,100, 300, 500, 1000<\/td>\n<td width=\"161\">Poly DVB\/acrylate<\/td>\n<\/tr>\n<tr>\n<td width=\"138\">PSM\/DVB100UM<\/td>\n<td width=\"99\">100<\/td>\n<td width=\"217\">non-porous,100, 300, 500, 1000<\/td>\n<td width=\"161\">Poly DVB\/acrylate<\/td>\n<\/tr>\n<tr>\n<td width=\"138\">PSM\/DVB200UM<\/td>\n<td width=\"99\">200<\/td>\n<td width=\"217\">non-porous,100, 300, 500, 1000<\/td>\n<td width=\"161\">Poly DVB\/acrylate<\/td>\n<\/tr>\n<tr>\n<td width=\"138\">PMM3UM<\/td>\n<td width=\"99\">3<\/td>\n<td width=\"217\">non-porous,100, 300, 500, 1000<\/td>\n<td width=\"161\">Polyacrylate<\/td>\n<\/tr>\n<tr>\n<td width=\"138\">PMM5UM<\/td>\n<td width=\"99\">5<\/td>\n<td width=\"217\">non-porous,100, 300, 500, 1000<\/td>\n<td width=\"161\">Polyacrylate<\/td>\n<\/tr>\n<tr>\n<td width=\"138\">PMM10UM<\/td>\n<td width=\"99\">10<\/td>\n<td width=\"217\">non-porous,100, 300, 500, 1000<\/td>\n<td width=\"161\">Polyacrylate<\/td>\n<\/tr>\n<tr>\n<td width=\"138\">PMM15UM<\/td>\n<td width=\"99\">15<\/td>\n<td width=\"217\">non-porous,100, 300, 500, 1000<\/td>\n<td width=\"161\">Polyacrylate<\/td>\n<\/tr>\n<tr>\n<td width=\"138\">PMM25UM<\/td>\n<td width=\"99\">25<\/td>\n<td width=\"217\">non-porous,100, 300, 500, 1000<\/td>\n<td width=\"161\">Polyacrylate<\/td>\n<\/tr>\n<tr>\n<td width=\"138\">PMM30UM<\/td>\n<td width=\"99\">30<\/td>\n<td width=\"217\">non-porous,100, 300, 500, 1000<\/td>\n<td width=\"161\">Polyacrylate<\/td>\n<\/tr>\n<tr>\n<td width=\"138\">PMM40UM<\/td>\n<td width=\"99\">40<\/td>\n<td width=\"217\">non-porous,100, 300, 500, 1000<\/td>\n<td width=\"161\">Polyacrylate<\/td>\n<\/tr>\n<tr>\n<td width=\"138\">PMM50UM<\/td>\n<td width=\"99\">50<\/td>\n<td width=\"217\">non-porous,100, 300, 500, 1000<\/td>\n<td width=\"161\">Polyacrylate<\/td>\n<\/tr>\n<tr>\n<td width=\"138\">PMM60UM<\/td>\n<td width=\"99\">60<\/td>\n<td width=\"217\">non-porous,100, 300, 500, 1000<\/td>\n<td width=\"161\">Polyacrylate<\/td>\n<\/tr>\n<tr>\n<td width=\"138\">PMM100UM<\/td>\n<td width=\"99\">100<\/td>\n<td width=\"217\">non-porous,100, 300, 500, 1000<\/td>\n<td width=\"161\">Polyacrylate<\/td>\n<\/tr>\n<tr>\n<td width=\"138\">PMM200UM<\/td>\n<td width=\"99\">200<\/td>\n<td width=\"217\">non-porous, 100, 300, 500, 1000<\/td>\n<td width=\"161\">Polyacrylate<\/td>\n<\/tr>\n<\/tbody>\n<\/table>\n<p>&nbsp;<\/p>","protected":false},"excerpt":{"rendered":"<p>SHBC uses the world&#8217;s leading microsphere synthesis technology to prepare two complementary high-performance polymer reversed-phase chromatography chemistry chemistries based on polystyrene\/divinylbenzene and polymethacrylate matrix, which have the characteristics of strong rigidity, uniform particle size, low backpressure, and acid and alkali resistance. SHBC polymer reversed-phase chromatography chemistry chemistry chemistry is available in different particle size sizes (3 \u03bcm, 5 \u03bcm, 10 \u03bcm, 15 \u03bcm, 20 \u03bcm, 25 \u03bcm, 30 \u03bcm, 40 \u03bcm and 50 \u03bcm) and optimized pore size structures (100 \u00c5, 300 \u00c5, 500 \u00c5 and 1000 \u00c5 pore sizes) and non-porous structures to meet a wide range of needs from laboratory analysis to large-scale industrial separations such as natural products, antibiotics, organic compounds, peptides, protees and oligonucleotides Efficient separation of sublimina.<br \/>\nFeatures of polymer reversed-phase chromatography packing materials:<br \/>\n\u2022 1. Spherical shape, uniform particle size and height<br \/>\n\u2022 2. High chemical stability and wide pH range (pH=1-14)<br \/>\n\u2022 3. Optimized pore size structure<br \/>\n\u2022 4. High specific surface volume and high load<br \/>\n\u2022 5. High mechanical strength<br \/>\n\u2022 6. Low backpressure and high column efficiency<br \/>\n\u2022 7. Selection of different polar substrates<\/p>","protected":false},"featured_media":6279,"template":"","meta":{"nf_dc_page":"","site-sidebar-layout":"default","site-content-layout":"","ast-site-content-layout":"default","site-content-style":"default","site-sidebar-style":"default","ast-global-header-display":"","ast-banner-title-visibility":"","ast-main-header-display":"","ast-hfb-above-header-display":"","ast-hfb-below-header-display":"","ast-hfb-mobile-header-display":"","site-post-title":"","ast-breadcrumbs-content":"","ast-featured-img":"","footer-sml-layout":"","ast-disable-related-posts":"","theme-transparent-header-meta":"default","adv-header-id-meta":"","stick-header-meta":"","header-above-stick-meta":"","header-main-stick-meta":"","header-below-stick-meta":"","astra-migrate-meta-layouts":"set","ast-page-background-enabled":"default","ast-page-background-meta":{"desktop":{"background-color":"","background-image":"","background-repeat":"repeat","background-position":"center center","background-size":"auto","background-attachment":"scroll","background-type":"","background-media":"","overlay-type":"","overlay-color":"","overlay-opacity":"","overlay-gradient":""},"tablet":{"background-color":"","background-image":"","background-repeat":"repeat","background-position":"center center","background-size":"auto","background-attachment":"scroll","background-type":"","background-media":"","overlay-type":"","overlay-color":"","overlay-opacity":"","overlay-gradient":""},"mobile":{"background-color":"","background-image":"","background-repeat":"repeat","background-position":"center center","background-size":"auto","background-attachment":"scroll","background-type":"","background-media":"","overlay-type":"","overlay-color":"","overlay-opacity":"","overlay-gradient":""}},"ast-content-background-meta":{"desktop":{"background-color":"var(--ast-global-color-5)","background-image":"","background-repeat":"repeat","background-position":"center center","background-size":"auto","background-attachment":"scroll","background-type":"","background-media":"","overlay-type":"","overlay-color":"","overlay-opacity":"","overlay-gradient":""},"tablet":{"background-color":"var(--ast-global-color-5)","background-image":"","background-repeat":"repeat","background-position":"center center","background-size":"auto","background-attachment":"scroll","background-type":"","background-media":"","overlay-type":"","overlay-color":"","overlay-opacity":"","overlay-gradient":""},"mobile":{"background-color":"var(--ast-global-color-5)","background-image":"","background-repeat":"repeat","background-position":"center center","background-size":"auto","background-attachment":"scroll","background-type":"","background-media":"","overlay-type":"","overlay-color":"","overlay-opacity":"","overlay-gradient":""}}},"product_brand":[],"product_cat":[39],"product_tag":[],"class_list":{"0":"post-6278","1":"product","2":"type-product","3":"status-publish","4":"has-post-thumbnail","6":"product_cat-polymer-reversed-phase-chromatography-packing-microspheres","7":"desktop-align-left","8":"tablet-align-left","9":"mobile-align-left","11":"first","12":"instock","13":"shipping-taxable","14":"product-type-simple"},"_links":{"self":[{"href":"https:\/\/nanomicronspheres.com\/zh\/wp-json\/wp\/v2\/product\/6278","targetHints":{"allow":["GET"]}}],"collection":[{"href":"https:\/\/nanomicronspheres.com\/zh\/wp-json\/wp\/v2\/product"}],"about":[{"href":"https:\/\/nanomicronspheres.com\/zh\/wp-json\/wp\/v2\/types\/product"}],"wp:featuredmedia":[{"embeddable":true,"href":"https:\/\/nanomicronspheres.com\/zh\/wp-json\/wp\/v2\/media\/6279"}],"wp:attachment":[{"href":"https:\/\/nanomicronspheres.com\/zh\/wp-json\/wp\/v2\/media?parent=6278"}],"wp:term":[{"taxonomy":"product_brand","embeddable":true,"href":"https:\/\/nanomicronspheres.com\/zh\/wp-json\/wp\/v2\/product_brand?post=6278"},{"taxonomy":"product_cat","embeddable":true,"href":"https:\/\/nanomicronspheres.com\/zh\/wp-json\/wp\/v2\/product_cat?post=6278"},{"taxonomy":"product_tag","embeddable":true,"href":"https:\/\/nanomicronspheres.com\/zh\/wp-json\/wp\/v2\/product_tag?post=6278"}],"curies":[{"name":"wp","href":"https:\/\/api.w.org\/{rel}","templated":true}]}}